{"id":1121,"date":"2025-07-07T14:53:28","date_gmt":"2025-07-07T14:53:28","guid":{"rendered":"https:\/\/dtx.metu.edu.tr\/?page_id=1121"},"modified":"2025-07-07T14:53:28","modified_gmt":"2025-07-07T14:53:28","slug":"opening-event-opening-cerenomy","status":"publish","type":"page","link":"https:\/\/dtx.metu.edu.tr\/tr\/gallery\/opening-event-opening-cerenomy\/","title":{"rendered":"A\u00e7\u0131l\u0131\u015f Etkinli\u011fi ve A\u00e7\u0131l\u0131\u015f T\u00f6reni"},"content":{"rendered":"<section class=\"l-section wpb_row us_custom_730145b9 height_medium width_full with_img\"><div class=\"l-section-img\" role=\"img\" data-img-width=\"8000\" data-img-height=\"3408\" style=\"background-image: url(https:\/\/dtx.metu.edu.tr\/wp-content\/uploads\/2024\/07\/slider-bg.png?wsr);\"><\/div><div class=\"l-section-h i-cf\"><div class=\"g-cols vc_row via_grid cols_1 laptops-cols_inherit tablets-cols_inherit mobiles-cols_1 valign_top type_default stacking_default\"><div class=\"wpb_column vc_column_container\"><div class=\"vc_column-inner\"><h2 class=\"w-post-elm post_title us_custom_69a0ebf9 has_text_color entry-title color_link_inherit\">A\u00e7\u0131l\u0131\u015f Etkinli\u011fi ve A\u00e7\u0131l\u0131\u015f T\u00f6reni<\/h2><\/div><\/div><\/div><\/div><\/section><section class=\"l-section wpb_row height_medium\"><div class=\"l-section-h i-cf\"><div class=\"g-cols vc_row via_grid cols_1 laptops-cols_inherit tablets-cols_inherit mobiles-cols_1 valign_top type_default stacking_default\"><div class=\"wpb_column vc_column_container\"><div class=\"vc_column-inner\"><div class=\"w-gallery fit_cover type_grid action_popup_image ratio_1x1 count_17\" style=\"--columns:4;--items-gap:10px;\"><div class=\"w-gallery-list\"><div class=\"w-gallery-item\"><div class=\"w-gallery-item-img\"><img loading=\"lazy\" decoding=\"async\" width=\"1024\" height=\"683\" src=\"https:\/\/dtx.metu.edu.tr\/wp-content\/uploads\/2025\/07\/IMG_7715-1024x683.jpg?wsr\" class=\"attachment-large size-large\" alt=\"\" srcset=\"https:\/\/dtx.metu.edu.tr\/wp-content\/uploads\/2025\/07\/IMG_7715-1024x683.jpg 1024w, https:\/\/dtx.metu.edu.tr\/wp-content\/uploads\/2025\/07\/IMG_7715-300x200.jpg 300w, https:\/\/dtx.metu.edu.tr\/wp-content\/uploads\/2025\/07\/IMG_7715-18x12.jpg 18w, https:\/\/dtx.metu.edu.tr\/wp-content\/uploads\/2025\/07\/IMG_7715.jpg 1600w\" sizes=\"auto, (max-width: 1024px) 100vw, 1024px\" \/><\/div><a class=\"w-gallery-item-link\" aria-label=\"IMG_7715\" href=\"https:\/\/dtx.metu.edu.tr\/wp-content\/uploads\/2025\/07\/IMG_7715.jpg\"><\/a><\/div><div class=\"w-gallery-item\"><div class=\"w-gallery-item-img\"><img loading=\"lazy\" decoding=\"async\" width=\"1024\" height=\"683\" src=\"https:\/\/dtx.metu.edu.tr\/wp-content\/uploads\/2025\/07\/IMG_7716-1024x683.jpg?wsr\" class=\"attachment-large size-large\" alt=\"\" srcset=\"https:\/\/dtx.metu.edu.tr\/wp-content\/uploads\/2025\/07\/IMG_7716-1024x683.jpg 1024w, https:\/\/dtx.metu.edu.tr\/wp-content\/uploads\/2025\/07\/IMG_7716-300x200.jpg 300w, https:\/\/dtx.metu.edu.tr\/wp-content\/uploads\/2025\/07\/IMG_7716-18x12.jpg 18w, https:\/\/dtx.metu.edu.tr\/wp-content\/uploads\/2025\/07\/IMG_7716.jpg 1600w\" sizes=\"auto, (max-width: 1024px) 100vw, 1024px\" \/><\/div><a class=\"w-gallery-item-link\" aria-label=\"IMG_7716\" href=\"https:\/\/dtx.metu.edu.tr\/wp-content\/uploads\/2025\/07\/IMG_7716.jpg\"><\/a><\/div><div class=\"w-gallery-item\"><div class=\"w-gallery-item-img\"><img loading=\"lazy\" decoding=\"async\" width=\"1024\" height=\"683\" src=\"https:\/\/dtx.metu.edu.tr\/wp-content\/uploads\/2025\/07\/IMG_7717-1024x683.jpg?wsr\" class=\"attachment-large size-large\" alt=\"\" srcset=\"https:\/\/dtx.metu.edu.tr\/wp-content\/uploads\/2025\/07\/IMG_7717-1024x683.jpg 1024w, https:\/\/dtx.metu.edu.tr\/wp-content\/uploads\/2025\/07\/IMG_7717-300x200.jpg 300w, https:\/\/dtx.metu.edu.tr\/wp-content\/uploads\/2025\/07\/IMG_7717-18x12.jpg 18w, https:\/\/dtx.metu.edu.tr\/wp-content\/uploads\/2025\/07\/IMG_7717.jpg 1600w\" sizes=\"auto, (max-width: 1024px) 100vw, 1024px\" \/><\/div><a class=\"w-gallery-item-link\" aria-label=\"IMG_7717\" href=\"https:\/\/dtx.metu.edu.tr\/wp-content\/uploads\/2025\/07\/IMG_7717.jpg\"><\/a><\/div><div class=\"w-gallery-item\"><div class=\"w-gallery-item-img\"><img loading=\"lazy\" decoding=\"async\" width=\"1024\" height=\"683\" src=\"https:\/\/dtx.metu.edu.tr\/wp-content\/uploads\/2025\/07\/IMG_7721-1024x683.jpg?wsr\" class=\"attachment-large size-large\" alt=\"\" srcset=\"https:\/\/dtx.metu.edu.tr\/wp-content\/uploads\/2025\/07\/IMG_7721-1024x683.jpg 1024w, https:\/\/dtx.metu.edu.tr\/wp-content\/uploads\/2025\/07\/IMG_7721-300x200.jpg 300w, https:\/\/dtx.metu.edu.tr\/wp-content\/uploads\/2025\/07\/IMG_7721-18x12.jpg 18w, https:\/\/dtx.metu.edu.tr\/wp-content\/uploads\/2025\/07\/IMG_7721.jpg 1600w\" sizes=\"auto, (max-width: 1024px) 100vw, 1024px\" \/><\/div><a class=\"w-gallery-item-link\" aria-label=\"IMG_7721\" href=\"https:\/\/dtx.metu.edu.tr\/wp-content\/uploads\/2025\/07\/IMG_7721.jpg\"><\/a><\/div><div class=\"w-gallery-item\"><div class=\"w-gallery-item-img\"><img loading=\"lazy\" decoding=\"async\" width=\"1024\" height=\"683\" src=\"https:\/\/dtx.metu.edu.tr\/wp-content\/uploads\/2025\/07\/IMG_7726-1024x683.jpg?wsr\" class=\"attachment-large size-large\" alt=\"\" srcset=\"https:\/\/dtx.metu.edu.tr\/wp-content\/uploads\/2025\/07\/IMG_7726-1024x683.jpg 1024w, https:\/\/dtx.metu.edu.tr\/wp-content\/uploads\/2025\/07\/IMG_7726-300x200.jpg 300w, https:\/\/dtx.metu.edu.tr\/wp-content\/uploads\/2025\/07\/IMG_7726-18x12.jpg 18w, https:\/\/dtx.metu.edu.tr\/wp-content\/uploads\/2025\/07\/IMG_7726.jpg 1600w\" sizes=\"auto, (max-width: 1024px) 100vw, 1024px\" \/><\/div><a class=\"w-gallery-item-link\" aria-label=\"IMG_7726\" href=\"https:\/\/dtx.metu.edu.tr\/wp-content\/uploads\/2025\/07\/IMG_7726.jpg\"><\/a><\/div><div class=\"w-gallery-item\"><div class=\"w-gallery-item-img\"><img loading=\"lazy\" decoding=\"async\" width=\"1024\" height=\"683\" src=\"https:\/\/dtx.metu.edu.tr\/wp-content\/uploads\/2025\/07\/IMG_7727-1024x683.jpg?wsr\" class=\"attachment-large size-large\" alt=\"\" srcset=\"https:\/\/dtx.metu.edu.tr\/wp-content\/uploads\/2025\/07\/IMG_7727-1024x683.jpg 1024w, https:\/\/dtx.metu.edu.tr\/wp-content\/uploads\/2025\/07\/IMG_7727-300x200.jpg 300w, https:\/\/dtx.metu.edu.tr\/wp-content\/uploads\/2025\/07\/IMG_7727-18x12.jpg 18w, https:\/\/dtx.metu.edu.tr\/wp-content\/uploads\/2025\/07\/IMG_7727.jpg 1600w\" sizes=\"auto, (max-width: 1024px) 100vw, 1024px\" \/><\/div><a class=\"w-gallery-item-link\" aria-label=\"IMG_7727\" href=\"https:\/\/dtx.metu.edu.tr\/wp-content\/uploads\/2025\/07\/IMG_7727.jpg\"><\/a><\/div><div class=\"w-gallery-item\"><div class=\"w-gallery-item-img\"><img loading=\"lazy\" decoding=\"async\" width=\"1024\" height=\"683\" src=\"https:\/\/dtx.metu.edu.tr\/wp-content\/uploads\/2025\/07\/IMG_7732-1024x683.jpg?wsr\" class=\"attachment-large size-large\" alt=\"\" srcset=\"https:\/\/dtx.metu.edu.tr\/wp-content\/uploads\/2025\/07\/IMG_7732-1024x683.jpg 1024w, https:\/\/dtx.metu.edu.tr\/wp-content\/uploads\/2025\/07\/IMG_7732-300x200.jpg 300w, https:\/\/dtx.metu.edu.tr\/wp-content\/uploads\/2025\/07\/IMG_7732-18x12.jpg 18w, https:\/\/dtx.metu.edu.tr\/wp-content\/uploads\/2025\/07\/IMG_7732.jpg 1600w\" sizes=\"auto, (max-width: 1024px) 100vw, 1024px\" \/><\/div><a class=\"w-gallery-item-link\" aria-label=\"IMG_7732\" href=\"https:\/\/dtx.metu.edu.tr\/wp-content\/uploads\/2025\/07\/IMG_7732.jpg\"><\/a><\/div><div class=\"w-gallery-item\"><div class=\"w-gallery-item-img\"><img loading=\"lazy\" decoding=\"async\" width=\"1024\" height=\"683\" src=\"https:\/\/dtx.metu.edu.tr\/wp-content\/uploads\/2025\/07\/IMG_7736-1024x683.jpg?wsr\" class=\"attachment-large size-large\" alt=\"\" srcset=\"https:\/\/dtx.metu.edu.tr\/wp-content\/uploads\/2025\/07\/IMG_7736-1024x683.jpg 1024w, https:\/\/dtx.metu.edu.tr\/wp-content\/uploads\/2025\/07\/IMG_7736-300x200.jpg 300w, https:\/\/dtx.metu.edu.tr\/wp-content\/uploads\/2025\/07\/IMG_7736-18x12.jpg 18w, https:\/\/dtx.metu.edu.tr\/wp-content\/uploads\/2025\/07\/IMG_7736.jpg 1600w\" sizes=\"auto, (max-width: 1024px) 100vw, 1024px\" \/><\/div><a class=\"w-gallery-item-link\" aria-label=\"IMG_7736\" href=\"https:\/\/dtx.metu.edu.tr\/wp-content\/uploads\/2025\/07\/IMG_7736.jpg\"><\/a><\/div><div class=\"w-gallery-item\"><div class=\"w-gallery-item-img\"><img loading=\"lazy\" decoding=\"async\" width=\"1024\" height=\"683\" src=\"https:\/\/dtx.metu.edu.tr\/wp-content\/uploads\/2025\/07\/IMG_7739-1024x683.jpg?wsr\" class=\"attachment-large size-large\" alt=\"\" srcset=\"https:\/\/dtx.metu.edu.tr\/wp-content\/uploads\/2025\/07\/IMG_7739-1024x683.jpg 1024w, https:\/\/dtx.metu.edu.tr\/wp-content\/uploads\/2025\/07\/IMG_7739-300x200.jpg 300w, https:\/\/dtx.metu.edu.tr\/wp-content\/uploads\/2025\/07\/IMG_7739-18x12.jpg 18w, https:\/\/dtx.metu.edu.tr\/wp-content\/uploads\/2025\/07\/IMG_7739.jpg 1600w\" sizes=\"auto, (max-width: 1024px) 100vw, 1024px\" \/><\/div><a class=\"w-gallery-item-link\" aria-label=\"IMG_7739\" href=\"https:\/\/dtx.metu.edu.tr\/wp-content\/uploads\/2025\/07\/IMG_7739.jpg\"><\/a><\/div><div class=\"w-gallery-item\"><div class=\"w-gallery-item-img\"><img loading=\"lazy\" decoding=\"async\" width=\"1024\" height=\"682\" src=\"https:\/\/dtx.metu.edu.tr\/wp-content\/uploads\/2025\/07\/IMG_7740-1024x682.jpg?wsr\" class=\"attachment-large size-large\" alt=\"\" srcset=\"https:\/\/dtx.metu.edu.tr\/wp-content\/uploads\/2025\/07\/IMG_7740-1024x682.jpg 1024w, https:\/\/dtx.metu.edu.tr\/wp-content\/uploads\/2025\/07\/IMG_7740-300x200.jpg 300w, https:\/\/dtx.metu.edu.tr\/wp-content\/uploads\/2025\/07\/IMG_7740-18x12.jpg 18w, https:\/\/dtx.metu.edu.tr\/wp-content\/uploads\/2025\/07\/IMG_7740.jpg 1600w\" sizes=\"auto, (max-width: 1024px) 100vw, 1024px\" \/><\/div><a class=\"w-gallery-item-link\" aria-label=\"IMG_7740\" href=\"https:\/\/dtx.metu.edu.tr\/wp-content\/uploads\/2025\/07\/IMG_7740.jpg\"><\/a><\/div><div class=\"w-gallery-item\"><div class=\"w-gallery-item-img\"><img loading=\"lazy\" decoding=\"async\" width=\"1024\" height=\"683\" src=\"https:\/\/dtx.metu.edu.tr\/wp-content\/uploads\/2025\/07\/IMG_7741-1024x683.jpg?wsr\" class=\"attachment-large size-large\" alt=\"\" srcset=\"https:\/\/dtx.metu.edu.tr\/wp-content\/uploads\/2025\/07\/IMG_7741-1024x683.jpg 1024w, https:\/\/dtx.metu.edu.tr\/wp-content\/uploads\/2025\/07\/IMG_7741-300x200.jpg 300w, https:\/\/dtx.metu.edu.tr\/wp-content\/uploads\/2025\/07\/IMG_7741-18x12.jpg 18w, https:\/\/dtx.metu.edu.tr\/wp-content\/uploads\/2025\/07\/IMG_7741.jpg 1600w\" sizes=\"auto, (max-width: 1024px) 100vw, 1024px\" \/><\/div><a class=\"w-gallery-item-link\" aria-label=\"IMG_7741\" href=\"https:\/\/dtx.metu.edu.tr\/wp-content\/uploads\/2025\/07\/IMG_7741.jpg\"><\/a><\/div><div class=\"w-gallery-item\"><div class=\"w-gallery-item-img\"><img loading=\"lazy\" decoding=\"async\" width=\"1024\" height=\"683\" src=\"https:\/\/dtx.metu.edu.tr\/wp-content\/uploads\/2025\/07\/IMG_7743-1024x683.jpg?wsr\" class=\"attachment-large size-large\" alt=\"\" srcset=\"https:\/\/dtx.metu.edu.tr\/wp-content\/uploads\/2025\/07\/IMG_7743-1024x683.jpg 1024w, https:\/\/dtx.metu.edu.tr\/wp-content\/uploads\/2025\/07\/IMG_7743-300x200.jpg 300w, https:\/\/dtx.metu.edu.tr\/wp-content\/uploads\/2025\/07\/IMG_7743-18x12.jpg 18w, https:\/\/dtx.metu.edu.tr\/wp-content\/uploads\/2025\/07\/IMG_7743.jpg 1600w\" sizes=\"auto, (max-width: 1024px) 100vw, 1024px\" \/><\/div><a class=\"w-gallery-item-link\" aria-label=\"IMG_7743\" href=\"https:\/\/dtx.metu.edu.tr\/wp-content\/uploads\/2025\/07\/IMG_7743.jpg\"><\/a><\/div><div class=\"w-gallery-item\"><div class=\"w-gallery-item-img\"><img loading=\"lazy\" decoding=\"async\" width=\"1024\" height=\"683\" src=\"https:\/\/dtx.metu.edu.tr\/wp-content\/uploads\/2025\/07\/IMG_7744-1024x683.jpg?wsr\" class=\"attachment-large size-large\" alt=\"\" srcset=\"https:\/\/dtx.metu.edu.tr\/wp-content\/uploads\/2025\/07\/IMG_7744-1024x683.jpg 1024w, https:\/\/dtx.metu.edu.tr\/wp-content\/uploads\/2025\/07\/IMG_7744-300x200.jpg 300w, https:\/\/dtx.metu.edu.tr\/wp-content\/uploads\/2025\/07\/IMG_7744-18x12.jpg 18w, https:\/\/dtx.metu.edu.tr\/wp-content\/uploads\/2025\/07\/IMG_7744.jpg 1600w\" sizes=\"auto, (max-width: 1024px) 100vw, 1024px\" \/><\/div><a class=\"w-gallery-item-link\" aria-label=\"IMG_7744\" href=\"https:\/\/dtx.metu.edu.tr\/wp-content\/uploads\/2025\/07\/IMG_7744.jpg\"><\/a><\/div><div class=\"w-gallery-item\"><div class=\"w-gallery-item-img\"><img loading=\"lazy\" decoding=\"async\" width=\"1024\" height=\"683\" src=\"https:\/\/dtx.metu.edu.tr\/wp-content\/uploads\/2025\/07\/IMG_7746-1024x683.jpg?wsr\" class=\"attachment-large size-large\" alt=\"\" srcset=\"https:\/\/dtx.metu.edu.tr\/wp-content\/uploads\/2025\/07\/IMG_7746-1024x683.jpg 1024w, https:\/\/dtx.metu.edu.tr\/wp-content\/uploads\/2025\/07\/IMG_7746-300x200.jpg 300w, https:\/\/dtx.metu.edu.tr\/wp-content\/uploads\/2025\/07\/IMG_7746-18x12.jpg 18w, https:\/\/dtx.metu.edu.tr\/wp-content\/uploads\/2025\/07\/IMG_7746.jpg 1600w\" sizes=\"auto, (max-width: 1024px) 100vw, 1024px\" \/><\/div><a class=\"w-gallery-item-link\" aria-label=\"IMG_7746\" href=\"https:\/\/dtx.metu.edu.tr\/wp-content\/uploads\/2025\/07\/IMG_7746.jpg\"><\/a><\/div><div class=\"w-gallery-item\"><div class=\"w-gallery-item-img\"><img loading=\"lazy\" decoding=\"async\" width=\"1024\" height=\"683\" src=\"https:\/\/dtx.metu.edu.tr\/wp-content\/uploads\/2025\/07\/IMG_7750-1024x683.jpg?wsr\" class=\"attachment-large size-large\" alt=\"\" srcset=\"https:\/\/dtx.metu.edu.tr\/wp-content\/uploads\/2025\/07\/IMG_7750-1024x683.jpg 1024w, https:\/\/dtx.metu.edu.tr\/wp-content\/uploads\/2025\/07\/IMG_7750-300x200.jpg 300w, https:\/\/dtx.metu.edu.tr\/wp-content\/uploads\/2025\/07\/IMG_7750-18x12.jpg 18w, https:\/\/dtx.metu.edu.tr\/wp-content\/uploads\/2025\/07\/IMG_7750.jpg 1600w\" sizes=\"auto, (max-width: 1024px) 100vw, 1024px\" \/><\/div><a class=\"w-gallery-item-link\" aria-label=\"IMG_7750\" href=\"https:\/\/dtx.metu.edu.tr\/wp-content\/uploads\/2025\/07\/IMG_7750.jpg\"><\/a><\/div><div class=\"w-gallery-item\"><div class=\"w-gallery-item-img\"><img loading=\"lazy\" decoding=\"async\" width=\"1024\" height=\"683\" src=\"https:\/\/dtx.metu.edu.tr\/wp-content\/uploads\/2025\/07\/IMG_7756-1024x683.jpg?wsr\" class=\"attachment-large size-large\" alt=\"\" srcset=\"https:\/\/dtx.metu.edu.tr\/wp-content\/uploads\/2025\/07\/IMG_7756-1024x683.jpg 1024w, https:\/\/dtx.metu.edu.tr\/wp-content\/uploads\/2025\/07\/IMG_7756-300x200.jpg 300w, https:\/\/dtx.metu.edu.tr\/wp-content\/uploads\/2025\/07\/IMG_7756-18x12.jpg 18w, https:\/\/dtx.metu.edu.tr\/wp-content\/uploads\/2025\/07\/IMG_7756.jpg 1600w\" sizes=\"auto, (max-width: 1024px) 100vw, 1024px\" \/><\/div><a class=\"w-gallery-item-link\" aria-label=\"IMG_7756\" href=\"https:\/\/dtx.metu.edu.tr\/wp-content\/uploads\/2025\/07\/IMG_7756.jpg\"><\/a><\/div><div class=\"w-gallery-item\"><div class=\"w-gallery-item-img\"><img loading=\"lazy\" decoding=\"async\" width=\"1024\" height=\"683\" src=\"https:\/\/dtx.metu.edu.tr\/wp-content\/uploads\/2025\/07\/IMG_7757-1024x683.jpg?wsr\" class=\"attachment-large size-large\" alt=\"\" srcset=\"https:\/\/dtx.metu.edu.tr\/wp-content\/uploads\/2025\/07\/IMG_7757-1024x683.jpg 1024w, https:\/\/dtx.metu.edu.tr\/wp-content\/uploads\/2025\/07\/IMG_7757-300x200.jpg 300w, https:\/\/dtx.metu.edu.tr\/wp-content\/uploads\/2025\/07\/IMG_7757-18x12.jpg 18w, https:\/\/dtx.metu.edu.tr\/wp-content\/uploads\/2025\/07\/IMG_7757.jpg 1600w\" sizes=\"auto, (max-width: 1024px) 100vw, 1024px\" \/><\/div><a class=\"w-gallery-item-link\" aria-label=\"IMG_7757\" href=\"https:\/\/dtx.metu.edu.tr\/wp-content\/uploads\/2025\/07\/IMG_7757.jpg\"><\/a><\/div><\/div><\/div><\/div><\/div><\/div><\/div><\/section>","protected":false},"excerpt":{"rendered":"A\u00e7\u0131l\u0131\u015f Etkinli\u011fi ve A\u00e7\u0131l\u0131\u015f T\u00f6reni","protected":false},"author":1,"featured_media":0,"parent":275,"menu_order":0,"comment_status":"closed","ping_status":"closed","template":"","meta":{"_acf_changed":false,"footnotes":""},"class_list":["post-1121","page","type-page","status-publish","hentry"],"acf":[],"yoast_head":"<!-- This site is optimized with the Yoast SEO plugin v25.0 - https:\/\/yoast.com\/wordpress\/plugins\/seo\/ -->\n<title>Opening Event &amp; Opening Cerenomy - METU-DTX<\/title>\n<meta name=\"robots\" content=\"index, follow, max-snippet:-1, max-image-preview:large, max-video-preview:-1\" \/>\n<link rel=\"canonical\" href=\"https:\/\/dtx.metu.edu.tr\/tr\/gallery\/opening-event-opening-cerenomy\/\" \/>\n<meta property=\"og:locale\" content=\"tr_TR\" \/>\n<meta property=\"og:type\" content=\"article\" \/>\n<meta property=\"og:title\" content=\"Opening Event &amp; Opening Cerenomy - METU-DTX\" \/>\n<meta property=\"og:url\" content=\"https:\/\/dtx.metu.edu.tr\/tr\/gallery\/opening-event-opening-cerenomy\/\" \/>\n<meta property=\"og:site_name\" content=\"METU-DTX\" \/>\n<meta property=\"article:publisher\" content=\"https:\/\/www.facebook.com\/dtx.metu\" \/>\n<meta name=\"twitter:card\" content=\"summary_large_image\" \/>\n<meta name=\"twitter:site\" content=\"@metudtx\" \/>\n<meta name=\"twitter:label1\" content=\"Tahmini okuma s\u00fcresi\" \/>\n\t<meta name=\"twitter:data1\" content=\"1 dakika\" \/>\n<script type=\"application\/ld+json\" class=\"yoast-schema-graph\">{\"@context\":\"https:\/\/schema.org\",\"@graph\":[{\"@type\":\"WebPage\",\"@id\":\"https:\/\/dtx.metu.edu.tr\/gallery\/opening-event-opening-cerenomy\/\",\"url\":\"https:\/\/dtx.metu.edu.tr\/gallery\/opening-event-opening-cerenomy\/\",\"name\":\"Opening Event & Opening Cerenomy - METU-DTX\",\"isPartOf\":{\"@id\":\"https:\/\/dtx.metu.edu.tr\/tr\/#website\"},\"datePublished\":\"2025-07-07T14:53:28+00:00\",\"breadcrumb\":{\"@id\":\"https:\/\/dtx.metu.edu.tr\/gallery\/opening-event-opening-cerenomy\/#breadcrumb\"},\"inLanguage\":\"tr\",\"potentialAction\":[{\"@type\":\"ReadAction\",\"target\":[\"https:\/\/dtx.metu.edu.tr\/gallery\/opening-event-opening-cerenomy\/\"]}]},{\"@type\":\"BreadcrumbList\",\"@id\":\"https:\/\/dtx.metu.edu.tr\/gallery\/opening-event-opening-cerenomy\/#breadcrumb\",\"itemListElement\":[{\"@type\":\"ListItem\",\"position\":1,\"name\":\"Anasayfa\",\"item\":\"https:\/\/dtx.metu.edu.tr\/tr\/\"},{\"@type\":\"ListItem\",\"position\":2,\"name\":\"Gallery\",\"item\":\"https:\/\/dtx.metu.edu.tr\/gallery\/\"},{\"@type\":\"ListItem\",\"position\":3,\"name\":\"Opening Event &#038; Opening Cerenomy\"}]},{\"@type\":\"WebSite\",\"@id\":\"https:\/\/dtx.metu.edu.tr\/tr\/#website\",\"url\":\"https:\/\/dtx.metu.edu.tr\/tr\/\",\"name\":\"METU DTX\",\"description\":\"Digital Transformation and Innovation Center\",\"publisher\":{\"@id\":\"https:\/\/dtx.metu.edu.tr\/tr\/#organization\"},\"potentialAction\":[{\"@type\":\"SearchAction\",\"target\":{\"@type\":\"EntryPoint\",\"urlTemplate\":\"https:\/\/dtx.metu.edu.tr\/tr\/?s={search_term_string}\"},\"query-input\":{\"@type\":\"PropertyValueSpecification\",\"valueRequired\":true,\"valueName\":\"search_term_string\"}}],\"inLanguage\":\"tr\"},{\"@type\":\"Organization\",\"@id\":\"https:\/\/dtx.metu.edu.tr\/tr\/#organization\",\"name\":\"METU DTX\",\"url\":\"https:\/\/dtx.metu.edu.tr\/tr\/\",\"logo\":{\"@type\":\"ImageObject\",\"inLanguage\":\"tr\",\"@id\":\"https:\/\/dtx.metu.edu.tr\/tr\/#\/schema\/logo\/image\/\",\"url\":\"https:\/\/dtx.metu.edu.tr\/wp-content\/uploads\/2024\/07\/Logo.png\",\"contentUrl\":\"https:\/\/dtx.metu.edu.tr\/wp-content\/uploads\/2024\/07\/Logo.png\",\"width\":1041,\"height\":333,\"caption\":\"METU DTX\"},\"image\":{\"@id\":\"https:\/\/dtx.metu.edu.tr\/tr\/#\/schema\/logo\/image\/\"},\"sameAs\":[\"https:\/\/www.facebook.com\/dtx.metu\",\"https:\/\/x.com\/metudtx\",\"https:\/\/www.instagram.com\/metu.dtx\/\",\"https:\/\/www.linkedin.com\/company\/metu-dtx\/\"]}]}<\/script>\n<!-- \/ Yoast SEO plugin. -->","yoast_head_json":{"title":"Opening Event & Opening Cerenomy - METU-DTX","robots":{"index":"index","follow":"follow","max-snippet":"max-snippet:-1","max-image-preview":"max-image-preview:large","max-video-preview":"max-video-preview:-1"},"canonical":"https:\/\/dtx.metu.edu.tr\/tr\/gallery\/opening-event-opening-cerenomy\/","og_locale":"tr_TR","og_type":"article","og_title":"Opening Event & Opening Cerenomy - METU-DTX","og_url":"https:\/\/dtx.metu.edu.tr\/tr\/gallery\/opening-event-opening-cerenomy\/","og_site_name":"METU-DTX","article_publisher":"https:\/\/www.facebook.com\/dtx.metu","twitter_card":"summary_large_image","twitter_site":"@metudtx","twitter_misc":{"Tahmini okuma s\u00fcresi":"1 dakika"},"schema":{"@context":"https:\/\/schema.org","@graph":[{"@type":"WebPage","@id":"https:\/\/dtx.metu.edu.tr\/gallery\/opening-event-opening-cerenomy\/","url":"https:\/\/dtx.metu.edu.tr\/gallery\/opening-event-opening-cerenomy\/","name":"Opening Event & Opening Cerenomy - METU-DTX","isPartOf":{"@id":"https:\/\/dtx.metu.edu.tr\/tr\/#website"},"datePublished":"2025-07-07T14:53:28+00:00","breadcrumb":{"@id":"https:\/\/dtx.metu.edu.tr\/gallery\/opening-event-opening-cerenomy\/#breadcrumb"},"inLanguage":"tr","potentialAction":[{"@type":"ReadAction","target":["https:\/\/dtx.metu.edu.tr\/gallery\/opening-event-opening-cerenomy\/"]}]},{"@type":"BreadcrumbList","@id":"https:\/\/dtx.metu.edu.tr\/gallery\/opening-event-opening-cerenomy\/#breadcrumb","itemListElement":[{"@type":"ListItem","position":1,"name":"Anasayfa","item":"https:\/\/dtx.metu.edu.tr\/tr\/"},{"@type":"ListItem","position":2,"name":"Gallery","item":"https:\/\/dtx.metu.edu.tr\/gallery\/"},{"@type":"ListItem","position":3,"name":"Opening Event &#038; Opening Cerenomy"}]},{"@type":"WebSite","@id":"https:\/\/dtx.metu.edu.tr\/tr\/#website","url":"https:\/\/dtx.metu.edu.tr\/tr\/","name":"METU DTX","description":"Digital Transformation and Innovation Center","publisher":{"@id":"https:\/\/dtx.metu.edu.tr\/tr\/#organization"},"potentialAction":[{"@type":"SearchAction","target":{"@type":"EntryPoint","urlTemplate":"https:\/\/dtx.metu.edu.tr\/tr\/?s={search_term_string}"},"query-input":{"@type":"PropertyValueSpecification","valueRequired":true,"valueName":"search_term_string"}}],"inLanguage":"tr"},{"@type":"Organization","@id":"https:\/\/dtx.metu.edu.tr\/tr\/#organization","name":"METU DTX","url":"https:\/\/dtx.metu.edu.tr\/tr\/","logo":{"@type":"ImageObject","inLanguage":"tr","@id":"https:\/\/dtx.metu.edu.tr\/tr\/#\/schema\/logo\/image\/","url":"https:\/\/dtx.metu.edu.tr\/wp-content\/uploads\/2024\/07\/Logo.png","contentUrl":"https:\/\/dtx.metu.edu.tr\/wp-content\/uploads\/2024\/07\/Logo.png","width":1041,"height":333,"caption":"METU DTX"},"image":{"@id":"https:\/\/dtx.metu.edu.tr\/tr\/#\/schema\/logo\/image\/"},"sameAs":["https:\/\/www.facebook.com\/dtx.metu","https:\/\/x.com\/metudtx","https:\/\/www.instagram.com\/metu.dtx\/","https:\/\/www.linkedin.com\/company\/metu-dtx\/"]}]}},"_links":{"self":[{"href":"https:\/\/dtx.metu.edu.tr\/tr\/wp-json\/wp\/v2\/pages\/1121","targetHints":{"allow":["GET"]}}],"collection":[{"href":"https:\/\/dtx.metu.edu.tr\/tr\/wp-json\/wp\/v2\/pages"}],"about":[{"href":"https:\/\/dtx.metu.edu.tr\/tr\/wp-json\/wp\/v2\/types\/page"}],"author":[{"embeddable":true,"href":"https:\/\/dtx.metu.edu.tr\/tr\/wp-json\/wp\/v2\/users\/1"}],"replies":[{"embeddable":true,"href":"https:\/\/dtx.metu.edu.tr\/tr\/wp-json\/wp\/v2\/comments?post=1121"}],"version-history":[{"count":1,"href":"https:\/\/dtx.metu.edu.tr\/tr\/wp-json\/wp\/v2\/pages\/1121\/revisions"}],"predecessor-version":[{"id":1139,"href":"https:\/\/dtx.metu.edu.tr\/tr\/wp-json\/wp\/v2\/pages\/1121\/revisions\/1139"}],"up":[{"embeddable":true,"href":"https:\/\/dtx.metu.edu.tr\/tr\/wp-json\/wp\/v2\/pages\/275"}],"wp:attachment":[{"href":"https:\/\/dtx.metu.edu.tr\/tr\/wp-json\/wp\/v2\/media?parent=1121"}],"curies":[{"name":"wp","href":"https:\/\/api.w.org\/{rel}","templated":true}]}}