{"id":123,"date":"2024-07-22T13:10:59","date_gmt":"2024-07-22T13:10:59","guid":{"rendered":"https:\/\/dtx.metu.edu.tr\/?page_id=123"},"modified":"2024-11-06T09:32:28","modified_gmt":"2024-11-06T09:32:28","slug":"resources","status":"publish","type":"page","link":"https:\/\/dtx.metu.edu.tr\/tr\/resources\/","title":{"rendered":"Kaynaklar"},"content":{"rendered":"<section class=\"l-section wpb_row us_custom_730145b9 height_medium width_full with_img\"><div class=\"l-section-img\" role=\"img\" data-img-width=\"8000\" data-img-height=\"3408\" style=\"background-image: url(https:\/\/dtx.metu.edu.tr\/wp-content\/uploads\/2024\/07\/slider-bg.png?wsr);\"><\/div><div class=\"l-section-h i-cf\"><div class=\"g-cols vc_row via_grid cols_1 laptops-cols_inherit tablets-cols_inherit mobiles-cols_1 valign_top type_default stacking_default\"><div class=\"wpb_column vc_column_container\"><div class=\"vc_column-inner\"><h2 class=\"w-post-elm post_title us_custom_69a0ebf9 has_text_color entry-title color_link_inherit\">Kaynaklar<\/h2><\/div><\/div><\/div><\/div><\/section><section class=\"l-section wpb_row us_custom_730145b9 height_medium width_full\"><div class=\"l-section-h i-cf\"><div class=\"g-cols vc_row via_grid cols_1 laptops-cols_inherit tablets-cols_inherit mobiles-cols_1 valign_top type_default stacking_default\"><div class=\"wpb_column vc_column_container\"><div class=\"vc_column-inner\"><div class=\"wpb_text_column\"><div class=\"wpb_wrapper\"><p><span>Dijital \u0130novasyon Merkezleri (D\u0130M'ler), \u00fclkelerin teknolojik ve ekonomik ilerlemesi i\u00e7in hayati \u00f6neme sahiptir. Bu merkezler, ara\u015ft\u0131rma, geli\u015ftirme ve dijital teknolojilerin yay\u0131lmas\u0131 i\u00e7in odak noktas\u0131 g\u00f6revi g\u00f6rerek farkl\u0131 end\u00fcstrilerde inovasyonu ve i\u015f birli\u011fini te\u015fvik eder. Dijital inovasyon, yarat\u0131c\u0131 yetenek, kamu entegrasyonu ve i\u015f birli\u011finin bir kar\u0131\u015f\u0131m\u0131 \u00fczerinde geli\u015fir. Ba\u015far\u0131l\u0131 ekosistemler genellikle sekt\u00f6re \u00f6zg\u00fc k\u00fcmeler etraf\u0131nda geli\u015fir. <\/span><\/p>\n<\/div><\/div><div class=\"w-tabs us_custom_6a2e7e2d style_default switch_click accordion type_togglable has_scrolling\" style=\"--sections-title-size:inherit\"><div class=\"w-tabs-sections titles-align_none icon_plus cpos_right\"><div class=\"w-tabs-section\" id=\"ydfc\"><button class=\"w-tabs-section-header\" aria-controls=\"content-ydfc\" aria-expanded=\"false\"><div class=\"w-tabs-section-title\">Dijital \u0130novasyon Ekosistemlerine \u00d6rnekler<\/div><div class=\"w-tabs-section-control\"><\/div><\/button><div  class=\"w-tabs-section-content us_custom_3e2203ad\" id=\"content-ydfc\"><div class=\"w-tabs-section-content-h i-cf\"><div class=\"wpb_text_column\"><div class=\"wpb_wrapper\"><ul>\n<li><span>Avrupa Dijital \u0130novasyon Merkezleri (AD\u0130M)<\/span>\n<ul>\n<li><span>Destek: Dijital Avrupa Program\u0131<\/span><\/li>\n<li><span>Odak Alanlar\u0131:<\/span>\n<ul>\n<li><span>Yapay zek\u00e2<\/span><\/li>\n<li><span>Siber g\u00fcvenlik<\/span><\/li>\n<li><span>Y\u00fcksek performansl\u0131 bilgi i\u015flem<\/span><\/li>\n<\/ul>\n<\/li>\n<\/ul>\n<\/li>\n<\/ul>\n<\/div><\/div><\/div><\/div><\/div><div class=\"w-tabs-section\" id=\"c026\"><button class=\"w-tabs-section-header\" aria-controls=\"content-c026\" aria-expanded=\"false\"><div class=\"w-tabs-section-title\">ABD ve Asya\u2019daki Merkezler<\/div><div class=\"w-tabs-section-control\"><\/div><\/button><div  class=\"w-tabs-section-content\" id=\"content-c026\"><div class=\"w-tabs-section-content-h i-cf\"><div class=\"wpb_text_column\"><div class=\"wpb_wrapper\"><ul>\n<li><span>\u00d6nde Gelen B\u00f6lgeler:<\/span>\n<ul>\n<li><span>Beijing<\/span><\/li>\n<li><span>Guangdong-Hong Kong-Macao Greater Bay Area<\/span><\/li>\n<li><span>ABD: Farkl\u0131 teknolojik geli\u015fmelere odaklanan \u00e7e\u015fitli merkezler<\/span><\/li>\n<\/ul>\n<\/li>\n<li><span>\u00d6ne \u00c7\u0131kanlar: Ara\u015ft\u0131rma ve inovasyon ekosisteminin geli\u015ftirilmesinde \u00f6nc\u00fcl\u00fck<\/span><\/li>\n<\/ul>\n<\/div><\/div><\/div><\/div><\/div><div class=\"w-tabs-section\" id=\"a2d0\"><button class=\"w-tabs-section-header\" aria-controls=\"content-a2d0\" aria-expanded=\"false\"><div class=\"w-tabs-section-title\">Ulusal Ba\u011flam<\/div><div class=\"w-tabs-section-control\"><\/div><\/button><div  class=\"w-tabs-section-content\" id=\"content-a2d0\"><div class=\"w-tabs-section-content-h i-cf\"><div class=\"wpb_text_column\"><div class=\"wpb_wrapper\"><ul>\n<li><span>Teknoparklar\u0131n ve Ar-Ge Merkezlerinin B\u00fcy\u00fcmesi:<\/span>\n<ul>\n<li><span>2002\u2019den 2023\u2019e kadar teknoparklar\u0131n say\u0131s\u0131ndaki \u00f6nemli art\u0131\u015f<\/span><\/li>\n<li><span>2023 y\u0131l\u0131na kadar kurulan 88 teknopark<\/span><\/li>\n<\/ul>\n<\/li>\n<li><span>Start-up\u2019lar, KOB\u0130\u2019ler ve B\u00fcy\u00fck \u015eirketler i\u00e7in Destek:<\/span>\n<ul>\n<li><span>Bu merkezlerin inovasyon i\u00e7in sa\u011flad\u0131\u011f\u0131 verimli zeminler<\/span><\/li>\n<li><span>\u00c7e\u015fitli i\u015fletmelerin dijital yolculuklar\u0131na destek<\/span><\/li>\n<\/ul>\n<\/li>\n<li><span>\u00d6rnekler <\/span>\n<ul>\n<li><span>MEXT Teknoloji Merkezi, Istanbul:<\/span>\n<ul>\n<li><span>Kurucu: T\u00fcrkiye Metal Sanayicileri Sendikas\u0131<\/span><\/li>\n<li><span>Odak: T\u00fcrk sanayisinde dijital ve ye\u015fil d\u00f6n\u00fc\u015f\u00fcm\u00fcn h\u0131zland\u0131r\u0131lmas\u0131<\/span><\/li>\n<li><span>Hizmetler: Dijital olgunluk de\u011ferlendirmeleri, e\u011fitim, dan\u0131\u015fmanl\u0131k<\/span><\/li>\n<\/ul>\n<\/li>\n<li><span>Sabanc\u0131 \u00dcniversitesi T\u00fcmle\u015ftirilmi\u015f \u00dcretim Teknolojileri Ara\u015ft\u0131rma ve Uygulama Merkezi (SU-T\u00dcMER):<\/span>\n<ul>\n<li><span>Uzmanl\u0131k: Kompozit malzemeler ve ilerim \u00fcretim teknolojileri<\/span><\/li>\n<li><span>\u0130\u015f Birlikleri: Boeing ve GE Aerospace gibi end\u00fcstri devleri<\/span><\/li>\n<li><span>Olanaklar: Akademik ve end\u00fcstriyel ara\u015ft\u0131rmalar i\u00e7in son teknoloji<\/span><\/li>\n<\/ul>\n<\/li>\n<\/ul>\n<\/li>\n<\/ul>\n<\/div><\/div><\/div><\/div><\/div><div class=\"w-tabs-section\" id=\"f708\"><button class=\"w-tabs-section-header\" aria-controls=\"content-f708\" aria-expanded=\"false\"><div class=\"w-tabs-section-title\">Vaka \u00c7al\u0131\u015fmalar\u0131<\/div><div class=\"w-tabs-section-control\"><\/div><\/button><div  class=\"w-tabs-section-content\" id=\"content-f708\"><div class=\"w-tabs-section-content-h i-cf\"><div class=\"wpb_text_column\"><div class=\"wpb_wrapper\"><ul>\n<li>\n<p><b>Fraunhofer-Gesellschaft zur F\u00f6rderung der angewandten Forschung e.V. \/ Fraunhofer IAO<\/b><strong><span> (Germany)<\/span><\/strong><\/p>\n<ul>\n<li><span>Misyon: Alman ve Avrupa ekonomilerinin rekabet g\u00fcc\u00fcn\u00fc g\u00fc\u00e7lendirerek i\u015f d\u00fcnyas\u0131na ve topluma yenilikler sunmak<\/span><\/li>\n<li><span>Vizyon: Uygulamal\u0131 ara\u015ft\u0131rmalarda uluslararas\u0131 lider olmak, gelecekteki zorluklar\u0131 ele almak i\u00e7in inovasyonu ve stratejik giri\u015fimleri y\u00f6nlendirmek<\/span><\/li>\n<li><span>Yasal Yap\u0131: Kay\u0131tl\u0131 k\u00e2r amac\u0131 g\u00fctmeyen kurulu\u015f<\/span><\/li>\n<li><span>\u00d6rg\u00fctsel Yap\u0131: 76 enstit\u00fc ve ara\u015ft\u0131rma birimi ile merkezi olmayan bir yap\u0131<\/span><\/li>\n<li><span>\u0130\u015f Modeli: <\/span>\n<ul>\n<li><span>M\u00fc\u015fteri Segmentleri: \u0130\u015fletmeler, kamu sekt\u00f6r\u00fc, ara\u015ft\u0131rma kurumlar\u0131, uluslararas\u0131 m\u00fc\u015fteriler<\/span><\/li>\n<li><span>Gelir Ak\u0131\u015flar\u0131: Devlet ve kamu finansman\u0131, end\u00fcstriyel s\u00f6zle\u015fmeler, lisanslama, dan\u0131\u015fmanl\u0131k \u00fccretleri<\/span><\/li>\n<\/ul>\n<\/li>\n<\/ul>\n<p><strong><span>OMIC (USA)<\/span><\/strong><\/p>\n<ul>\n<li><span>Misyon: Sanayi, akademi ve h\u00fck\u00fcmet aras\u0131nda i\u015f birli\u011fini te\u015fvik ederek \u00fcretimde inovasyonu ve uygulamal\u0131 ara\u015ft\u0131rmay\u0131 desteklemek<\/span><\/li>\n<li><span>Vizyon: \u00dcretimde inovasyon i\u00e7in \u00f6nc\u00fc bir merkez olmak, en ileri ara\u015ft\u0131rma ve i\u015f birli\u011fi \u00e7abalar\u0131 yoluyla \u00fcretim sekt\u00f6r\u00fcn\u00fcn yeteneklerini geli\u015ftirmek<\/span><\/li>\n<li><span>Yasal Yap\u0131: End\u00fcstri, akademi ve h\u00fck\u00fcmeti i\u00e7eren i\u015f birli\u011fine dayal\u0131 kamu-\u00f6zel sekt\u00f6r ortakl\u0131\u011f\u0131<\/span><\/li>\n<li><span>\u00d6rg\u00fctsel Yap\u0131: \u00dcye kurulu\u015flar\u0131n temsilcilerinden olu\u015fan dan\u0131\u015fma kurulu<\/span><\/li>\n<li><span>\u0130\u015f Modeli:<\/span>\n<ul>\n<li><span>M\u00fc\u015fteri Segmentleri: \u0130malat \u015firketleri, akademik kurumlar, devlet kurumlar\u0131, i\u015fg\u00fcc\u00fc geli\u015ftirme kurulu\u015flar\u0131<\/span><\/li>\n<li><span>Gelir Ak\u0131\u015flar\u0131: \u00dcyelik \u00fccretleri, devlet hibeleri ve fonlar\u0131, e\u011fitim ve dan\u0131\u015fmanl\u0131k hizmetleri \u00fccretleri, sponsorlu ara\u015ft\u0131rma projeleri<\/span><\/li>\n<\/ul>\n<\/li>\n<\/ul>\n<p><strong><span>EDIH-AICS (Europe)<\/span><\/strong><\/p>\n<ul>\n<li><span>Misyon: \u00dcretim, mobilite, enerji, ticaret, hizmetler ve kamu y\u00f6netimi dahil olmak \u00fczere \u00e7e\u015fitli alanlarda g\u00fcvenli ve s\u00fcrd\u00fcr\u00fclebilir yapay zek\u00e2 teknolojisini ilerletmek<\/span><\/li>\n<li><span>Vizyon: G\u00fcvenli bir dijital ortam\u0131 te\u015fvik eden ve Avrupa'daki teknolojik geli\u015fmeleri y\u00f6nlendiren entegre \u00e7\u00f6z\u00fcmler sunarak yapay zek\u00e2 ve siber g\u00fcvenlik inovasyonu i\u00e7in merkezi bir merkez haline gelmek<\/span><\/li>\n<li><span>Yasal Yap\u0131: Avrupa Komisyonu'nun Avrupa Dijital \u0130novasyon Merkezleri a\u011f\u0131 \u00e7er\u00e7evesinde faaliyet g\u00f6stermek<\/span><\/li>\n<li><span>\u00d6rg\u00fctsel Yap\u0131: \u0130\u015fletmeler, ara\u015ft\u0131rma kurumlar\u0131 ve kamu kurumlar\u0131n\u0131n uzmanl\u0131klar\u0131n\u0131 birle\u015ftiren konsorsiyum<\/span><\/li>\n<li><span>\u0130\u015f Modeli:<\/span>\n<ul>\n<li><span>M\u00fc\u015fteri Segmentleri: KOB\u0130'ler, b\u00fcy\u00fck i\u015fletmeler, kamu sekt\u00f6r\u00fc kurulu\u015flar\u0131, teknoloji giri\u015fimleri, ara\u015ft\u0131rma kurumlar\u0131<\/span><\/li>\n<li><span>Gelir Ak\u0131\u015flar\u0131: AB fonlar\u0131 ve hibeleri, dan\u0131\u015fmanl\u0131k ve e\u011fitim i\u00e7in hizmet \u00fccretleri, \u00fcyelik abonelikleri, teknoloji lisanslama<\/span><\/li>\n<\/ul>\n<\/li>\n<\/ul>\n<p><strong><span>European 4.0 Transformation Centre \u2013 FZI (Germany)<\/span><\/strong><\/p>\n<ul>\n<li><span>Misyon: End\u00fcstri 4.0 teknolojilerini uygulayarak imalat sanayilerinin dijital d\u00f6n\u00fc\u015f\u00fcm\u00fcn\u00fc kolayla\u015ft\u0131rmak<\/span><\/li>\n<li><span>Vizyon: \u0130\u015fletmelerin ak\u0131ll\u0131 \u00fcretim s\u00fcre\u00e7lerine ve teknolojilerine ge\u00e7i\u015fine yard\u0131mc\u0131 olarak dijital d\u00f6n\u00fc\u015f\u00fcmde lider olmalar\u0131n\u0131 sa\u011flamak<\/span><\/li>\n<li><span>Yasal Yap\u0131: Kamu-\u00f6zel sekt\u00f6r ortakl\u0131\u011f\u0131<\/span><\/li>\n<li><span>\u00d6rg\u00fctsel Yap\u0131: Bir y\u00f6netim kurulu ve \u00e7e\u015fitli uzman komiteler<\/span><\/li>\n<li><span>\u0130\u015f Modeli:<\/span>\n<ul>\n<li><span>M\u00fc\u015fteri Segmentleri: \u0130malat \u015firketleri, teknoloji sa\u011flay\u0131c\u0131lar\u0131, akademik kurumlar<\/span><\/li>\n<li><span>Gelir Ak\u0131\u015flar\u0131: Kamu finansman\u0131, \u00f6zel yat\u0131r\u0131mlar, hizmet \u00fccretleri<\/span><\/li>\n<\/ul>\n<\/li>\n<\/ul>\n<p><strong><span>MEXT (T\u00fcrkiye)<\/span><\/strong><\/p>\n<ul>\n<li><span>Misyon: T\u00fcrk sanayisinin dijital ve ye\u015fil d\u00f6n\u00fc\u015f\u00fcm\u00fcn\u00fc h\u0131zland\u0131rmak<\/span><\/li>\n<li><span>Vizyon: Dijital olgunlu\u011fu ve s\u00fcrd\u00fcr\u00fclebilir uygulamalar\u0131 desteklemek i\u00e7in kapsaml\u0131 hizmetler sunarak inovasyon i\u00e7in lider bir merkez olmak<\/span><\/li>\n<li><span>Kurucu: T\u00fcrkiye Metal Sanayicileri Sendikas\u0131<\/span><\/li>\n<li><span>\u00d6rg\u00fctsel Yap\u0131: Bir y\u00f6netim kurulu ve \u00e7e\u015fitli uzman departmanlar<\/span><\/li>\n<li><span>\u0130\u015f Modeli:<\/span>\n<ul>\n<li><span>M\u00fc\u015fteri Segmentleri: KOB\u0130'ler, b\u00fcy\u00fck \u015firketler, start \u2013 ups<\/span><\/li>\n<li><span>Gelir Ak\u0131\u015flar\u0131: \u00dcyelik \u00fccretleri, dan\u0131\u015fmanl\u0131k \u00fccretleri, kamu finansman\u0131, e\u011fitim \u00fccretleri<\/span><\/li>\n<\/ul>\n<\/li>\n<\/ul>\n<\/li>\n<\/ul>\n<\/div><\/div><\/div><\/div><\/div><\/div><\/div><div class=\"wpb_text_column\"><div class=\"wpb_wrapper\"><p><strong><span>Yenilik merkezleri i\u00e7in temel ba\u015far\u0131 fakt\u00f6rleri: <\/span><\/strong><\/p>\n<p><strong><span>\u0130\u015f Birlik\u00e7i Ekosistemler: <\/span><\/strong><span>Akademik kurumlar, end\u00fcstri liderleri ve h\u00fck\u00fcmet organlar\u0131yla g\u00fc\u00e7l\u00fc ortakl\u0131klar. <\/span><\/p>\n<p><strong><span>Ortaya \u00c7\u0131kan Teknolojilere Odaklanma:<\/span><\/strong><span> Ak\u0131ll\u0131 \u00fcretim teknolojilerinin entegrasyonu ve g\u00fcvenli ve dayan\u0131kl\u0131 dijital ortamlar\u0131n sa\u011flanmas\u0131 i\u00e7in yapay zek\u00e2, siber g\u00fcvenlik, IoT ve End\u00fcstri 4.0 gibi teknolojilerden yararlanma.<\/span><\/p>\n<p><strong><span>Giri\u015fimcilik Faaliyetlerine Destek:<\/span><\/strong><span> Kaynak ve mentorluk sa\u011flamak, finansal deste\u011fe eri\u015fim ve yenilikleri \u00f6l\u00e7eklendirmek ve i\u015f b\u00fcy\u00fcmesini desteklemek i\u00e7in \u00f6zel e\u011fitimler sa\u011flamak amac\u0131yla kulu\u00e7ka merkezleri, h\u0131zland\u0131r\u0131c\u0131lar, fonlama ve e\u011fitim yoluyla start \u2013 up\u2019lara ve KOB\u0130'lere kapsaml\u0131 destek.<\/span><\/p>\n<p><strong><span>Bilgi Geli\u015ftirme ve Yayma:<\/span><\/strong><span> Bilgi geli\u015ftirme ve payla\u015fma, ger\u00e7ek d\u00fcnya sorunlar\u0131n\u0131 ele alma ve bilgi ve en iyi uygulamalar\u0131 yayma i\u00e7in ara\u015ft\u0131rma ve e\u011fitim programlar\u0131, i\u015fbirlik\u00e7i projeler ve bilgi payla\u015f\u0131m giri\u015fimleri.<\/span><\/p>\n<p><strong><span>S\u00fcrd\u00fcr\u00fclebilirlik ve Uzun Vadeli Vizyon:<\/span><\/strong><span> Enerji a\u00e7\u0131s\u0131ndan verimli ve \u00e7evre dostu teknolojiler geli\u015ftirmek, \u00e7e\u015fitli fon kaynaklar\u0131 sa\u011flamak ve g\u00fc\u00e7l\u00fc y\u00f6netim yap\u0131lar\u0131n\u0131 s\u00fcrd\u00fcrmek ve istikrarl\u0131 finansal destek yoluyla s\u00fcrekli etki sa\u011flamak i\u00e7in \u00e7evresel s\u00fcrd\u00fcr\u00fclebilirlik, stratejik planlama, finansal istikrar ve g\u00fc\u00e7l\u00fc y\u00f6netim yap\u0131lar\u0131.<\/span><\/p>\n<\/div><\/div><\/div><\/div><\/div><\/div><\/section>","protected":false},"excerpt":{"rendered":"ResourcesDigital Innovation Centres (DICs) are vital for the technological and economic progress of countries. These centres act as focal points for research, development, and the spread of digital technologies, promoting innovation and collaboration across different industries. Digital innovation thrives on a blend of creative talent, public integration, and cooperation. Successful ecosystems often develop around sector-specific...","protected":false},"author":1,"featured_media":0,"parent":0,"menu_order":0,"comment_status":"closed","ping_status":"closed","template":"","meta":{"_acf_changed":false,"footnotes":""},"class_list":["post-123","page","type-page","status-publish","hentry"],"acf":[],"yoast_head":"<!-- This site is optimized with the Yoast SEO plugin v25.0 - https:\/\/yoast.com\/wordpress\/plugins\/seo\/ -->\n<title>Resources - METU-DTX<\/title>\n<meta name=\"robots\" content=\"index, follow, max-snippet:-1, max-image-preview:large, max-video-preview:-1\" \/>\n<link rel=\"canonical\" href=\"https:\/\/dtx.metu.edu.tr\/tr\/resources\/\" \/>\n<meta property=\"og:locale\" content=\"tr_TR\" \/>\n<meta property=\"og:type\" content=\"article\" \/>\n<meta property=\"og:title\" content=\"Resources - METU-DTX\" \/>\n<meta property=\"og:url\" content=\"https:\/\/dtx.metu.edu.tr\/tr\/resources\/\" \/>\n<meta property=\"og:site_name\" content=\"METU-DTX\" \/>\n<meta property=\"article:publisher\" content=\"https:\/\/www.facebook.com\/dtx.metu\" \/>\n<meta property=\"article:modified_time\" content=\"2024-11-06T09:32:28+00:00\" \/>\n<meta name=\"twitter:card\" content=\"summary_large_image\" \/>\n<meta name=\"twitter:site\" content=\"@metudtx\" \/>\n<script type=\"application\/ld+json\" class=\"yoast-schema-graph\">{\"@context\":\"https:\/\/schema.org\",\"@graph\":[{\"@type\":\"WebPage\",\"@id\":\"https:\/\/dtx.metu.edu.tr\/resources\/\",\"url\":\"https:\/\/dtx.metu.edu.tr\/resources\/\",\"name\":\"Resources - METU-DTX\",\"isPartOf\":{\"@id\":\"https:\/\/dtx.metu.edu.tr\/tr\/#website\"},\"datePublished\":\"2024-07-22T13:10:59+00:00\",\"dateModified\":\"2024-11-06T09:32:28+00:00\",\"breadcrumb\":{\"@id\":\"https:\/\/dtx.metu.edu.tr\/resources\/#breadcrumb\"},\"inLanguage\":\"tr\",\"potentialAction\":[{\"@type\":\"ReadAction\",\"target\":[\"https:\/\/dtx.metu.edu.tr\/resources\/\"]}]},{\"@type\":\"BreadcrumbList\",\"@id\":\"https:\/\/dtx.metu.edu.tr\/resources\/#breadcrumb\",\"itemListElement\":[{\"@type\":\"ListItem\",\"position\":1,\"name\":\"Anasayfa\",\"item\":\"https:\/\/dtx.metu.edu.tr\/tr\/\"},{\"@type\":\"ListItem\",\"position\":2,\"name\":\"Resources\"}]},{\"@type\":\"WebSite\",\"@id\":\"https:\/\/dtx.metu.edu.tr\/tr\/#website\",\"url\":\"https:\/\/dtx.metu.edu.tr\/tr\/\",\"name\":\"METU DTX\",\"description\":\"Digital Transformation and Innovation Center\",\"publisher\":{\"@id\":\"https:\/\/dtx.metu.edu.tr\/tr\/#organization\"},\"potentialAction\":[{\"@type\":\"SearchAction\",\"target\":{\"@type\":\"EntryPoint\",\"urlTemplate\":\"https:\/\/dtx.metu.edu.tr\/tr\/?s={search_term_string}\"},\"query-input\":{\"@type\":\"PropertyValueSpecification\",\"valueRequired\":true,\"valueName\":\"search_term_string\"}}],\"inLanguage\":\"tr\"},{\"@type\":\"Organization\",\"@id\":\"https:\/\/dtx.metu.edu.tr\/tr\/#organization\",\"name\":\"METU DTX\",\"url\":\"https:\/\/dtx.metu.edu.tr\/tr\/\",\"logo\":{\"@type\":\"ImageObject\",\"inLanguage\":\"tr\",\"@id\":\"https:\/\/dtx.metu.edu.tr\/tr\/#\/schema\/logo\/image\/\",\"url\":\"https:\/\/dtx.metu.edu.tr\/wp-content\/uploads\/2024\/07\/Logo.png\",\"contentUrl\":\"https:\/\/dtx.metu.edu.tr\/wp-content\/uploads\/2024\/07\/Logo.png\",\"width\":1041,\"height\":333,\"caption\":\"METU DTX\"},\"image\":{\"@id\":\"https:\/\/dtx.metu.edu.tr\/tr\/#\/schema\/logo\/image\/\"},\"sameAs\":[\"https:\/\/www.facebook.com\/dtx.metu\",\"https:\/\/x.com\/metudtx\",\"https:\/\/www.instagram.com\/metu.dtx\/\",\"https:\/\/www.linkedin.com\/company\/metu-dtx\/\"]}]}<\/script>\n<!-- \/ Yoast SEO plugin. -->","yoast_head_json":{"title":"Resources - METU-DTX","robots":{"index":"index","follow":"follow","max-snippet":"max-snippet:-1","max-image-preview":"max-image-preview:large","max-video-preview":"max-video-preview:-1"},"canonical":"https:\/\/dtx.metu.edu.tr\/tr\/resources\/","og_locale":"tr_TR","og_type":"article","og_title":"Resources - METU-DTX","og_url":"https:\/\/dtx.metu.edu.tr\/tr\/resources\/","og_site_name":"METU-DTX","article_publisher":"https:\/\/www.facebook.com\/dtx.metu","article_modified_time":"2024-11-06T09:32:28+00:00","twitter_card":"summary_large_image","twitter_site":"@metudtx","schema":{"@context":"https:\/\/schema.org","@graph":[{"@type":"WebPage","@id":"https:\/\/dtx.metu.edu.tr\/resources\/","url":"https:\/\/dtx.metu.edu.tr\/resources\/","name":"Resources - METU-DTX","isPartOf":{"@id":"https:\/\/dtx.metu.edu.tr\/tr\/#website"},"datePublished":"2024-07-22T13:10:59+00:00","dateModified":"2024-11-06T09:32:28+00:00","breadcrumb":{"@id":"https:\/\/dtx.metu.edu.tr\/resources\/#breadcrumb"},"inLanguage":"tr","potentialAction":[{"@type":"ReadAction","target":["https:\/\/dtx.metu.edu.tr\/resources\/"]}]},{"@type":"BreadcrumbList","@id":"https:\/\/dtx.metu.edu.tr\/resources\/#breadcrumb","itemListElement":[{"@type":"ListItem","position":1,"name":"Anasayfa","item":"https:\/\/dtx.metu.edu.tr\/tr\/"},{"@type":"ListItem","position":2,"name":"Resources"}]},{"@type":"WebSite","@id":"https:\/\/dtx.metu.edu.tr\/tr\/#website","url":"https:\/\/dtx.metu.edu.tr\/tr\/","name":"METU DTX","description":"Digital Transformation and Innovation Center","publisher":{"@id":"https:\/\/dtx.metu.edu.tr\/tr\/#organization"},"potentialAction":[{"@type":"SearchAction","target":{"@type":"EntryPoint","urlTemplate":"https:\/\/dtx.metu.edu.tr\/tr\/?s={search_term_string}"},"query-input":{"@type":"PropertyValueSpecification","valueRequired":true,"valueName":"search_term_string"}}],"inLanguage":"tr"},{"@type":"Organization","@id":"https:\/\/dtx.metu.edu.tr\/tr\/#organization","name":"METU DTX","url":"https:\/\/dtx.metu.edu.tr\/tr\/","logo":{"@type":"ImageObject","inLanguage":"tr","@id":"https:\/\/dtx.metu.edu.tr\/tr\/#\/schema\/logo\/image\/","url":"https:\/\/dtx.metu.edu.tr\/wp-content\/uploads\/2024\/07\/Logo.png","contentUrl":"https:\/\/dtx.metu.edu.tr\/wp-content\/uploads\/2024\/07\/Logo.png","width":1041,"height":333,"caption":"METU DTX"},"image":{"@id":"https:\/\/dtx.metu.edu.tr\/tr\/#\/schema\/logo\/image\/"},"sameAs":["https:\/\/www.facebook.com\/dtx.metu","https:\/\/x.com\/metudtx","https:\/\/www.instagram.com\/metu.dtx\/","https:\/\/www.linkedin.com\/company\/metu-dtx\/"]}]}},"_links":{"self":[{"href":"https:\/\/dtx.metu.edu.tr\/tr\/wp-json\/wp\/v2\/pages\/123","targetHints":{"allow":["GET"]}}],"collection":[{"href":"https:\/\/dtx.metu.edu.tr\/tr\/wp-json\/wp\/v2\/pages"}],"about":[{"href":"https:\/\/dtx.metu.edu.tr\/tr\/wp-json\/wp\/v2\/types\/page"}],"author":[{"embeddable":true,"href":"https:\/\/dtx.metu.edu.tr\/tr\/wp-json\/wp\/v2\/users\/1"}],"replies":[{"embeddable":true,"href":"https:\/\/dtx.metu.edu.tr\/tr\/wp-json\/wp\/v2\/comments?post=123"}],"version-history":[{"count":4,"href":"https:\/\/dtx.metu.edu.tr\/tr\/wp-json\/wp\/v2\/pages\/123\/revisions"}],"predecessor-version":[{"id":924,"href":"https:\/\/dtx.metu.edu.tr\/tr\/wp-json\/wp\/v2\/pages\/123\/revisions\/924"}],"wp:attachment":[{"href":"https:\/\/dtx.metu.edu.tr\/tr\/wp-json\/wp\/v2\/media?parent=123"}],"curies":[{"name":"wp","href":"https:\/\/api.w.org\/{rel}","templated":true}]}}