{"id":239,"date":"2024-07-31T18:02:41","date_gmt":"2024-07-31T18:02:41","guid":{"rendered":"https:\/\/dtx.metu.edu.tr\/?page_id=239"},"modified":"2025-07-01T15:44:01","modified_gmt":"2025-07-01T15:44:01","slug":"project-background","status":"publish","type":"page","link":"https:\/\/dtx.metu.edu.tr\/tr\/about-the-project\/project-background\/","title":{"rendered":"Proje Arka Plan\u0131"},"content":{"rendered":"<section class=\"l-section wpb_row us_custom_730145b9 height_medium width_full with_img parallax_fixed\"><div class=\"l-section-img\" role=\"img\" data-img-width=\"8000\" data-img-height=\"3408\" style=\"background-image: url(https:\/\/dtx.metu.edu.tr\/wp-content\/uploads\/2024\/07\/slider-bg.png?wsr);\"><\/div><div class=\"l-section-h i-cf\"><div class=\"g-cols vc_row via_grid cols_1 laptops-cols_inherit tablets-cols_inherit mobiles-cols_1 valign_top type_default stacking_default\"><div class=\"wpb_column vc_column_container\"><div class=\"vc_column-inner\"><div class=\"g-cols wpb_row us_custom_08294c48 has_text_color via_grid cols_1 laptops-cols_inherit tablets-cols_inherit mobiles-cols_1 valign_middle type_default stacking_default\" style=\"--gap:3rem;\"><div class=\"wpb_column vc_column_container\"><div class=\"vc_column-inner\"><h2 class=\"w-post-elm post_title us_custom_1eaa7ddb entry-title color_link_inherit\">Proje Arka Plan\u0131<\/h2><\/div><\/div><\/div><div class=\"w-separator size_medium\"><\/div><div class=\"g-cols wpb_row text-white via_grid cols_1-4 laptops-cols_inherit tablets-cols_inherit mobiles-cols_1 valign_top type_default stacking_default\" style=\"--gap:3rem;\"><div class=\"wpb_column vc_column_container\"><div class=\"vc_column-inner\"><nav class=\"w-menu us_custom_d00c2043 layout_ver style_blocks us_menu_1\" style=\"--main-gap:0.6rem;--main-ver-indent:0.2px;--main-hor-indent:0.3em;--main-color:var(--color-header-transparent-text);--main-hover-bg-color:var(--color-content-link);--main-active-bg-color:var(--color-header-middle-text-hover);\"><ul id=\"menu-about-project-menu\" class=\"menu\"><li id=\"menu-item-249\" class=\"menu-item menu-item-type-post_type menu-item-object-page menu-item-249\"><a href=\"https:\/\/dtx.metu.edu.tr\/tr\/about-the-project\/\">Proje Hakk\u0131nda<\/a><\/li><li id=\"menu-item-250\" class=\"menu-item menu-item-type-post_type menu-item-object-page menu-item-250\"><a href=\"https:\/\/dtx.metu.edu.tr\/tr\/about-the-project\/project-background\/\">Proje Arka Plan\u0131<\/a><\/li><li id=\"menu-item-254\" class=\"menu-item menu-item-type-post_type menu-item-object-page menu-item-254\"><a href=\"https:\/\/dtx.metu.edu.tr\/tr\/about-the-project\/stakeholders\/\">Payda\u015flar<\/a><\/li><li id=\"menu-item-252\" class=\"menu-item menu-item-type-post_type menu-item-object-page menu-item-252\"><a href=\"https:\/\/dtx.metu.edu.tr\/tr\/about-the-project\/project-components-activities\/\">Proje Bile\u015fenleri ve Faaliyetler<\/a><\/li><li id=\"menu-item-253\" class=\"menu-item menu-item-type-post_type menu-item-object-page menu-item-253\"><a href=\"https:\/\/dtx.metu.edu.tr\/tr\/about-the-project\/project-objectives\/\">Proje Hedefleri<\/a><\/li><li id=\"menu-item-251\" class=\"menu-item menu-item-type-post_type menu-item-object-page menu-item-251\"><a href=\"https:\/\/dtx.metu.edu.tr\/tr\/about-the-project\/project-by-numbers\/\">Say\u0131larla Proje<\/a><\/li><\/ul><style>@media ( max-width:600px ){.us_menu_1 .menu{display:block!important}.us_menu_1 .menu>li{margin:0 0 var(--main-gap,0.6rem)!important}}<\/style><\/nav><\/div><\/div><div class=\"wpb_column vc_column_container\"><div class=\"vc_column-inner\"><div class=\"wpb_text_column us_custom_432d3f53\"><div class=\"wpb_wrapper\"><p>Avrupa Birli\u011fi (AB), KOB\u0130'lerin dijital d\u00f6n\u00fc\u015f\u00fcm\u00fcn\u00fc desteklemek i\u00e7in Dijital Tek Pazar ve Dijital Avrupa gibi giri\u015fimler ba\u015flatt\u0131. AB, 2016-2020 y\u0131llar\u0131 aras\u0131nda y\u0131lda yakla\u015f\u0131k 100 milyon avro yat\u0131r\u0131m yaparak Dijital \u0130novasyon Merkezleri (D\u0130M) kurmu\u015ftur. Ancak T\u00fcrkiye'de benzer kurulu\u015flar bulunmamaktad\u0131r.<\/p>\n<\/div><\/div><div class=\"w-separator size_medium\"><\/div><div class=\"w-hwrapper valign_top stack_on_mobiles align_none\"><div class=\"w-image us_custom_6009e66f align_none\"><div class=\"w-image-h\"><img decoding=\"async\" width=\"470\" height=\"296\" src=\"https:\/\/dtx.metu.edu.tr\/wp-content\/uploads\/2024\/09\/shutterstock_asdasda.png?wsr\" class=\"attachment-large size-large\" alt=\"\" loading=\"lazy\" srcset=\"https:\/\/dtx.metu.edu.tr\/wp-content\/uploads\/2024\/09\/shutterstock_asdasda.png 470w, https:\/\/dtx.metu.edu.tr\/wp-content\/uploads\/2024\/09\/shutterstock_asdasda-300x189.png 300w, https:\/\/dtx.metu.edu.tr\/wp-content\/uploads\/2024\/09\/shutterstock_asdasda-18x12.png 18w\" sizes=\"auto, (max-width: 470px) 100vw, 470px\" \/><\/div><\/div><div class=\"wpb_text_column us_custom_432d3f53\"><div class=\"wpb_wrapper\"><p>T\u00fcrkiye, \u00e7e\u015fitli ulusal politika belgelerinde belirtildi\u011fi \u00fczere, makine ve otomotiv gibi sekt\u00f6rlerde dijitalle\u015fmeyi te\u015fvik etmek i\u00e7in politikalar geli\u015ftirmektedir. Bu politikalar; insan sermayesi, i\u015f s\u00fcre\u00e7leri ve teknolojiyi birle\u015ftiren entegre bir d\u00f6n\u00fc\u015f\u00fcme duyulan ihtiyac\u0131 vurgulamaktad\u0131r. T\u00fcrk H\u00fck\u00fcmeti, 2023 y\u0131l\u0131na kadar 10 bin KOB\u0130'nin dijital hizmet almas\u0131n\u0131, 14 yetkinlik merkezinin kurulmas\u0131n\u0131 ve 20 bin dijitalle\u015fme projesinin geli\u015ftirilmesini hedeflemektedir.<\/p>\n<\/div><\/div><\/div><div class=\"w-separator size_medium\"><\/div><div class=\"w-hwrapper valign_top stack_on_mobiles align_none\"><div class=\"wpb_text_column us_custom_432d3f53\"><div class=\"wpb_wrapper\"><p>ODT\u00dc, B\u0130LT\u0130R Ara\u015ft\u0131rma ve Uygulama Merkezi ve ODT\u00dc-B\u0130LT\u0130R Dijital D\u00f6n\u00fc\u015f\u00fcm Platformu arac\u0131l\u0131\u011f\u0131yla disiplinler aras\u0131 ara\u015ft\u0131rmalar y\u00fcr\u00fctmekte, Ar-Ge hizmetleri sunmakta ve \u00fcniversite ile sanayi aras\u0131nda bir k\u00f6pr\u00fc g\u00f6revi g\u00f6rmektedir. ODT\u00dc Teknokent DTP, dijital teknoloji tedarik\u00e7ilerinin ihtiya\u00e7lar\u0131 belirlemesi, m\u00fc\u015fterilere ula\u015fmas\u0131 ve yerli \u00e7\u00f6z\u00fcmler sunmas\u0131 i\u00e7in bir platform sa\u011flamaktad\u0131r.<\/p>\n<\/div><\/div><div class=\"w-image us_custom_6009e66f m-order-first align_none\"><div class=\"w-image-h\"><img decoding=\"async\" width=\"470\" height=\"219\" src=\"https:\/\/dtx.metu.edu.tr\/wp-content\/uploads\/2024\/09\/shutterstock_2371590551asd.png?wsr\" class=\"attachment-large size-large\" alt=\"\" loading=\"lazy\" srcset=\"https:\/\/dtx.metu.edu.tr\/wp-content\/uploads\/2024\/09\/shutterstock_2371590551asd.png 470w, https:\/\/dtx.metu.edu.tr\/wp-content\/uploads\/2024\/09\/shutterstock_2371590551asd-300x140.png 300w, https:\/\/dtx.metu.edu.tr\/wp-content\/uploads\/2024\/09\/shutterstock_2371590551asd-18x8.png 18w\" sizes=\"auto, (max-width: 470px) 100vw, 470px\" \/><\/div><\/div><div class=\"w-separator size_medium\"><\/div><\/div><div class=\"w-separator size_medium\"><\/div><div class=\"wpb_text_column us_custom_432d3f53\"><div class=\"wpb_wrapper\"><p><span>Bu sekt\u00f6rlerdeki eksiklikleri gidermek amac\u0131yla Orta Do\u011fu Teknik \u00dcniversitesi (ODT\u00dc) kamp\u00fcs\u00fcnde ODT\u00dc Dijital D\u00f6n\u00fc\u015f\u00fcm ve \u0130novasyon Merkezi kurulmaktad\u0131r. Bu merkez, KOB\u0130'lerin ve di\u011fer sanayi sekt\u00f6rlerinin dijital d\u00f6n\u00fc\u015f\u00fcm ihtiya\u00e7lar\u0131n\u0131 etkin bir \u015fekilde kar\u015f\u0131layabilmelerini sa\u011flayarak, inovasyon ve geli\u015fim i\u00e7in i\u015f birli\u011fine dayal\u0131 bir ortam sunarak dijital d\u00f6n\u00fc\u015f\u00fcm s\u00fcrecini destekleyecek.<\/span><\/p>\n<\/div><\/div><\/div><\/div><\/div><\/div><\/div><\/div><\/div><\/section>","protected":false},"excerpt":{"rendered":"Project BackgroundAbout the ProjectProject BackgroundStakeholdersProject Components &#038; ActivitiesProject ObjectivesProject by NumbersThe European Union (EU) has launched initiatives like the Digital Single Market and Digitizing European Industry to support the digital transformation of SMEs. The EU has established Digital Innovation Hubs (DIHs), investing around 100 million Euros annually from 2016-2020. However, similar organizations do not exist...","protected":false},"author":1,"featured_media":0,"parent":102,"menu_order":0,"comment_status":"closed","ping_status":"closed","template":"","meta":{"_acf_changed":false,"footnotes":""},"class_list":["post-239","page","type-page","status-publish","hentry"],"acf":[],"yoast_head":"<!-- This site is optimized with the Yoast SEO plugin v25.0 - https:\/\/yoast.com\/wordpress\/plugins\/seo\/ -->\n<title>Project Background - METU-DTX<\/title>\n<meta name=\"robots\" content=\"index, follow, max-snippet:-1, max-image-preview:large, max-video-preview:-1\" \/>\n<link rel=\"canonical\" href=\"https:\/\/dtx.metu.edu.tr\/tr\/about-the-project\/project-background\/\" \/>\n<meta property=\"og:locale\" content=\"tr_TR\" \/>\n<meta property=\"og:type\" content=\"article\" \/>\n<meta property=\"og:title\" content=\"Project Background - METU-DTX\" \/>\n<meta property=\"og:url\" content=\"https:\/\/dtx.metu.edu.tr\/tr\/about-the-project\/project-background\/\" \/>\n<meta property=\"og:site_name\" content=\"METU-DTX\" \/>\n<meta property=\"article:publisher\" content=\"https:\/\/www.facebook.com\/dtx.metu\" \/>\n<meta property=\"article:modified_time\" content=\"2025-07-01T15:44:01+00:00\" \/>\n<meta name=\"twitter:card\" content=\"summary_large_image\" \/>\n<meta name=\"twitter:site\" content=\"@metudtx\" \/>\n<meta name=\"twitter:label1\" content=\"Tahmini okuma s\u00fcresi\" \/>\n\t<meta name=\"twitter:data1\" content=\"2 dakika\" \/>\n<script type=\"application\/ld+json\" class=\"yoast-schema-graph\">{\"@context\":\"https:\/\/schema.org\",\"@graph\":[{\"@type\":\"WebPage\",\"@id\":\"https:\/\/dtx.metu.edu.tr\/about-the-project\/project-background\/\",\"url\":\"https:\/\/dtx.metu.edu.tr\/about-the-project\/project-background\/\",\"name\":\"Project Background - METU-DTX\",\"isPartOf\":{\"@id\":\"https:\/\/dtx.metu.edu.tr\/tr\/#website\"},\"datePublished\":\"2024-07-31T18:02:41+00:00\",\"dateModified\":\"2025-07-01T15:44:01+00:00\",\"breadcrumb\":{\"@id\":\"https:\/\/dtx.metu.edu.tr\/about-the-project\/project-background\/#breadcrumb\"},\"inLanguage\":\"tr\",\"potentialAction\":[{\"@type\":\"ReadAction\",\"target\":[\"https:\/\/dtx.metu.edu.tr\/about-the-project\/project-background\/\"]}]},{\"@type\":\"BreadcrumbList\",\"@id\":\"https:\/\/dtx.metu.edu.tr\/about-the-project\/project-background\/#breadcrumb\",\"itemListElement\":[{\"@type\":\"ListItem\",\"position\":1,\"name\":\"Anasayfa\",\"item\":\"https:\/\/dtx.metu.edu.tr\/tr\/\"},{\"@type\":\"ListItem\",\"position\":2,\"name\":\"About the Project\",\"item\":\"https:\/\/dtx.metu.edu.tr\/about-the-project\/\"},{\"@type\":\"ListItem\",\"position\":3,\"name\":\"Project Background\"}]},{\"@type\":\"WebSite\",\"@id\":\"https:\/\/dtx.metu.edu.tr\/tr\/#website\",\"url\":\"https:\/\/dtx.metu.edu.tr\/tr\/\",\"name\":\"METU DTX\",\"description\":\"Digital Transformation and Innovation Center\",\"publisher\":{\"@id\":\"https:\/\/dtx.metu.edu.tr\/tr\/#organization\"},\"potentialAction\":[{\"@type\":\"SearchAction\",\"target\":{\"@type\":\"EntryPoint\",\"urlTemplate\":\"https:\/\/dtx.metu.edu.tr\/tr\/?s={search_term_string}\"},\"query-input\":{\"@type\":\"PropertyValueSpecification\",\"valueRequired\":true,\"valueName\":\"search_term_string\"}}],\"inLanguage\":\"tr\"},{\"@type\":\"Organization\",\"@id\":\"https:\/\/dtx.metu.edu.tr\/tr\/#organization\",\"name\":\"METU DTX\",\"url\":\"https:\/\/dtx.metu.edu.tr\/tr\/\",\"logo\":{\"@type\":\"ImageObject\",\"inLanguage\":\"tr\",\"@id\":\"https:\/\/dtx.metu.edu.tr\/tr\/#\/schema\/logo\/image\/\",\"url\":\"https:\/\/dtx.metu.edu.tr\/wp-content\/uploads\/2024\/07\/Logo.png\",\"contentUrl\":\"https:\/\/dtx.metu.edu.tr\/wp-content\/uploads\/2024\/07\/Logo.png\",\"width\":1041,\"height\":333,\"caption\":\"METU DTX\"},\"image\":{\"@id\":\"https:\/\/dtx.metu.edu.tr\/tr\/#\/schema\/logo\/image\/\"},\"sameAs\":[\"https:\/\/www.facebook.com\/dtx.metu\",\"https:\/\/x.com\/metudtx\",\"https:\/\/www.instagram.com\/metu.dtx\/\",\"https:\/\/www.linkedin.com\/company\/metu-dtx\/\"]}]}<\/script>\n<!-- \/ Yoast SEO plugin. -->","yoast_head_json":{"title":"Project Background - METU-DTX","robots":{"index":"index","follow":"follow","max-snippet":"max-snippet:-1","max-image-preview":"max-image-preview:large","max-video-preview":"max-video-preview:-1"},"canonical":"https:\/\/dtx.metu.edu.tr\/tr\/about-the-project\/project-background\/","og_locale":"tr_TR","og_type":"article","og_title":"Project Background - METU-DTX","og_url":"https:\/\/dtx.metu.edu.tr\/tr\/about-the-project\/project-background\/","og_site_name":"METU-DTX","article_publisher":"https:\/\/www.facebook.com\/dtx.metu","article_modified_time":"2025-07-01T15:44:01+00:00","twitter_card":"summary_large_image","twitter_site":"@metudtx","twitter_misc":{"Tahmini okuma s\u00fcresi":"2 dakika"},"schema":{"@context":"https:\/\/schema.org","@graph":[{"@type":"WebPage","@id":"https:\/\/dtx.metu.edu.tr\/about-the-project\/project-background\/","url":"https:\/\/dtx.metu.edu.tr\/about-the-project\/project-background\/","name":"Project Background - METU-DTX","isPartOf":{"@id":"https:\/\/dtx.metu.edu.tr\/tr\/#website"},"datePublished":"2024-07-31T18:02:41+00:00","dateModified":"2025-07-01T15:44:01+00:00","breadcrumb":{"@id":"https:\/\/dtx.metu.edu.tr\/about-the-project\/project-background\/#breadcrumb"},"inLanguage":"tr","potentialAction":[{"@type":"ReadAction","target":["https:\/\/dtx.metu.edu.tr\/about-the-project\/project-background\/"]}]},{"@type":"BreadcrumbList","@id":"https:\/\/dtx.metu.edu.tr\/about-the-project\/project-background\/#breadcrumb","itemListElement":[{"@type":"ListItem","position":1,"name":"Anasayfa","item":"https:\/\/dtx.metu.edu.tr\/tr\/"},{"@type":"ListItem","position":2,"name":"About the Project","item":"https:\/\/dtx.metu.edu.tr\/about-the-project\/"},{"@type":"ListItem","position":3,"name":"Project Background"}]},{"@type":"WebSite","@id":"https:\/\/dtx.metu.edu.tr\/tr\/#website","url":"https:\/\/dtx.metu.edu.tr\/tr\/","name":"METU DTX","description":"Digital Transformation and Innovation Center","publisher":{"@id":"https:\/\/dtx.metu.edu.tr\/tr\/#organization"},"potentialAction":[{"@type":"SearchAction","target":{"@type":"EntryPoint","urlTemplate":"https:\/\/dtx.metu.edu.tr\/tr\/?s={search_term_string}"},"query-input":{"@type":"PropertyValueSpecification","valueRequired":true,"valueName":"search_term_string"}}],"inLanguage":"tr"},{"@type":"Organization","@id":"https:\/\/dtx.metu.edu.tr\/tr\/#organization","name":"METU DTX","url":"https:\/\/dtx.metu.edu.tr\/tr\/","logo":{"@type":"ImageObject","inLanguage":"tr","@id":"https:\/\/dtx.metu.edu.tr\/tr\/#\/schema\/logo\/image\/","url":"https:\/\/dtx.metu.edu.tr\/wp-content\/uploads\/2024\/07\/Logo.png","contentUrl":"https:\/\/dtx.metu.edu.tr\/wp-content\/uploads\/2024\/07\/Logo.png","width":1041,"height":333,"caption":"METU DTX"},"image":{"@id":"https:\/\/dtx.metu.edu.tr\/tr\/#\/schema\/logo\/image\/"},"sameAs":["https:\/\/www.facebook.com\/dtx.metu","https:\/\/x.com\/metudtx","https:\/\/www.instagram.com\/metu.dtx\/","https:\/\/www.linkedin.com\/company\/metu-dtx\/"]}]}},"_links":{"self":[{"href":"https:\/\/dtx.metu.edu.tr\/tr\/wp-json\/wp\/v2\/pages\/239","targetHints":{"allow":["GET"]}}],"collection":[{"href":"https:\/\/dtx.metu.edu.tr\/tr\/wp-json\/wp\/v2\/pages"}],"about":[{"href":"https:\/\/dtx.metu.edu.tr\/tr\/wp-json\/wp\/v2\/types\/page"}],"author":[{"embeddable":true,"href":"https:\/\/dtx.metu.edu.tr\/tr\/wp-json\/wp\/v2\/users\/1"}],"replies":[{"embeddable":true,"href":"https:\/\/dtx.metu.edu.tr\/tr\/wp-json\/wp\/v2\/comments?post=239"}],"version-history":[{"count":20,"href":"https:\/\/dtx.metu.edu.tr\/tr\/wp-json\/wp\/v2\/pages\/239\/revisions"}],"predecessor-version":[{"id":1118,"href":"https:\/\/dtx.metu.edu.tr\/tr\/wp-json\/wp\/v2\/pages\/239\/revisions\/1118"}],"up":[{"embeddable":true,"href":"https:\/\/dtx.metu.edu.tr\/tr\/wp-json\/wp\/v2\/pages\/102"}],"wp:attachment":[{"href":"https:\/\/dtx.metu.edu.tr\/tr\/wp-json\/wp\/v2\/media?parent=239"}],"curies":[{"name":"wp","href":"https:\/\/api.w.org\/{rel}","templated":true}]}}