{"id":241,"date":"2024-07-31T18:02:52","date_gmt":"2024-07-31T18:02:52","guid":{"rendered":"https:\/\/dtx.metu.edu.tr\/?page_id=241"},"modified":"2025-05-30T14:47:34","modified_gmt":"2025-05-30T14:47:34","slug":"stakeholders","status":"publish","type":"page","link":"https:\/\/dtx.metu.edu.tr\/tr\/about-the-project\/stakeholders\/","title":{"rendered":"Payda\u015flar"},"content":{"rendered":"<section class=\"l-section wpb_row us_custom_1df36a6a height_medium width_full with_img parallax_fixed\"><div class=\"l-section-img\" role=\"img\" data-img-width=\"8000\" data-img-height=\"3408\" style=\"background-image: url(https:\/\/dtx.metu.edu.tr\/wp-content\/uploads\/2024\/07\/slider-bg.png?wsr);\"><\/div><div class=\"l-section-h i-cf\"><div class=\"g-cols vc_row via_grid cols_1 laptops-cols_inherit tablets-cols_inherit mobiles-cols_1 valign_top type_default stacking_default\"><div class=\"wpb_column vc_column_container\"><div class=\"vc_column-inner\"><div class=\"g-cols wpb_row us_custom_df5904c9 has_text_color via_grid cols_1 laptops-cols_inherit tablets-cols_inherit mobiles-cols_1 valign_middle type_default stacking_default\" style=\"--gap:3rem;\"><div class=\"wpb_column vc_column_container\"><div class=\"vc_column-inner\"><h2 class=\"w-post-elm post_title us_custom_d601f488 entry-title color_link_inherit\">Payda\u015flar<\/h2><\/div><\/div><\/div><div class=\"w-separator size_small\"><\/div><div class=\"g-cols wpb_row via_grid cols_1-3 laptops-cols_inherit tablets-cols_inherit mobiles-cols_1 valign_top type_default stacking_default\" style=\"--gap:3rem;\"><div class=\"wpb_column vc_column_container\"><div class=\"vc_column-inner\"><nav class=\"w-menu us_custom_615350a9 layout_ver style_blocks us_menu_1\" style=\"--main-gap:0.6rem;--main-ver-indent:0.5em;--main-hor-indent:0.5em;--main-bg-color:var(--color-header-middle-bg);--main-color:var(--color-header-transparent-text);--main-hover-bg-color:var(--color-content-link);--main-active-bg-color:var(--color-header-middle-text-hover);\"><ul id=\"menu-about-project-menu\" class=\"menu\"><li id=\"menu-item-249\" class=\"menu-item menu-item-type-post_type menu-item-object-page menu-item-249\"><a href=\"https:\/\/dtx.metu.edu.tr\/tr\/about-the-project\/\">Proje Hakk\u0131nda<\/a><\/li><li id=\"menu-item-250\" class=\"menu-item menu-item-type-post_type menu-item-object-page menu-item-250\"><a href=\"https:\/\/dtx.metu.edu.tr\/tr\/about-the-project\/project-background\/\">Proje Arka Plan\u0131<\/a><\/li><li id=\"menu-item-254\" class=\"menu-item menu-item-type-post_type menu-item-object-page menu-item-254\"><a href=\"https:\/\/dtx.metu.edu.tr\/tr\/about-the-project\/stakeholders\/\">Payda\u015flar<\/a><\/li><li id=\"menu-item-252\" class=\"menu-item menu-item-type-post_type menu-item-object-page menu-item-252\"><a href=\"https:\/\/dtx.metu.edu.tr\/tr\/about-the-project\/project-components-activities\/\">Proje Bile\u015fenleri ve Faaliyetler<\/a><\/li><li id=\"menu-item-253\" class=\"menu-item menu-item-type-post_type menu-item-object-page menu-item-253\"><a href=\"https:\/\/dtx.metu.edu.tr\/tr\/about-the-project\/project-objectives\/\">Proje Hedefleri<\/a><\/li><li id=\"menu-item-251\" class=\"menu-item menu-item-type-post_type menu-item-object-page menu-item-251\"><a href=\"https:\/\/dtx.metu.edu.tr\/tr\/about-the-project\/project-by-numbers\/\">Say\u0131larla Proje<\/a><\/li><\/ul><style>@media ( max-width:600px ){.us_menu_1 .menu{display:block!important}.us_menu_1 .menu>li{margin:0 0 var(--main-gap,0.6rem)!important}}<\/style><\/nav><\/div><\/div><div class=\"wpb_column vc_column_container text-white\"><div class=\"vc_column-inner\"><h2 class=\"w-text us_custom_6df4bc3a has_text_color\"><span class=\"w-text-h\"><span class=\"w-text-value\">TARAFLAR<\/span><\/span><\/h2><div class=\"w-hwrapper us_custom_3a6decff valign_middle stack_on_mobiles align_center\" style=\"--hwrapper-gap:3rem\"><div class=\"w-image us_custom_cc420da1 logo align_center\"><div class=\"w-image-h\"><img decoding=\"async\" width=\"238\" height=\"178\" src=\"https:\/\/dtx.metu.edu.tr\/wp-content\/uploads\/2024\/10\/delegation-of-the-eu-to-turkiye.png?wsr\" class=\"attachment-full size-full\" alt=\"\" loading=\"lazy\" srcset=\"https:\/\/dtx.metu.edu.tr\/wp-content\/uploads\/2024\/10\/delegation-of-the-eu-to-turkiye.png 238w, https:\/\/dtx.metu.edu.tr\/wp-content\/uploads\/2024\/10\/delegation-of-the-eu-to-turkiye-16x12.png 16w\" sizes=\"auto, (max-width: 238px) 100vw, 238px\" \/><\/div><\/div><div class=\"w-image us_custom_cc420da1 logo align_center\"><div class=\"w-image-h\"><img decoding=\"async\" width=\"1324\" height=\"1192\" src=\"https:\/\/dtx.metu.edu.tr\/wp-content\/uploads\/2025\/05\/Logo-Ortali_Kullanim_EN.png?wsr\" class=\"attachment-full size-full\" alt=\"\" loading=\"lazy\" srcset=\"https:\/\/dtx.metu.edu.tr\/wp-content\/uploads\/2025\/05\/Logo-Ortali_Kullanim_EN.png 1324w, https:\/\/dtx.metu.edu.tr\/wp-content\/uploads\/2025\/05\/Logo-Ortali_Kullanim_EN-300x270.png 300w, https:\/\/dtx.metu.edu.tr\/wp-content\/uploads\/2025\/05\/Logo-Ortali_Kullanim_EN-1024x922.png 1024w, https:\/\/dtx.metu.edu.tr\/wp-content\/uploads\/2025\/05\/Logo-Ortali_Kullanim_EN-13x12.png 13w\" sizes=\"auto, (max-width: 1324px) 100vw, 1324px\" \/><\/div><\/div><div class=\"w-image us_custom_cc420da1 logo align_center\"><div class=\"w-image-h\"><img decoding=\"async\" width=\"631\" height=\"946\" src=\"https:\/\/dtx.metu.edu.tr\/wp-content\/uploads\/2025\/05\/rsp_logo_en.png?wsr\" class=\"attachment-full size-full\" alt=\"\" loading=\"lazy\" srcset=\"https:\/\/dtx.metu.edu.tr\/wp-content\/uploads\/2025\/05\/rsp_logo_en.png 631w, https:\/\/dtx.metu.edu.tr\/wp-content\/uploads\/2025\/05\/rsp_logo_en-200x300.png 200w, https:\/\/dtx.metu.edu.tr\/wp-content\/uploads\/2025\/05\/rsp_logo_en-8x12.png 8w\" sizes=\"auto, (max-width: 631px) 100vw, 631px\" \/><\/div><\/div><div class=\"w-image us_custom_cc420da1 logo align_center\"><div class=\"w-image-h\"><img decoding=\"async\" width=\"237\" height=\"92\" src=\"https:\/\/dtx.metu.edu.tr\/wp-content\/uploads\/2024\/10\/metu.png?wsr\" class=\"attachment-full size-full\" alt=\"\" loading=\"lazy\" srcset=\"https:\/\/dtx.metu.edu.tr\/wp-content\/uploads\/2024\/10\/metu.png 237w, https:\/\/dtx.metu.edu.tr\/wp-content\/uploads\/2024\/10\/metu-18x7.png 18w\" sizes=\"auto, (max-width: 237px) 100vw, 237px\" \/><\/div><\/div><\/div><div class=\"w-separator size_medium\"><\/div><h2 class=\"w-text us_custom_6df4bc3a has_text_color\"><span class=\"w-text-h\"><span class=\"w-text-value\">ORTAKLAR<\/span><\/span><\/h2><div class=\"w-hwrapper us_custom_3a6decff valign_middle stack_on_mobiles align_center\" style=\"--hwrapper-gap:3rem\"><div class=\"w-vwrapper us_custom_1ad444ef align_right valign_justify\" style=\"--vwrapper-gap:3rem\"><div class=\"w-image us_custom_cc420da1 logo align_center\"><div class=\"w-image-h\"><img decoding=\"async\" width=\"301\" height=\"160\" src=\"https:\/\/dtx.metu.edu.tr\/wp-content\/uploads\/2024\/10\/metu-end-recipient-of-assistance.png?wsr\" class=\"attachment-full size-full\" alt=\"\" loading=\"lazy\" srcset=\"https:\/\/dtx.metu.edu.tr\/wp-content\/uploads\/2024\/10\/metu-end-recipient-of-assistance.png 301w, https:\/\/dtx.metu.edu.tr\/wp-content\/uploads\/2024\/10\/metu-end-recipient-of-assistance-18x10.png 18w\" sizes=\"auto, (max-width: 301px) 100vw, 301px\" \/><\/div><\/div><div class=\"w-image us_custom_cc420da1 logo align_center\"><div class=\"w-image-h\"><img decoding=\"async\" width=\"215\" height=\"151\" src=\"https:\/\/dtx.metu.edu.tr\/wp-content\/uploads\/2024\/10\/makfed-1.png?wsr\" class=\"attachment-full size-full\" alt=\"\" loading=\"lazy\" srcset=\"https:\/\/dtx.metu.edu.tr\/wp-content\/uploads\/2024\/10\/makfed-1.png 215w, https:\/\/dtx.metu.edu.tr\/wp-content\/uploads\/2024\/10\/makfed-1-18x12.png 18w\" sizes=\"auto, (max-width: 215px) 100vw, 215px\" \/><\/div><\/div><\/div><div class=\"w-vwrapper us_custom_1ad444ef align_left valign_justify\" style=\"--vwrapper-gap:3rem\"><div class=\"w-image us_custom_cc420da1 logo align_center\"><div class=\"w-image-h\"><img decoding=\"async\" width=\"337\" height=\"143\" src=\"https:\/\/dtx.metu.edu.tr\/wp-content\/uploads\/2024\/10\/odtu-teknokent.png?wsr\" class=\"attachment-full size-full\" alt=\"\" loading=\"lazy\" srcset=\"https:\/\/dtx.metu.edu.tr\/wp-content\/uploads\/2024\/10\/odtu-teknokent.png 337w, https:\/\/dtx.metu.edu.tr\/wp-content\/uploads\/2024\/10\/odtu-teknokent-300x127.png 300w, https:\/\/dtx.metu.edu.tr\/wp-content\/uploads\/2024\/10\/odtu-teknokent-18x8.png 18w\" sizes=\"auto, (max-width: 337px) 100vw, 337px\" \/><\/div><\/div><div class=\"w-image us_custom_cc420da1 logo align_center\"><div class=\"w-image-h\"><img decoding=\"async\" width=\"358\" height=\"91\" src=\"https:\/\/dtx.metu.edu.tr\/wp-content\/uploads\/2024\/10\/taysad.png?wsr\" class=\"attachment-full size-full\" alt=\"\" loading=\"lazy\" srcset=\"https:\/\/dtx.metu.edu.tr\/wp-content\/uploads\/2024\/10\/taysad.png 358w, https:\/\/dtx.metu.edu.tr\/wp-content\/uploads\/2024\/10\/taysad-300x76.png 300w, https:\/\/dtx.metu.edu.tr\/wp-content\/uploads\/2024\/10\/taysad-18x5.png 18w\" sizes=\"auto, (max-width: 358px) 100vw, 358px\" \/><\/div><\/div><\/div><\/div><div class=\"w-separator size_medium\"><\/div><h2 class=\"w-text us_custom_6df4bc3a has_text_color\"><span class=\"w-text-h\"><span class=\"w-text-value\">K\u0130L\u0130T PAYDA\u015eLAR<\/span><\/span><\/h2><div class=\"w-hwrapper us_custom_3a6decff valign_middle stack_on_mobiles align_center\" style=\"--hwrapper-gap:3rem\"><div class=\"w-image us_custom_cc420da1 logo align_none\"><div class=\"w-image-h\"><img decoding=\"async\" width=\"265\" height=\"212\" src=\"https:\/\/dtx.metu.edu.tr\/wp-content\/uploads\/2024\/10\/Asset-2.png?wsr\" class=\"attachment-full size-full\" alt=\"\" loading=\"lazy\" srcset=\"https:\/\/dtx.metu.edu.tr\/wp-content\/uploads\/2024\/10\/Asset-2.png 265w, https:\/\/dtx.metu.edu.tr\/wp-content\/uploads\/2024\/10\/Asset-2-15x12.png 15w\" sizes=\"auto, (max-width: 265px) 100vw, 265px\" \/><\/div><\/div><div class=\"w-image us_custom_cc420da1 logo align_none\"><div class=\"w-image-h\"><img decoding=\"async\" width=\"259\" height=\"259\" src=\"https:\/\/dtx.metu.edu.tr\/wp-content\/uploads\/2024\/10\/Asset-1.png?wsr\" class=\"attachment-full size-full\" alt=\"\" loading=\"lazy\" srcset=\"https:\/\/dtx.metu.edu.tr\/wp-content\/uploads\/2024\/10\/Asset-1.png 259w, https:\/\/dtx.metu.edu.tr\/wp-content\/uploads\/2024\/10\/Asset-1-150x150.png 150w, https:\/\/dtx.metu.edu.tr\/wp-content\/uploads\/2024\/10\/Asset-1-12x12.png 12w\" sizes=\"auto, (max-width: 259px) 100vw, 259px\" \/><\/div><\/div><\/div><\/div><\/div><\/div><\/div><\/div><\/div><\/div><\/section>","protected":false},"excerpt":{"rendered":"StakeholdersAbout the ProjectProject BackgroundStakeholdersProject Components &#038; ActivitiesProject ObjectivesProject by NumbersPARTIESPARTNERSKEY STAKEHOLDERS","protected":false},"author":1,"featured_media":0,"parent":102,"menu_order":0,"comment_status":"closed","ping_status":"closed","template":"","meta":{"_acf_changed":false,"footnotes":""},"class_list":["post-241","page","type-page","status-publish","hentry"],"acf":[],"yoast_head":"<!-- This site is optimized with the Yoast SEO plugin v25.0 - https:\/\/yoast.com\/wordpress\/plugins\/seo\/ -->\n<title>Stakeholders - METU-DTX<\/title>\n<meta name=\"robots\" content=\"index, follow, max-snippet:-1, max-image-preview:large, max-video-preview:-1\" \/>\n<link rel=\"canonical\" href=\"https:\/\/dtx.metu.edu.tr\/tr\/about-the-project\/stakeholders\/\" \/>\n<meta property=\"og:locale\" content=\"tr_TR\" \/>\n<meta property=\"og:type\" content=\"article\" \/>\n<meta property=\"og:title\" content=\"Stakeholders - METU-DTX\" \/>\n<meta property=\"og:url\" content=\"https:\/\/dtx.metu.edu.tr\/tr\/about-the-project\/stakeholders\/\" \/>\n<meta property=\"og:site_name\" content=\"METU-DTX\" \/>\n<meta property=\"article:publisher\" content=\"https:\/\/www.facebook.com\/dtx.metu\" \/>\n<meta property=\"article:modified_time\" content=\"2025-05-30T14:47:34+00:00\" \/>\n<meta name=\"twitter:card\" content=\"summary_large_image\" \/>\n<meta name=\"twitter:site\" content=\"@metudtx\" \/>\n<meta name=\"twitter:label1\" content=\"Tahmini okuma s\u00fcresi\" \/>\n\t<meta name=\"twitter:data1\" content=\"1 dakika\" \/>\n<script type=\"application\/ld+json\" class=\"yoast-schema-graph\">{\"@context\":\"https:\/\/schema.org\",\"@graph\":[{\"@type\":\"WebPage\",\"@id\":\"https:\/\/dtx.metu.edu.tr\/about-the-project\/stakeholders\/\",\"url\":\"https:\/\/dtx.metu.edu.tr\/about-the-project\/stakeholders\/\",\"name\":\"Stakeholders - METU-DTX\",\"isPartOf\":{\"@id\":\"https:\/\/dtx.metu.edu.tr\/tr\/#website\"},\"datePublished\":\"2024-07-31T18:02:52+00:00\",\"dateModified\":\"2025-05-30T14:47:34+00:00\",\"breadcrumb\":{\"@id\":\"https:\/\/dtx.metu.edu.tr\/about-the-project\/stakeholders\/#breadcrumb\"},\"inLanguage\":\"tr\",\"potentialAction\":[{\"@type\":\"ReadAction\",\"target\":[\"https:\/\/dtx.metu.edu.tr\/about-the-project\/stakeholders\/\"]}]},{\"@type\":\"BreadcrumbList\",\"@id\":\"https:\/\/dtx.metu.edu.tr\/about-the-project\/stakeholders\/#breadcrumb\",\"itemListElement\":[{\"@type\":\"ListItem\",\"position\":1,\"name\":\"Anasayfa\",\"item\":\"https:\/\/dtx.metu.edu.tr\/tr\/\"},{\"@type\":\"ListItem\",\"position\":2,\"name\":\"About the Project\",\"item\":\"https:\/\/dtx.metu.edu.tr\/about-the-project\/\"},{\"@type\":\"ListItem\",\"position\":3,\"name\":\"Stakeholders\"}]},{\"@type\":\"WebSite\",\"@id\":\"https:\/\/dtx.metu.edu.tr\/tr\/#website\",\"url\":\"https:\/\/dtx.metu.edu.tr\/tr\/\",\"name\":\"METU DTX\",\"description\":\"Digital Transformation and Innovation Center\",\"publisher\":{\"@id\":\"https:\/\/dtx.metu.edu.tr\/tr\/#organization\"},\"potentialAction\":[{\"@type\":\"SearchAction\",\"target\":{\"@type\":\"EntryPoint\",\"urlTemplate\":\"https:\/\/dtx.metu.edu.tr\/tr\/?s={search_term_string}\"},\"query-input\":{\"@type\":\"PropertyValueSpecification\",\"valueRequired\":true,\"valueName\":\"search_term_string\"}}],\"inLanguage\":\"tr\"},{\"@type\":\"Organization\",\"@id\":\"https:\/\/dtx.metu.edu.tr\/tr\/#organization\",\"name\":\"METU DTX\",\"url\":\"https:\/\/dtx.metu.edu.tr\/tr\/\",\"logo\":{\"@type\":\"ImageObject\",\"inLanguage\":\"tr\",\"@id\":\"https:\/\/dtx.metu.edu.tr\/tr\/#\/schema\/logo\/image\/\",\"url\":\"https:\/\/dtx.metu.edu.tr\/wp-content\/uploads\/2024\/07\/Logo.png\",\"contentUrl\":\"https:\/\/dtx.metu.edu.tr\/wp-content\/uploads\/2024\/07\/Logo.png\",\"width\":1041,\"height\":333,\"caption\":\"METU DTX\"},\"image\":{\"@id\":\"https:\/\/dtx.metu.edu.tr\/tr\/#\/schema\/logo\/image\/\"},\"sameAs\":[\"https:\/\/www.facebook.com\/dtx.metu\",\"https:\/\/x.com\/metudtx\",\"https:\/\/www.instagram.com\/metu.dtx\/\",\"https:\/\/www.linkedin.com\/company\/metu-dtx\/\"]}]}<\/script>\n<!-- \/ Yoast SEO plugin. -->","yoast_head_json":{"title":"Stakeholders - METU-DTX","robots":{"index":"index","follow":"follow","max-snippet":"max-snippet:-1","max-image-preview":"max-image-preview:large","max-video-preview":"max-video-preview:-1"},"canonical":"https:\/\/dtx.metu.edu.tr\/tr\/about-the-project\/stakeholders\/","og_locale":"tr_TR","og_type":"article","og_title":"Stakeholders - METU-DTX","og_url":"https:\/\/dtx.metu.edu.tr\/tr\/about-the-project\/stakeholders\/","og_site_name":"METU-DTX","article_publisher":"https:\/\/www.facebook.com\/dtx.metu","article_modified_time":"2025-05-30T14:47:34+00:00","twitter_card":"summary_large_image","twitter_site":"@metudtx","twitter_misc":{"Tahmini okuma s\u00fcresi":"1 dakika"},"schema":{"@context":"https:\/\/schema.org","@graph":[{"@type":"WebPage","@id":"https:\/\/dtx.metu.edu.tr\/about-the-project\/stakeholders\/","url":"https:\/\/dtx.metu.edu.tr\/about-the-project\/stakeholders\/","name":"Stakeholders - METU-DTX","isPartOf":{"@id":"https:\/\/dtx.metu.edu.tr\/tr\/#website"},"datePublished":"2024-07-31T18:02:52+00:00","dateModified":"2025-05-30T14:47:34+00:00","breadcrumb":{"@id":"https:\/\/dtx.metu.edu.tr\/about-the-project\/stakeholders\/#breadcrumb"},"inLanguage":"tr","potentialAction":[{"@type":"ReadAction","target":["https:\/\/dtx.metu.edu.tr\/about-the-project\/stakeholders\/"]}]},{"@type":"BreadcrumbList","@id":"https:\/\/dtx.metu.edu.tr\/about-the-project\/stakeholders\/#breadcrumb","itemListElement":[{"@type":"ListItem","position":1,"name":"Anasayfa","item":"https:\/\/dtx.metu.edu.tr\/tr\/"},{"@type":"ListItem","position":2,"name":"About the Project","item":"https:\/\/dtx.metu.edu.tr\/about-the-project\/"},{"@type":"ListItem","position":3,"name":"Stakeholders"}]},{"@type":"WebSite","@id":"https:\/\/dtx.metu.edu.tr\/tr\/#website","url":"https:\/\/dtx.metu.edu.tr\/tr\/","name":"METU DTX","description":"Digital Transformation and Innovation Center","publisher":{"@id":"https:\/\/dtx.metu.edu.tr\/tr\/#organization"},"potentialAction":[{"@type":"SearchAction","target":{"@type":"EntryPoint","urlTemplate":"https:\/\/dtx.metu.edu.tr\/tr\/?s={search_term_string}"},"query-input":{"@type":"PropertyValueSpecification","valueRequired":true,"valueName":"search_term_string"}}],"inLanguage":"tr"},{"@type":"Organization","@id":"https:\/\/dtx.metu.edu.tr\/tr\/#organization","name":"METU DTX","url":"https:\/\/dtx.metu.edu.tr\/tr\/","logo":{"@type":"ImageObject","inLanguage":"tr","@id":"https:\/\/dtx.metu.edu.tr\/tr\/#\/schema\/logo\/image\/","url":"https:\/\/dtx.metu.edu.tr\/wp-content\/uploads\/2024\/07\/Logo.png","contentUrl":"https:\/\/dtx.metu.edu.tr\/wp-content\/uploads\/2024\/07\/Logo.png","width":1041,"height":333,"caption":"METU DTX"},"image":{"@id":"https:\/\/dtx.metu.edu.tr\/tr\/#\/schema\/logo\/image\/"},"sameAs":["https:\/\/www.facebook.com\/dtx.metu","https:\/\/x.com\/metudtx","https:\/\/www.instagram.com\/metu.dtx\/","https:\/\/www.linkedin.com\/company\/metu-dtx\/"]}]}},"_links":{"self":[{"href":"https:\/\/dtx.metu.edu.tr\/tr\/wp-json\/wp\/v2\/pages\/241","targetHints":{"allow":["GET"]}}],"collection":[{"href":"https:\/\/dtx.metu.edu.tr\/tr\/wp-json\/wp\/v2\/pages"}],"about":[{"href":"https:\/\/dtx.metu.edu.tr\/tr\/wp-json\/wp\/v2\/types\/page"}],"author":[{"embeddable":true,"href":"https:\/\/dtx.metu.edu.tr\/tr\/wp-json\/wp\/v2\/users\/1"}],"replies":[{"embeddable":true,"href":"https:\/\/dtx.metu.edu.tr\/tr\/wp-json\/wp\/v2\/comments?post=241"}],"version-history":[{"count":36,"href":"https:\/\/dtx.metu.edu.tr\/tr\/wp-json\/wp\/v2\/pages\/241\/revisions"}],"predecessor-version":[{"id":1089,"href":"https:\/\/dtx.metu.edu.tr\/tr\/wp-json\/wp\/v2\/pages\/241\/revisions\/1089"}],"up":[{"embeddable":true,"href":"https:\/\/dtx.metu.edu.tr\/tr\/wp-json\/wp\/v2\/pages\/102"}],"wp:attachment":[{"href":"https:\/\/dtx.metu.edu.tr\/tr\/wp-json\/wp\/v2\/media?parent=241"}],"curies":[{"name":"wp","href":"https:\/\/api.w.org\/{rel}","templated":true}]}}