{"id":245,"date":"2024-07-31T18:03:12","date_gmt":"2024-07-31T18:03:12","guid":{"rendered":"https:\/\/dtx.metu.edu.tr\/?page_id=245"},"modified":"2025-01-10T15:58:03","modified_gmt":"2025-01-10T15:58:03","slug":"project-objectives","status":"publish","type":"page","link":"https:\/\/dtx.metu.edu.tr\/tr\/about-the-project\/project-objectives\/","title":{"rendered":"Proje Hedefleri"},"content":{"rendered":"<section class=\"l-section wpb_row us_custom_1df36a6a height_medium width_full with_img parallax_fixed\"><div class=\"l-section-img\" role=\"img\" data-img-width=\"8000\" data-img-height=\"3408\" style=\"background-image: url(https:\/\/dtx.metu.edu.tr\/wp-content\/uploads\/2024\/07\/slider-bg.png?wsr);\"><\/div><div class=\"l-section-h i-cf\"><div class=\"g-cols vc_row via_grid cols_1 laptops-cols_inherit tablets-cols_inherit mobiles-cols_1 valign_top type_default stacking_default\"><div class=\"wpb_column vc_column_container\"><div class=\"vc_column-inner\"><div class=\"g-cols wpb_row us_custom_df5904c9 has_text_color via_grid cols_1 laptops-cols_inherit tablets-cols_inherit mobiles-cols_1 valign_middle type_default stacking_default\" style=\"--gap:3rem;\"><div class=\"wpb_column vc_column_container\"><div class=\"vc_column-inner\"><h2 class=\"w-post-elm post_title us_custom_69a0ebf9 has_text_color entry-title color_link_inherit\">Proje Hedefleri<\/h2><\/div><\/div><\/div><div class=\"w-separator size_small\"><\/div><div class=\"g-cols wpb_row text-white via_grid cols_1-3 laptops-cols_inherit tablets-cols_inherit mobiles-cols_1 valign_top type_default stacking_default\" style=\"--gap:3rem;\"><div class=\"wpb_column vc_column_container\"><div class=\"vc_column-inner\"><nav class=\"w-menu us_custom_615350a9 layout_ver style_blocks us_menu_1\" style=\"--main-gap:0.6rem;--main-ver-indent:0.5em;--main-hor-indent:0.5em;--main-bg-color:var(--color-header-middle-bg);--main-color:var(--color-header-transparent-text);--main-hover-bg-color:var(--color-content-link);--main-active-bg-color:var(--color-header-middle-text-hover);\"><ul id=\"menu-about-project-menu\" class=\"menu\"><li id=\"menu-item-249\" class=\"menu-item menu-item-type-post_type menu-item-object-page menu-item-249\"><a href=\"https:\/\/dtx.metu.edu.tr\/tr\/about-the-project\/\">Proje Hakk\u0131nda<\/a><\/li><li id=\"menu-item-250\" class=\"menu-item menu-item-type-post_type menu-item-object-page menu-item-250\"><a href=\"https:\/\/dtx.metu.edu.tr\/tr\/about-the-project\/project-background\/\">Proje Arka Plan\u0131<\/a><\/li><li id=\"menu-item-254\" class=\"menu-item menu-item-type-post_type menu-item-object-page menu-item-254\"><a href=\"https:\/\/dtx.metu.edu.tr\/tr\/about-the-project\/stakeholders\/\">Payda\u015flar<\/a><\/li><li id=\"menu-item-252\" class=\"menu-item menu-item-type-post_type menu-item-object-page menu-item-252\"><a href=\"https:\/\/dtx.metu.edu.tr\/tr\/about-the-project\/project-components-activities\/\">Proje Bile\u015fenleri ve Faaliyetler<\/a><\/li><li id=\"menu-item-253\" class=\"menu-item menu-item-type-post_type menu-item-object-page menu-item-253\"><a href=\"https:\/\/dtx.metu.edu.tr\/tr\/about-the-project\/project-objectives\/\">Proje Hedefleri<\/a><\/li><li id=\"menu-item-251\" class=\"menu-item menu-item-type-post_type menu-item-object-page menu-item-251\"><a href=\"https:\/\/dtx.metu.edu.tr\/tr\/about-the-project\/project-by-numbers\/\">Say\u0131larla Proje<\/a><\/li><\/ul><style>@media ( max-width:600px ){.us_menu_1 .menu{display:block!important}.us_menu_1 .menu>li{margin:0 0 var(--main-gap,0.6rem)!important}}<\/style><\/nav><\/div><\/div><div class=\"wpb_column vc_column_container\"><div class=\"vc_column-inner\"><div class=\"w-image align_center\"><div class=\"w-image-h\"><img decoding=\"async\" width=\"1212\" height=\"326\" src=\"https:\/\/dtx.metu.edu.tr\/wp-content\/uploads\/2024\/09\/asd.png?wsr\" class=\"attachment-full size-full\" alt=\"\" loading=\"lazy\" srcset=\"https:\/\/dtx.metu.edu.tr\/wp-content\/uploads\/2024\/09\/asd.png 1212w, https:\/\/dtx.metu.edu.tr\/wp-content\/uploads\/2024\/09\/asd-300x81.png 300w, https:\/\/dtx.metu.edu.tr\/wp-content\/uploads\/2024\/09\/asd-1024x275.png 1024w, https:\/\/dtx.metu.edu.tr\/wp-content\/uploads\/2024\/09\/asd-18x5.png 18w\" sizes=\"auto, (max-width: 1212px) 100vw, 1212px\" \/><\/div><\/div><div class=\"w-separator size_small\"><\/div><div class=\"wpb_text_column us_custom_432d3f53\"><div class=\"wpb_wrapper\"><p class=\"translation-block\">ODT\u00dc-DTX'in temel amac\u0131, ak\u0131ll\u0131 \u00fcr\u00fcnlere ve dijitalle\u015ftirilmi\u015f s\u00fcre\u00e7lere odaklanan \u00e7\u00f6z\u00fcm odakl\u0131 Ar-Ge projeleri arac\u0131l\u0131\u011f\u0131yla ba\u015fta makine ve otomotiv end\u00fcstrileri olmak \u00fczere T\u00fcrkiye'nin <strong>imalat sekt\u00f6r\u00fcn\u00fcn rekabet g\u00fcc\u00fcn\u00fc<\/strong> ve <strong>AB de\u011fer zinciri entegrasyonunu<\/strong> art\u0131rmakt\u0131r. Merkez ayr\u0131ca imalat sanayi KOB\u0130'lerinin dijital teknoloji kullan\u0131m\u0131n\u0131n art\u0131r\u0131lmas\u0131 i\u00e7in <strong>ara\u015ft\u0131rma ve geli\u015ftirme kapasitesini<\/strong> ve <strong>akademi ile sanayi aras\u0131ndaki i\u015f birli\u011fini<\/strong> geli\u015ftirmeyi ama\u00e7lamaktad\u0131r.<\/p>\n<\/div><\/div><div class=\"w-separator size_small\"><\/div><div class=\"w-hwrapper us_custom_44b8328e valign_top stack_on_mobiles align_justify\"><div class=\"w-vwrapper us_custom_8abbfb54 grey-box align_none valign_top\"><div class=\"w-text us_custom_1d637848 grey-card-header\"><span class=\"w-text-h\"><span class=\"w-text-value\">Vizyonumuz,<\/span><\/span><\/div><div class=\"w-separator size_custom with_line width_default thick_1 style_solid color_border align_center\" style=\"height:10px\"><div class=\"w-separator-h\"><\/div><\/div><div class=\"wpb_text_column us_custom_80a192e9 list-outside\"><div class=\"wpb_wrapper\"><ul>\n<li>gelece\u011fin teknolojik d\u00f6n\u00fc\u015f\u00fcm\u00fcne \u00f6nc\u00fcl\u00fck etmek,<\/li>\n<li>yenilik\u00e7i bir yakla\u015f\u0131m benimsemek ve<\/li>\n<li>merkezi s\u00fcrd\u00fcr\u00fclebilir ba\u015far\u0131ya ta\u015f\u0131makt\u0131r.<\/li>\n<\/ul>\n<\/div><\/div><\/div><div class=\"w-vwrapper us_custom_ea470bde grey-box align_none valign_top\"><div class=\"w-text us_custom_1d637848 grey-card-header\"><span class=\"w-text-h\"><span class=\"w-text-value\">Bu vizyon \u00e7er\u00e7evesinde stratejik hedeflerimiz,<\/span><\/span><\/div><div class=\"w-separator size_custom with_line width_default thick_1 style_solid color_border align_center\" style=\"height:10px\"><div class=\"w-separator-h\"><\/div><\/div><div class=\"wpb_text_column us_custom_80a192e9 list-outside\"><div class=\"wpb_wrapper\"><ul>\n<li>teknolojiye liderlik etmek<\/li>\n<li>yenilik\u00e7i \u00e7\u00f6z\u00fcmler \u00fcretmek,<\/li>\n<li>beceri geli\u015fiminin s\u00fcreklili\u011fini sa\u011flamak ve<\/li>\n<li>k\u00fcresel etki ile i\u015f birli\u011fi a\u011f\u0131 olu\u015fturmakt\u0131r.<\/li>\n<\/ul>\n<\/div><\/div><\/div><\/div><\/div><\/div><\/div><\/div><\/div><\/div><\/div><\/section>","protected":false},"excerpt":{"rendered":"Project ObjectivesAbout the ProjectProject BackgroundStakeholdersProject Components &#038; ActivitiesProject ObjectivesProject by NumbersThe main objective of METU-DTX is to enhance the competitiveness and EU value chain integration of T\u00fcrkiye\u2019s manufacturing sector, particularly the machinery and automotive industries, through solution-driven R&amp;D projects focused on smart products and digitalized processes. The Centre also aims to improve the research and...","protected":false},"author":1,"featured_media":0,"parent":102,"menu_order":0,"comment_status":"closed","ping_status":"closed","template":"","meta":{"_acf_changed":false,"footnotes":""},"class_list":["post-245","page","type-page","status-publish","hentry"],"acf":[],"yoast_head":"<!-- This site is optimized with the Yoast SEO plugin v25.0 - https:\/\/yoast.com\/wordpress\/plugins\/seo\/ -->\n<title>Project Objectives - METU-DTX<\/title>\n<meta name=\"robots\" content=\"index, follow, max-snippet:-1, max-image-preview:large, max-video-preview:-1\" \/>\n<link rel=\"canonical\" href=\"https:\/\/dtx.metu.edu.tr\/tr\/about-the-project\/project-objectives\/\" \/>\n<meta property=\"og:locale\" content=\"tr_TR\" \/>\n<meta property=\"og:type\" content=\"article\" \/>\n<meta property=\"og:title\" content=\"Project Objectives - METU-DTX\" \/>\n<meta property=\"og:url\" content=\"https:\/\/dtx.metu.edu.tr\/tr\/about-the-project\/project-objectives\/\" \/>\n<meta property=\"og:site_name\" content=\"METU-DTX\" \/>\n<meta property=\"article:publisher\" content=\"https:\/\/www.facebook.com\/dtx.metu\" \/>\n<meta property=\"article:modified_time\" content=\"2025-01-10T15:58:03+00:00\" \/>\n<meta name=\"twitter:card\" content=\"summary_large_image\" \/>\n<meta name=\"twitter:site\" content=\"@metudtx\" \/>\n<meta name=\"twitter:label1\" content=\"Tahmini okuma s\u00fcresi\" \/>\n\t<meta name=\"twitter:data1\" content=\"1 dakika\" \/>\n<script type=\"application\/ld+json\" class=\"yoast-schema-graph\">{\"@context\":\"https:\/\/schema.org\",\"@graph\":[{\"@type\":\"WebPage\",\"@id\":\"https:\/\/dtx.metu.edu.tr\/about-the-project\/project-objectives\/\",\"url\":\"https:\/\/dtx.metu.edu.tr\/about-the-project\/project-objectives\/\",\"name\":\"Project Objectives - METU-DTX\",\"isPartOf\":{\"@id\":\"https:\/\/dtx.metu.edu.tr\/tr\/#website\"},\"datePublished\":\"2024-07-31T18:03:12+00:00\",\"dateModified\":\"2025-01-10T15:58:03+00:00\",\"breadcrumb\":{\"@id\":\"https:\/\/dtx.metu.edu.tr\/about-the-project\/project-objectives\/#breadcrumb\"},\"inLanguage\":\"tr\",\"potentialAction\":[{\"@type\":\"ReadAction\",\"target\":[\"https:\/\/dtx.metu.edu.tr\/about-the-project\/project-objectives\/\"]}]},{\"@type\":\"BreadcrumbList\",\"@id\":\"https:\/\/dtx.metu.edu.tr\/about-the-project\/project-objectives\/#breadcrumb\",\"itemListElement\":[{\"@type\":\"ListItem\",\"position\":1,\"name\":\"Anasayfa\",\"item\":\"https:\/\/dtx.metu.edu.tr\/tr\/\"},{\"@type\":\"ListItem\",\"position\":2,\"name\":\"About the Project\",\"item\":\"https:\/\/dtx.metu.edu.tr\/about-the-project\/\"},{\"@type\":\"ListItem\",\"position\":3,\"name\":\"Project Objectives\"}]},{\"@type\":\"WebSite\",\"@id\":\"https:\/\/dtx.metu.edu.tr\/tr\/#website\",\"url\":\"https:\/\/dtx.metu.edu.tr\/tr\/\",\"name\":\"METU DTX\",\"description\":\"Digital Transformation and Innovation Center\",\"publisher\":{\"@id\":\"https:\/\/dtx.metu.edu.tr\/tr\/#organization\"},\"potentialAction\":[{\"@type\":\"SearchAction\",\"target\":{\"@type\":\"EntryPoint\",\"urlTemplate\":\"https:\/\/dtx.metu.edu.tr\/tr\/?s={search_term_string}\"},\"query-input\":{\"@type\":\"PropertyValueSpecification\",\"valueRequired\":true,\"valueName\":\"search_term_string\"}}],\"inLanguage\":\"tr\"},{\"@type\":\"Organization\",\"@id\":\"https:\/\/dtx.metu.edu.tr\/tr\/#organization\",\"name\":\"METU DTX\",\"url\":\"https:\/\/dtx.metu.edu.tr\/tr\/\",\"logo\":{\"@type\":\"ImageObject\",\"inLanguage\":\"tr\",\"@id\":\"https:\/\/dtx.metu.edu.tr\/tr\/#\/schema\/logo\/image\/\",\"url\":\"https:\/\/dtx.metu.edu.tr\/wp-content\/uploads\/2024\/07\/Logo.png\",\"contentUrl\":\"https:\/\/dtx.metu.edu.tr\/wp-content\/uploads\/2024\/07\/Logo.png\",\"width\":1041,\"height\":333,\"caption\":\"METU DTX\"},\"image\":{\"@id\":\"https:\/\/dtx.metu.edu.tr\/tr\/#\/schema\/logo\/image\/\"},\"sameAs\":[\"https:\/\/www.facebook.com\/dtx.metu\",\"https:\/\/x.com\/metudtx\",\"https:\/\/www.instagram.com\/metu.dtx\/\",\"https:\/\/www.linkedin.com\/company\/metu-dtx\/\"]}]}<\/script>\n<!-- \/ Yoast SEO plugin. -->","yoast_head_json":{"title":"Project Objectives - METU-DTX","robots":{"index":"index","follow":"follow","max-snippet":"max-snippet:-1","max-image-preview":"max-image-preview:large","max-video-preview":"max-video-preview:-1"},"canonical":"https:\/\/dtx.metu.edu.tr\/tr\/about-the-project\/project-objectives\/","og_locale":"tr_TR","og_type":"article","og_title":"Project Objectives - METU-DTX","og_url":"https:\/\/dtx.metu.edu.tr\/tr\/about-the-project\/project-objectives\/","og_site_name":"METU-DTX","article_publisher":"https:\/\/www.facebook.com\/dtx.metu","article_modified_time":"2025-01-10T15:58:03+00:00","twitter_card":"summary_large_image","twitter_site":"@metudtx","twitter_misc":{"Tahmini okuma s\u00fcresi":"1 dakika"},"schema":{"@context":"https:\/\/schema.org","@graph":[{"@type":"WebPage","@id":"https:\/\/dtx.metu.edu.tr\/about-the-project\/project-objectives\/","url":"https:\/\/dtx.metu.edu.tr\/about-the-project\/project-objectives\/","name":"Project Objectives - METU-DTX","isPartOf":{"@id":"https:\/\/dtx.metu.edu.tr\/tr\/#website"},"datePublished":"2024-07-31T18:03:12+00:00","dateModified":"2025-01-10T15:58:03+00:00","breadcrumb":{"@id":"https:\/\/dtx.metu.edu.tr\/about-the-project\/project-objectives\/#breadcrumb"},"inLanguage":"tr","potentialAction":[{"@type":"ReadAction","target":["https:\/\/dtx.metu.edu.tr\/about-the-project\/project-objectives\/"]}]},{"@type":"BreadcrumbList","@id":"https:\/\/dtx.metu.edu.tr\/about-the-project\/project-objectives\/#breadcrumb","itemListElement":[{"@type":"ListItem","position":1,"name":"Anasayfa","item":"https:\/\/dtx.metu.edu.tr\/tr\/"},{"@type":"ListItem","position":2,"name":"About the Project","item":"https:\/\/dtx.metu.edu.tr\/about-the-project\/"},{"@type":"ListItem","position":3,"name":"Project Objectives"}]},{"@type":"WebSite","@id":"https:\/\/dtx.metu.edu.tr\/tr\/#website","url":"https:\/\/dtx.metu.edu.tr\/tr\/","name":"METU DTX","description":"Digital Transformation and Innovation Center","publisher":{"@id":"https:\/\/dtx.metu.edu.tr\/tr\/#organization"},"potentialAction":[{"@type":"SearchAction","target":{"@type":"EntryPoint","urlTemplate":"https:\/\/dtx.metu.edu.tr\/tr\/?s={search_term_string}"},"query-input":{"@type":"PropertyValueSpecification","valueRequired":true,"valueName":"search_term_string"}}],"inLanguage":"tr"},{"@type":"Organization","@id":"https:\/\/dtx.metu.edu.tr\/tr\/#organization","name":"METU DTX","url":"https:\/\/dtx.metu.edu.tr\/tr\/","logo":{"@type":"ImageObject","inLanguage":"tr","@id":"https:\/\/dtx.metu.edu.tr\/tr\/#\/schema\/logo\/image\/","url":"https:\/\/dtx.metu.edu.tr\/wp-content\/uploads\/2024\/07\/Logo.png","contentUrl":"https:\/\/dtx.metu.edu.tr\/wp-content\/uploads\/2024\/07\/Logo.png","width":1041,"height":333,"caption":"METU DTX"},"image":{"@id":"https:\/\/dtx.metu.edu.tr\/tr\/#\/schema\/logo\/image\/"},"sameAs":["https:\/\/www.facebook.com\/dtx.metu","https:\/\/x.com\/metudtx","https:\/\/www.instagram.com\/metu.dtx\/","https:\/\/www.linkedin.com\/company\/metu-dtx\/"]}]}},"_links":{"self":[{"href":"https:\/\/dtx.metu.edu.tr\/tr\/wp-json\/wp\/v2\/pages\/245","targetHints":{"allow":["GET"]}}],"collection":[{"href":"https:\/\/dtx.metu.edu.tr\/tr\/wp-json\/wp\/v2\/pages"}],"about":[{"href":"https:\/\/dtx.metu.edu.tr\/tr\/wp-json\/wp\/v2\/types\/page"}],"author":[{"embeddable":true,"href":"https:\/\/dtx.metu.edu.tr\/tr\/wp-json\/wp\/v2\/users\/1"}],"replies":[{"embeddable":true,"href":"https:\/\/dtx.metu.edu.tr\/tr\/wp-json\/wp\/v2\/comments?post=245"}],"version-history":[{"count":18,"href":"https:\/\/dtx.metu.edu.tr\/tr\/wp-json\/wp\/v2\/pages\/245\/revisions"}],"predecessor-version":[{"id":996,"href":"https:\/\/dtx.metu.edu.tr\/tr\/wp-json\/wp\/v2\/pages\/245\/revisions\/996"}],"up":[{"embeddable":true,"href":"https:\/\/dtx.metu.edu.tr\/tr\/wp-json\/wp\/v2\/pages\/102"}],"wp:attachment":[{"href":"https:\/\/dtx.metu.edu.tr\/tr\/wp-json\/wp\/v2\/media?parent=245"}],"curies":[{"name":"wp","href":"https:\/\/api.w.org\/{rel}","templated":true}]}}