{"id":280,"date":"2024-07-31T18:19:14","date_gmt":"2024-07-31T18:19:14","guid":{"rendered":"https:\/\/dtx.metu.edu.tr\/?page_id=280"},"modified":"2025-01-10T15:54:13","modified_gmt":"2025-01-10T15:54:13","slug":"services","status":"publish","type":"page","link":"https:\/\/dtx.metu.edu.tr\/tr\/about-the-centre\/services\/","title":{"rendered":"Hizmetler"},"content":{"rendered":"<section class=\"l-section wpb_row us_custom_730145b9 height_medium width_full with_img\"><div class=\"l-section-img\" role=\"img\" data-img-width=\"8000\" data-img-height=\"3408\" style=\"background-image: url(https:\/\/dtx.metu.edu.tr\/wp-content\/uploads\/2024\/07\/slider-bg.png?wsr);\"><\/div><div class=\"l-section-h i-cf\"><div class=\"g-cols vc_row via_grid cols_1 laptops-cols_inherit tablets-cols_inherit mobiles-cols_1 valign_top type_default stacking_default\"><div class=\"wpb_column vc_column_container\"><div class=\"vc_column-inner\"><h2 class=\"w-post-elm post_title us_custom_69a0ebf9 has_text_color entry-title color_link_inherit\">Hizmetler<\/h2><\/div><\/div><\/div><\/div><\/section><section class=\"l-section wpb_row us_custom_1df36a6a height_medium width_full\"><div class=\"l-section-h i-cf\"><div class=\"g-cols vc_row via_grid cols_1-3 laptops-cols_inherit tablets-cols_inherit mobiles-cols_1 valign_top type_default stacking_default\"><div class=\"wpb_column vc_column_container\"><div class=\"vc_column-inner\"><nav class=\"w-menu us_custom_615350a9 layout_ver style_blocks us_menu_1\" style=\"--main-gap:0.2rem;--main-ver-indent:0.5em;--main-hor-indent:0.5em;--main-bg-color:var(--color-header-middle-bg);--main-color:var(--color-header-transparent-text);--main-hover-bg-color:var(--color-content-link);--main-active-bg-color:var(--color-header-middle-text-hover);\"><ul id=\"menu-about-center-menu\" class=\"menu\"><li id=\"menu-item-293\" class=\"menu-item menu-item-type-post_type menu-item-object-page menu-item-293\"><a href=\"https:\/\/dtx.metu.edu.tr\/tr\/about-the-centre\/virtual-and-augmented-reality-laboratory\/\">Laboratuvarlar<\/a><\/li><li id=\"menu-item-291\" class=\"menu-item menu-item-type-post_type menu-item-object-page menu-item-291\"><a href=\"https:\/\/dtx.metu.edu.tr\/tr\/about-the-centre\/services\/\">Hizmetler<\/a><\/li><li id=\"menu-item-713\" class=\"menu-item menu-item-type-post_type menu-item-object-page menu-item-713\"><a href=\"https:\/\/dtx.metu.edu.tr\/tr\/about-the-centre\/equipment\/\">Ekipman<\/a><\/li><li id=\"menu-item-290\" class=\"menu-item menu-item-type-post_type menu-item-object-page menu-item-290\"><a href=\"https:\/\/dtx.metu.edu.tr\/tr\/about-the-centre\/team\/\">Ekip<\/a><\/li><\/ul><style>@media ( max-width:600px ){.us_menu_1 .menu{display:block!important}.us_menu_1 .menu>li{margin:0 0 var(--main-gap,0.2rem)!important}}<\/style><\/nav><\/div><\/div><div class=\"wpb_column vc_column_container\"><div class=\"vc_column-inner\"><div class=\"wpb_text_column us_custom_432d3f53\"><div class=\"wpb_wrapper\"><p>ODT\u00dc Dijital D\u00f6n\u00fc\u015f\u00fcm ve \u0130novasyon Merkezi firmalar\u0131n dijital d\u00f6n\u00fc\u015f\u00fcm yolculu\u011funu desteklemek i\u00e7in kapsaml\u0131 bir hizmet yelpazesi sunuyor.<\/p>\n<ul>\n<li><strong>Dijital D\u00f6n\u00fc\u015f\u00fcm Rehberli\u011fi:<\/strong>\u00a0Merkez, \u015firketinize dijital d\u00f6n\u00fc\u015f\u00fcm s\u00fcrecinde rehberlik ediyor, her a\u015famada uzman tavsiyeleri ve deste\u011fi sunuyor.<\/li>\n<li><strong>Stratejik Planlama:<\/strong>\n<ul>\n<li><strong>De\u011ferlendirmeler:<\/strong>\u00a0Mevcut dijital olgunlu\u011fu de\u011ferlendirme<\/li>\n<li class=\"translation-block\"><strong>F\u0131rsat Belirleme:<\/strong> Dijitalle\u015fme f\u0131rsatlar\u0131n\u0131 ke\u015ffetme<\/li>\n<li class=\"translation-block\"><strong>Yol Haritas\u0131 Geli\u015ftirme: <\/strong>Dijital d\u00f6n\u00fc\u015f\u00fcm yolculu\u011fu planlama<\/li>\n<\/ul>\n<\/li>\n<li><strong>Ara\u015ft\u0131rma ve Analiz:<\/strong>\n<ul>\n<li class=\"translation-block\"><strong>Ar-Ge Giri\u015fimleri:<\/strong> Ara\u015ft\u0131rma yoluyla inovasyon te\u015fvi\u011fi<\/li>\n<li class=\"translation-block\"><strong>Teknoloji Ke\u015ffi:<\/strong> Yeni teknolojileri ara\u015ft\u0131rma<\/li>\n<li class=\"translation-block\"><strong>Pazar Analizi:<\/strong> Piyasa e\u011filimlerini anlama<\/li>\n<\/ul>\n<\/li>\n<li class=\"translation-block\"><strong>Yenilik Projeleri:<\/strong> Merkez, firmalar\u0131n i\u015f operasyonlar\u0131n\u0131 geli\u015ftirecek yeni \u00fcr\u00fcnler ve teknolojiler geli\u015ftirmek i\u00e7in i\u015f birlikleri yap\u0131yor.<\/li>\n<li><strong>E\u011fitim Programlar\u0131:<\/strong>\n<ul>\n<li class=\"translation-block\"><strong>Y\u00f6neticiler ve \u00c7al\u0131\u015fanlar i\u00e7in E\u011fitim:<\/strong> \u00c7al\u0131\u015fan ekibini dijital d\u00f6n\u00fc\u015f\u00fcm i\u00e7in gereken bilgi ve becerilerle donatma<\/li>\n<li class=\"translation-block\"><strong>Fark\u0131ndal\u0131k Programlar\u0131:<\/strong> Dijital d\u00f6n\u00fc\u015f\u00fcm y\u00f6ntem ve teknolojileri konusunda fark\u0131ndal\u0131k yaratma ve e\u011fitim verme<\/li>\n<\/ul>\n<\/li>\n<li class=\"translation-block\"><strong>Uzman A\u011flar\u0131:<\/strong> Merkez, sanayi ve ara\u015ft\u0131rma uzmanlar\u0131n\u0131n a\u011flar\u0131n\u0131 y\u00f6netiyor, de\u011fi\u015fimleri ve i\u015f birliklerini kolayla\u015ft\u0131r\u0131yor.<\/li>\n<li class=\"translation-block\"><strong>Ortal\u0131klar\u0131 Kolayla\u015ft\u0131rma:<\/strong> Merkez, firmalar\u0131n dijital d\u00f6n\u00fc\u015f\u00fcm \u00e7abalar\u0131n\u0131 geli\u015ftirmek i\u00e7in stratejik ortaklar, tedarik\u00e7iler ve hizmet sa\u011flay\u0131c\u0131larla ba\u011flant\u0131 kurulmas\u0131n\u0131 kolayla\u015ft\u0131r\u0131yor.<\/li>\n<li class=\"translation-block\"><strong>Finansman Yard\u0131m\u0131:<\/strong> Merkez, ulusal ve uluslararas\u0131 kamu fonlar\u0131n\u0131 belirliyor, teklif sunumlar\u0131na yard\u0131mc\u0131 oluyor ve ara\u015ft\u0131rma projelerini y\u00f6netiyor.<\/li>\n<li class=\"translation-block\"><strong>Test ve Ara\u015ft\u0131rma Tesisleri:<\/strong> Merkez, firmalar\u0131n dijital \u00e7\u00f6z\u00fcmlerini test etmeleri ve geli\u015ftirmeleri i\u00e7in geli\u015fmi\u015f olanaklar sa\u011fl\u0131yor.<\/li>\n<li class=\"translation-block\"><strong>Sekt\u00f6rel \u0130\u015f Birli\u011fi:<\/strong> Merkez, firmalar\u0131n \u00e7al\u0131\u015fma gruplar\u0131na ve sekt\u00f6rdeki standardizasyon \u00e7al\u0131\u015fmalar\u0131na kat\u0131lmas\u0131na yard\u0131m ediyor.<\/li>\n<\/ul>\n<\/div><\/div><\/div><\/div><\/div><\/div><\/section>","protected":false},"excerpt":{"rendered":"ServicesLabsServicesEquipmentTeamAt the METU Digital Transformation and Innovation Centre, we offer a comprehensive range of services to support your company&#8217;s digital transformation journey. Digital Transformation Guidance:\u00a0We guide your company through the digital transformation process, offering expert advice and support at every stage. Strategic Planning: Assessments:\u00a0Evaluate your current digital maturity. Opportunity Identification:\u00a0Discover digitalization opportunities. Roadmap Development:\u00a0Plan your...","protected":false},"author":1,"featured_media":0,"parent":272,"menu_order":0,"comment_status":"closed","ping_status":"closed","template":"","meta":{"_acf_changed":false,"footnotes":""},"class_list":["post-280","page","type-page","status-publish","hentry"],"acf":[],"yoast_head":"<!-- This site is optimized with the Yoast SEO plugin v25.0 - https:\/\/yoast.com\/wordpress\/plugins\/seo\/ -->\n<title>Services - METU-DTX<\/title>\n<meta name=\"robots\" content=\"index, follow, max-snippet:-1, max-image-preview:large, max-video-preview:-1\" \/>\n<link rel=\"canonical\" href=\"https:\/\/dtx.metu.edu.tr\/tr\/about-the-centre\/services\/\" \/>\n<meta property=\"og:locale\" content=\"tr_TR\" \/>\n<meta property=\"og:type\" content=\"article\" \/>\n<meta property=\"og:title\" content=\"Services - METU-DTX\" \/>\n<meta property=\"og:url\" content=\"https:\/\/dtx.metu.edu.tr\/tr\/about-the-centre\/services\/\" \/>\n<meta property=\"og:site_name\" content=\"METU-DTX\" \/>\n<meta property=\"article:publisher\" content=\"https:\/\/www.facebook.com\/dtx.metu\" \/>\n<meta property=\"article:modified_time\" content=\"2025-01-10T15:54:13+00:00\" \/>\n<meta name=\"twitter:card\" content=\"summary_large_image\" \/>\n<meta name=\"twitter:site\" content=\"@metudtx\" \/>\n<script type=\"application\/ld+json\" class=\"yoast-schema-graph\">{\"@context\":\"https:\/\/schema.org\",\"@graph\":[{\"@type\":\"WebPage\",\"@id\":\"https:\/\/dtx.metu.edu.tr\/about-the-centre\/services\/\",\"url\":\"https:\/\/dtx.metu.edu.tr\/about-the-centre\/services\/\",\"name\":\"Services - METU-DTX\",\"isPartOf\":{\"@id\":\"https:\/\/dtx.metu.edu.tr\/tr\/#website\"},\"datePublished\":\"2024-07-31T18:19:14+00:00\",\"dateModified\":\"2025-01-10T15:54:13+00:00\",\"breadcrumb\":{\"@id\":\"https:\/\/dtx.metu.edu.tr\/about-the-centre\/services\/#breadcrumb\"},\"inLanguage\":\"tr\",\"potentialAction\":[{\"@type\":\"ReadAction\",\"target\":[\"https:\/\/dtx.metu.edu.tr\/about-the-centre\/services\/\"]}]},{\"@type\":\"BreadcrumbList\",\"@id\":\"https:\/\/dtx.metu.edu.tr\/about-the-centre\/services\/#breadcrumb\",\"itemListElement\":[{\"@type\":\"ListItem\",\"position\":1,\"name\":\"Anasayfa\",\"item\":\"https:\/\/dtx.metu.edu.tr\/tr\/\"},{\"@type\":\"ListItem\",\"position\":2,\"name\":\"About the Centre\",\"item\":\"https:\/\/dtx.metu.edu.tr\/tr\/about-the-centre\/\"},{\"@type\":\"ListItem\",\"position\":3,\"name\":\"Services\"}]},{\"@type\":\"WebSite\",\"@id\":\"https:\/\/dtx.metu.edu.tr\/tr\/#website\",\"url\":\"https:\/\/dtx.metu.edu.tr\/tr\/\",\"name\":\"METU DTX\",\"description\":\"Digital Transformation and Innovation Center\",\"publisher\":{\"@id\":\"https:\/\/dtx.metu.edu.tr\/tr\/#organization\"},\"potentialAction\":[{\"@type\":\"SearchAction\",\"target\":{\"@type\":\"EntryPoint\",\"urlTemplate\":\"https:\/\/dtx.metu.edu.tr\/tr\/?s={search_term_string}\"},\"query-input\":{\"@type\":\"PropertyValueSpecification\",\"valueRequired\":true,\"valueName\":\"search_term_string\"}}],\"inLanguage\":\"tr\"},{\"@type\":\"Organization\",\"@id\":\"https:\/\/dtx.metu.edu.tr\/tr\/#organization\",\"name\":\"METU DTX\",\"url\":\"https:\/\/dtx.metu.edu.tr\/tr\/\",\"logo\":{\"@type\":\"ImageObject\",\"inLanguage\":\"tr\",\"@id\":\"https:\/\/dtx.metu.edu.tr\/tr\/#\/schema\/logo\/image\/\",\"url\":\"https:\/\/dtx.metu.edu.tr\/wp-content\/uploads\/2024\/07\/Logo.png\",\"contentUrl\":\"https:\/\/dtx.metu.edu.tr\/wp-content\/uploads\/2024\/07\/Logo.png\",\"width\":1041,\"height\":333,\"caption\":\"METU DTX\"},\"image\":{\"@id\":\"https:\/\/dtx.metu.edu.tr\/tr\/#\/schema\/logo\/image\/\"},\"sameAs\":[\"https:\/\/www.facebook.com\/dtx.metu\",\"https:\/\/x.com\/metudtx\",\"https:\/\/www.instagram.com\/metu.dtx\/\",\"https:\/\/www.linkedin.com\/company\/metu-dtx\/\"]}]}<\/script>\n<!-- \/ Yoast SEO plugin. -->","yoast_head_json":{"title":"Services - METU-DTX","robots":{"index":"index","follow":"follow","max-snippet":"max-snippet:-1","max-image-preview":"max-image-preview:large","max-video-preview":"max-video-preview:-1"},"canonical":"https:\/\/dtx.metu.edu.tr\/tr\/about-the-centre\/services\/","og_locale":"tr_TR","og_type":"article","og_title":"Services - METU-DTX","og_url":"https:\/\/dtx.metu.edu.tr\/tr\/about-the-centre\/services\/","og_site_name":"METU-DTX","article_publisher":"https:\/\/www.facebook.com\/dtx.metu","article_modified_time":"2025-01-10T15:54:13+00:00","twitter_card":"summary_large_image","twitter_site":"@metudtx","schema":{"@context":"https:\/\/schema.org","@graph":[{"@type":"WebPage","@id":"https:\/\/dtx.metu.edu.tr\/about-the-centre\/services\/","url":"https:\/\/dtx.metu.edu.tr\/about-the-centre\/services\/","name":"Services - METU-DTX","isPartOf":{"@id":"https:\/\/dtx.metu.edu.tr\/tr\/#website"},"datePublished":"2024-07-31T18:19:14+00:00","dateModified":"2025-01-10T15:54:13+00:00","breadcrumb":{"@id":"https:\/\/dtx.metu.edu.tr\/about-the-centre\/services\/#breadcrumb"},"inLanguage":"tr","potentialAction":[{"@type":"ReadAction","target":["https:\/\/dtx.metu.edu.tr\/about-the-centre\/services\/"]}]},{"@type":"BreadcrumbList","@id":"https:\/\/dtx.metu.edu.tr\/about-the-centre\/services\/#breadcrumb","itemListElement":[{"@type":"ListItem","position":1,"name":"Anasayfa","item":"https:\/\/dtx.metu.edu.tr\/tr\/"},{"@type":"ListItem","position":2,"name":"About the Centre","item":"https:\/\/dtx.metu.edu.tr\/tr\/about-the-centre\/"},{"@type":"ListItem","position":3,"name":"Services"}]},{"@type":"WebSite","@id":"https:\/\/dtx.metu.edu.tr\/tr\/#website","url":"https:\/\/dtx.metu.edu.tr\/tr\/","name":"METU DTX","description":"Digital Transformation and Innovation Center","publisher":{"@id":"https:\/\/dtx.metu.edu.tr\/tr\/#organization"},"potentialAction":[{"@type":"SearchAction","target":{"@type":"EntryPoint","urlTemplate":"https:\/\/dtx.metu.edu.tr\/tr\/?s={search_term_string}"},"query-input":{"@type":"PropertyValueSpecification","valueRequired":true,"valueName":"search_term_string"}}],"inLanguage":"tr"},{"@type":"Organization","@id":"https:\/\/dtx.metu.edu.tr\/tr\/#organization","name":"METU DTX","url":"https:\/\/dtx.metu.edu.tr\/tr\/","logo":{"@type":"ImageObject","inLanguage":"tr","@id":"https:\/\/dtx.metu.edu.tr\/tr\/#\/schema\/logo\/image\/","url":"https:\/\/dtx.metu.edu.tr\/wp-content\/uploads\/2024\/07\/Logo.png","contentUrl":"https:\/\/dtx.metu.edu.tr\/wp-content\/uploads\/2024\/07\/Logo.png","width":1041,"height":333,"caption":"METU DTX"},"image":{"@id":"https:\/\/dtx.metu.edu.tr\/tr\/#\/schema\/logo\/image\/"},"sameAs":["https:\/\/www.facebook.com\/dtx.metu","https:\/\/x.com\/metudtx","https:\/\/www.instagram.com\/metu.dtx\/","https:\/\/www.linkedin.com\/company\/metu-dtx\/"]}]}},"_links":{"self":[{"href":"https:\/\/dtx.metu.edu.tr\/tr\/wp-json\/wp\/v2\/pages\/280","targetHints":{"allow":["GET"]}}],"collection":[{"href":"https:\/\/dtx.metu.edu.tr\/tr\/wp-json\/wp\/v2\/pages"}],"about":[{"href":"https:\/\/dtx.metu.edu.tr\/tr\/wp-json\/wp\/v2\/types\/page"}],"author":[{"embeddable":true,"href":"https:\/\/dtx.metu.edu.tr\/tr\/wp-json\/wp\/v2\/users\/1"}],"replies":[{"embeddable":true,"href":"https:\/\/dtx.metu.edu.tr\/tr\/wp-json\/wp\/v2\/comments?post=280"}],"version-history":[{"count":5,"href":"https:\/\/dtx.metu.edu.tr\/tr\/wp-json\/wp\/v2\/pages\/280\/revisions"}],"predecessor-version":[{"id":994,"href":"https:\/\/dtx.metu.edu.tr\/tr\/wp-json\/wp\/v2\/pages\/280\/revisions\/994"}],"up":[{"embeddable":true,"href":"https:\/\/dtx.metu.edu.tr\/tr\/wp-json\/wp\/v2\/pages\/272"}],"wp:attachment":[{"href":"https:\/\/dtx.metu.edu.tr\/tr\/wp-json\/wp\/v2\/media?parent=280"}],"curies":[{"name":"wp","href":"https:\/\/api.w.org\/{rel}","templated":true}]}}