{"id":284,"date":"2024-07-31T18:20:05","date_gmt":"2024-07-31T18:20:05","guid":{"rendered":"https:\/\/dtx.metu.edu.tr\/?page_id=284"},"modified":"2026-02-12T11:05:22","modified_gmt":"2026-02-12T11:05:22","slug":"smart-flexible-production-systems-laboratory","status":"publish","type":"page","link":"https:\/\/dtx.metu.edu.tr\/tr\/about-the-centre\/smart-flexible-production-systems-laboratory\/","title":{"rendered":"Ak\u0131ll\u0131 Esnek \u00dcretim Sistemleri Laboratuvar\u0131"},"content":{"rendered":"<section class=\"l-section wpb_row us_custom_cf91aceb height_medium width_full with_img parallax_fixed\"><div class=\"l-section-img\" role=\"img\" data-img-width=\"8000\" data-img-height=\"3408\" style=\"background-image: url(https:\/\/dtx.metu.edu.tr\/wp-content\/uploads\/2024\/07\/slider-bg.png?wsr);\"><\/div><div class=\"l-section-h i-cf\"><div class=\"g-cols vc_row via_grid cols_1 laptops-cols_inherit tablets-cols_inherit mobiles-cols_1 valign_top type_default stacking_default\"><div class=\"wpb_column vc_column_container\"><div class=\"vc_column-inner\"><div class=\"g-cols wpb_row us_custom_e73b0af5 via_grid cols_1-2 laptops-cols_inherit tablets-cols_inherit mobiles-cols_1 valign_top type_default stacking_default\" style=\"--gap:3rem;\"><div class=\"wpb_column vc_column_container\"><div class=\"vc_column-inner\"><div class=\"w-image has_ratio align_none\"><div class=\"w-image-h\"><div style=\"padding-bottom:66.6667%\"><\/div><img decoding=\"async\" width=\"654\" height=\"298\" src=\"https:\/\/dtx.metu.edu.tr\/wp-content\/uploads\/2024\/09\/i2.png?wsr\" class=\"attachment-full size-full\" alt=\"\" loading=\"lazy\" srcset=\"https:\/\/dtx.metu.edu.tr\/wp-content\/uploads\/2024\/09\/i2.png 654w, https:\/\/dtx.metu.edu.tr\/wp-content\/uploads\/2024\/09\/i2-300x137.png 300w, https:\/\/dtx.metu.edu.tr\/wp-content\/uploads\/2024\/09\/i2-18x8.png 18w\" sizes=\"auto, (max-width: 654px) 100vw, 654px\" \/><\/div><\/div><\/div><\/div><div class=\"wpb_column vc_column_container us_custom_09bdc1d1 flex-center\"><div class=\"vc_column-inner\"><div class=\"w-vwrapper align_none valign_top\"><div class=\"w-post-elm post_title post-title entry-title color_link_inherit\">Ak\u0131ll\u0131 Esnek \u00dcretim Sistemleri Laboratuvar\u0131<\/div><div class=\"w-text post-subtitle\"><span class=\"w-text-h\"><span class=\"w-text-value\">ODT\u00dc-DTX Ak\u0131ll\u0131-Esnek \u00dcretim Sistemleri Laboratuvar\u0131\u2019nda Firmalar\u0131 \u0130leri Teknoloji Bekliyor!<\/span><\/span><\/div><\/div><div class=\"w-separator size_custom\" style=\"height:23px\"><\/div><div class=\"w-btn-wrapper align_left\"><a class=\"w-btn us-btn-style_1 icon_atleft\" href=\"https:\/\/youtu.be\/lyweVvKkxtc\"><i class=\"fas fa-play\"><\/i><span class=\"w-btn-label\">Lab Tan\u0131t\u0131m Videosu<\/span><\/a><\/div><\/div><\/div><\/div><div class=\"w-separator size_medium\"><\/div><div class=\"w-hwrapper j-center valign_top stack_on_mobiles align_none\"><div class=\"w-html\"><a class=\"tab tab-active\" href=\"\/tr\/about-the-centre\/smart-flexible-production-systems-laboratory\/\">\n<img decoding=\"async\" src=\"\/wp-content\/uploads\/2024\/09\/Smart-Flexible-Production-Systems-Laboratory-icon.png\" \/>\n<div>Ak\u0131ll\u0131 Esnek \u00dcretim Sistemleri Laboratuvar\u0131<\/div>\n<\/a><\/div><div class=\"w-html\"><a class=\"tab\" href=\"\/tr\/about-the-centre\/artificial-intelligence-and-big-data-analytics-laboratory\/\">\n<img decoding=\"async\" src=\"\/wp-content\/uploads\/2024\/09\/Artificial-Intelligence-and-Big-Data-Analytics-Laboratory-icon.png\" \/>\n<div>Yapay Zek\u00e2 ve B\u00fcy\u00fck Veri Analiti\u011fi Laboratuvar\u0131<\/div>\n<\/a><\/div><div class=\"w-html\"><a class=\"tab\" href=\"\/tr\/about-the-centre\/virtual-and-augmented-reality-laboratory\/\">\n<img decoding=\"async\" src=\"\/wp-content\/uploads\/2024\/09\/Virtual-and-Augmented-Reality-Laboratory-icon.png\" \/>\n<div>Sanal ve Art\u0131r\u0131lm\u0131\u015f Ger\u00e7eklik LaboratuvarI<\/div>\n<\/a><\/div><div class=\"w-html\"><a class=\"tab\" href=\"\/tr\/about-the-centre\/innovation-and-change-management-laboratory\/\">\n<img decoding=\"async\" src=\"\/wp-content\/uploads\/2025\/09\/icon_1siyah.png\" \/>\n<div>\u0130novasyon ve De\u011fi\u015fim Y\u00f6netimi Laboratuvar\u0131<\/div>\n<\/a><\/div><\/div><div class=\"w-separator size_medium\"><\/div><div class=\"wpb_text_column us_custom_432d3f53 desc\"><div class=\"wpb_wrapper\"><p><span>METU-DTX Ak\u0131ll\u0131 Esnek \u00dcretim Sistemleri Laboratuvar\u0131, ak\u0131ll\u0131, esnek ve mod\u00fcler \u00fcretim h\u00fccrelerine odaklanarak tasarland\u0131. <\/span><\/p>\n<p><span>Bu laboratuvar, KOB\u0130'lerin ve firmalar\u0131n belirli dijital d\u00f6n\u00fc\u015f\u00fcm ihtiya\u00e7lar\u0131n\u0131 kar\u015f\u0131lamak \u00fczere tasarland\u0131. \u00c7\u00f6z\u00fcmler, ger\u00e7ek end\u00fcstriyel ortamlarda uygulanmadan \u00f6nce laboratuvarda prototip olarak geli\u015ftirilmekte ve test edilmektedir.<\/span><\/p>\n<\/div><\/div><div class=\"w-separator size_medium\"><\/div><div class=\"w-vwrapper white-card align_none valign_top\"><div class=\"w-text white-card-title\"><span class=\"w-text-h\"><span class=\"w-text-value\">Neden ODT\u00dc-DTX Ak\u0131ll\u0131 Esnek \u00dcretim Sistemleri Laboratuvar\u0131?<\/span><\/span><\/div><div class=\"wpb_text_column white-card-subtitle\"><div class=\"wpb_wrapper\"><p class=\"translation-block\">Laboratuvarda, otomotiv ve makine sekt\u00f6rlerinde faaliyet g\u00f6steren firmalar\u0131n kar\u015f\u0131la\u015ft\u0131\u011f\u0131 benzersiz zorluklar analiz ediliyor. En son teknolojiler ve uzman personel ile donat\u0131lan laboratuvar; \u00fcretkenli\u011fi art\u0131rmak, kaliteyi y\u00fckseltmek ve maliyetleri d\u00fc\u015f\u00fcrmek i\u00e7in pratik \u00e7\u00f6z\u00fcmler geli\u015ftiriyor. Teknolojiler, ger\u00e7ek end\u00fcstriyel ortamlarda uygulanmadan \u00f6nce laboratuvar\u0131n prototip h\u00fccrelerinde geli\u015ftiriliyor ve test ediliyor. \nLaboratuvar, firmalarla i\u015f birli\u011fi yaparak yeni potansiyellerin hayata ge\u00e7irilmesine ve rekabet\u00e7i \u00fcretim sekt\u00f6r\u00fcnde i\u015fletmelerin ilerlemesine destek oluyor!<\/p>\n<\/div><\/div><\/div><div class=\"w-separator size_medium\"><\/div><div class=\"w-vwrapper align_none valign_top\"><div class=\"w-hwrapper us_custom_2d9ebfef valign_top stack_on_mobiles align_none\"><div class=\"w-html us_custom_2d9ebfef\"><div class=\"info-card\">\n      <img decoding=\"async\" src=\"https:\/\/dtx.metu.edu.tr\/wp-content\/uploads\/2024\/09\/Forging-Line-Presses-Induction-Heater-Robot-icon.png\" \/>\n      <div class=\"content\">\n         <div class=\"info-card-title\">D\u00f6vme Hatt\u0131 <\/div>\n         <div class=\"info-card-subtitle\">\n(Presler, \u0130nd\u00fcksiyon Is\u0131t\u0131c\u0131, Robot)<\/div>\n      <\/div>\n<\/div><\/div><div class=\"w-html us_custom_2d9ebfef\"><div class=\"info-card\">\n      <img decoding=\"async\" src=\"https:\/\/dtx.metu.edu.tr\/wp-content\/uploads\/2024\/09\/Sheet-Metal-Line-Laser-Cutting-Machine-Conveyors-Robot-iconlar.png\" \/>\n      <div class=\"content\">\n         <div class=\"info-card-title\">Sac Metal Hatt\u0131<\/div>\n         <div class=\"info-card-subtitle\">\n(Lazer Kesim Makinesi, Konvey\u00f6rler, Robot)<\/div>\n      <\/div>\n<\/div><\/div><\/div><div class=\"w-hwrapper us_custom_2d9ebfef valign_top stack_on_mobiles align_none\"><div class=\"w-html us_custom_2d9ebfef\"><div class=\"info-card\">\n      <img decoding=\"async\" src=\"https:\/\/dtx.metu.edu.tr\/wp-content\/uploads\/2024\/09\/Machining-Line-icon.png\" \/>\n      <div class=\"content\">\n         <div class=\"info-card-title\">\u0130\u015fleme Hatt\u0131<\/div>\n         <div class=\"info-card-subtitle\">\n(CNC Torna Tezg\u00e2hlar\u0131, CNC Freze Tezg\u00e2hlar\u0131, Mobil CMM (Koordinat \u00d6l\u00e7\u00fcm Makinesi), End\u00fcstriyel ve Kolaboratif Robotlar)<\/div>\n      <\/div>\n<\/div><\/div><div class=\"w-html us_custom_2d9ebfef\"><div class=\"info-card\">\n      <img decoding=\"async\" src=\"https:\/\/dtx.metu.edu.tr\/wp-content\/uploads\/2024\/09\/Assembly-Packaging-and-Sorting-Line-icon.png\" \/>\n      <div class=\"content\">\n         <div class=\"info-card-title\">Montaj, Paketleme ve Ay\u0131rma Hatt\u0131<\/div>\n         <div class=\"info-card-subtitle\">\n(\u00c7ift Kollu Robotlar, Kolaboratif Robotlar, Konvey\u00f6rler)\n<\/div>\n      <\/div>\n<\/div><\/div><\/div><div class=\"w-html\"><div class=\"info-card\">\n      <img decoding=\"async\" src=\"https:\/\/dtx.metu.edu.tr\/wp-content\/uploads\/2024\/09\/Other-equipments-icon.png\" \/>\n      <div class=\"content\">\n         <div class=\"info-card-title\">Di\u011fer Ekipmanlar<\/div>\n         <div class=\"info-card-subtitle\">\n(\u00c7e\u015fitli Sens\u00f6rler ve Kameralar, Tek Eksenli Ak\u0131ll\u0131 Fonksiyonel Kit, Se\u00e7ici Lazer Sinterleme Sistemi, Otomatik G\u00fcd\u00fcml\u00fc Ara\u00e7lar, CAD\/CAM\/CAE \u0130\u015f \u0130stasyonlar\u0131, Proses ve Fabrika Sim\u00fclasyon Yaz\u0131l\u0131m\u0131, Drone Seti, Elektrikli Forklift)\n<\/div>\n      <\/div>\n<\/div><\/div><\/div><div class=\"w-separator size_medium\"><\/div><div class=\"w-text title-big\"><span class=\"w-text-h\"><span class=\"w-text-value\">Kilit Uygulamalar<\/span><\/span><\/div><div class=\"w-separator size_small\"><\/div><div class=\"wpb_text_column us_custom_2b3b9828 border-full has_text_color\"><div class=\"wpb_wrapper\"><ul>\n<li>\n<div><b>\u00d6ng\u00f6r\u00fcc\u00fc Bak\u0131m:<\/b><\/div>\n<div>\u00dcretim hatlar\u0131ndan veri toplamak ve analiz etmek i\u00e7in B\u00fcy\u00fck Veri Analiti\u011fi, Yapay Zek\u00e2 ve Dijital \u0130kiz teknolojisinden yararlanarak olas\u0131 sorunlar\u0131 ortaya \u00e7\u0131kmadan \u00f6nce tahmin eder ve \u00f6nler.<\/div>\n<\/li>\n<li>\n<div><b>Kalite G\u00fcvencesi:<\/b><\/div>\n<div>Ayr\u0131nt\u0131l\u0131 \u00fcr\u00fcn verilerini toplamak i\u00e7in kameralar ve sens\u00f6rler kullan\u0131l\u0131r, kalite kontrol\u00fcn\u00fc sa\u011flamak i\u00e7in g\u00f6r\u00fcnt\u00fc ve sinyal i\u015fleme tekniklerini uygulan\u0131r.<\/div>\n<\/li>\n<li>\n<div><b>Kolaboratif Robot:<\/b><\/div>\n<div>Daha fazla verimlilik ve g\u00fcvenlik i\u00e7in montaj hatlar\u0131nda insan operat\u00f6rler ve kolaboratif robotlar aras\u0131ndaki sinerji art\u0131r\u0131l\u0131r.<\/div>\n<\/li>\n<li>\n<div><b>Y\u00fczey Kusur Tespiti:<\/b><\/div>\n<div>Kamera verilerini analiz etmek i\u00e7in g\u00f6r\u00fcnt\u00fc i\u015fleme y\u00f6ntemleri kullan\u0131l\u0131r; sac metal, d\u00f6vme ve d\u00f6k\u00fcm bile\u015fenler gibi di\u011fer metal par\u00e7alardaki y\u00fczey kusurlar\u0131 otomatik olarak tespit edilir ve s\u0131ralan\u0131r.<\/div>\n<\/li>\n<\/ul>\n<\/div><\/div><\/div><\/div><\/div><\/div><\/section>","protected":false},"excerpt":{"rendered":"Smart-Flexible Production Systems LaboratoryAdvanced Technology Awaits at METU-DTX\u2019s Smart-Flexible Production Systems Laboratory!Lab Introduction Video Smart-Flexible Manufacturing Systems Lab Artificial Intelligence and Big Data Analytics Lab Virtual and Augmented Reality Lab Innovation and Change Management Laboratory The Smart-Flexible Manufacturing Systems Laboratory at METU-DTX is designed with a focus on intelligent, flexible, and modular production cells. This...","protected":false},"author":1,"featured_media":0,"parent":272,"menu_order":0,"comment_status":"closed","ping_status":"closed","template":"","meta":{"_acf_changed":false,"footnotes":""},"class_list":["post-284","page","type-page","status-publish","hentry"],"acf":[],"yoast_head":"<!-- This site is optimized with the Yoast SEO plugin v25.0 - https:\/\/yoast.com\/wordpress\/plugins\/seo\/ -->\n<title>Smart-Flexible Production Systems Laboratory - METU-DTX<\/title>\n<meta name=\"robots\" content=\"index, follow, max-snippet:-1, max-image-preview:large, max-video-preview:-1\" \/>\n<link rel=\"canonical\" href=\"https:\/\/dtx.metu.edu.tr\/tr\/about-the-centre\/smart-flexible-production-systems-laboratory\/\" \/>\n<meta property=\"og:locale\" content=\"tr_TR\" \/>\n<meta property=\"og:type\" content=\"article\" \/>\n<meta property=\"og:title\" content=\"Smart-Flexible Production Systems Laboratory - METU-DTX\" \/>\n<meta property=\"og:url\" content=\"https:\/\/dtx.metu.edu.tr\/tr\/about-the-centre\/smart-flexible-production-systems-laboratory\/\" \/>\n<meta property=\"og:site_name\" content=\"METU-DTX\" \/>\n<meta property=\"article:publisher\" content=\"https:\/\/www.facebook.com\/dtx.metu\" \/>\n<meta property=\"article:modified_time\" content=\"2026-02-12T11:05:22+00:00\" \/>\n<meta name=\"twitter:card\" content=\"summary_large_image\" \/>\n<meta name=\"twitter:site\" content=\"@metudtx\" \/>\n<meta name=\"twitter:label1\" content=\"Tahmini okuma s\u00fcresi\" \/>\n\t<meta name=\"twitter:data1\" content=\"2 dakika\" \/>\n<script type=\"application\/ld+json\" class=\"yoast-schema-graph\">{\"@context\":\"https:\/\/schema.org\",\"@graph\":[{\"@type\":\"WebPage\",\"@id\":\"https:\/\/dtx.metu.edu.tr\/about-the-centre\/smart-flexible-production-systems-laboratory\/\",\"url\":\"https:\/\/dtx.metu.edu.tr\/about-the-centre\/smart-flexible-production-systems-laboratory\/\",\"name\":\"Smart-Flexible Production Systems Laboratory - METU-DTX\",\"isPartOf\":{\"@id\":\"https:\/\/dtx.metu.edu.tr\/tr\/#website\"},\"datePublished\":\"2024-07-31T18:20:05+00:00\",\"dateModified\":\"2026-02-12T11:05:22+00:00\",\"breadcrumb\":{\"@id\":\"https:\/\/dtx.metu.edu.tr\/about-the-centre\/smart-flexible-production-systems-laboratory\/#breadcrumb\"},\"inLanguage\":\"tr\",\"potentialAction\":[{\"@type\":\"ReadAction\",\"target\":[\"https:\/\/dtx.metu.edu.tr\/about-the-centre\/smart-flexible-production-systems-laboratory\/\"]}]},{\"@type\":\"BreadcrumbList\",\"@id\":\"https:\/\/dtx.metu.edu.tr\/about-the-centre\/smart-flexible-production-systems-laboratory\/#breadcrumb\",\"itemListElement\":[{\"@type\":\"ListItem\",\"position\":1,\"name\":\"Anasayfa\",\"item\":\"https:\/\/dtx.metu.edu.tr\/tr\/\"},{\"@type\":\"ListItem\",\"position\":2,\"name\":\"About the Centre\",\"item\":\"https:\/\/dtx.metu.edu.tr\/tr\/about-the-centre\/\"},{\"@type\":\"ListItem\",\"position\":3,\"name\":\"Smart-Flexible Production Systems Laboratory\"}]},{\"@type\":\"WebSite\",\"@id\":\"https:\/\/dtx.metu.edu.tr\/tr\/#website\",\"url\":\"https:\/\/dtx.metu.edu.tr\/tr\/\",\"name\":\"METU DTX\",\"description\":\"Digital Transformation and Innovation Center\",\"publisher\":{\"@id\":\"https:\/\/dtx.metu.edu.tr\/tr\/#organization\"},\"potentialAction\":[{\"@type\":\"SearchAction\",\"target\":{\"@type\":\"EntryPoint\",\"urlTemplate\":\"https:\/\/dtx.metu.edu.tr\/tr\/?s={search_term_string}\"},\"query-input\":{\"@type\":\"PropertyValueSpecification\",\"valueRequired\":true,\"valueName\":\"search_term_string\"}}],\"inLanguage\":\"tr\"},{\"@type\":\"Organization\",\"@id\":\"https:\/\/dtx.metu.edu.tr\/tr\/#organization\",\"name\":\"METU DTX\",\"url\":\"https:\/\/dtx.metu.edu.tr\/tr\/\",\"logo\":{\"@type\":\"ImageObject\",\"inLanguage\":\"tr\",\"@id\":\"https:\/\/dtx.metu.edu.tr\/tr\/#\/schema\/logo\/image\/\",\"url\":\"https:\/\/dtx.metu.edu.tr\/wp-content\/uploads\/2024\/07\/Logo.png\",\"contentUrl\":\"https:\/\/dtx.metu.edu.tr\/wp-content\/uploads\/2024\/07\/Logo.png\",\"width\":1041,\"height\":333,\"caption\":\"METU DTX\"},\"image\":{\"@id\":\"https:\/\/dtx.metu.edu.tr\/tr\/#\/schema\/logo\/image\/\"},\"sameAs\":[\"https:\/\/www.facebook.com\/dtx.metu\",\"https:\/\/x.com\/metudtx\",\"https:\/\/www.instagram.com\/metu.dtx\/\",\"https:\/\/www.linkedin.com\/company\/metu-dtx\/\"]}]}<\/script>\n<!-- \/ Yoast SEO plugin. -->","yoast_head_json":{"title":"Smart-Flexible Production Systems Laboratory - METU-DTX","robots":{"index":"index","follow":"follow","max-snippet":"max-snippet:-1","max-image-preview":"max-image-preview:large","max-video-preview":"max-video-preview:-1"},"canonical":"https:\/\/dtx.metu.edu.tr\/tr\/about-the-centre\/smart-flexible-production-systems-laboratory\/","og_locale":"tr_TR","og_type":"article","og_title":"Smart-Flexible Production Systems Laboratory - METU-DTX","og_url":"https:\/\/dtx.metu.edu.tr\/tr\/about-the-centre\/smart-flexible-production-systems-laboratory\/","og_site_name":"METU-DTX","article_publisher":"https:\/\/www.facebook.com\/dtx.metu","article_modified_time":"2026-02-12T11:05:22+00:00","twitter_card":"summary_large_image","twitter_site":"@metudtx","twitter_misc":{"Tahmini okuma s\u00fcresi":"2 dakika"},"schema":{"@context":"https:\/\/schema.org","@graph":[{"@type":"WebPage","@id":"https:\/\/dtx.metu.edu.tr\/about-the-centre\/smart-flexible-production-systems-laboratory\/","url":"https:\/\/dtx.metu.edu.tr\/about-the-centre\/smart-flexible-production-systems-laboratory\/","name":"Smart-Flexible Production Systems Laboratory - METU-DTX","isPartOf":{"@id":"https:\/\/dtx.metu.edu.tr\/tr\/#website"},"datePublished":"2024-07-31T18:20:05+00:00","dateModified":"2026-02-12T11:05:22+00:00","breadcrumb":{"@id":"https:\/\/dtx.metu.edu.tr\/about-the-centre\/smart-flexible-production-systems-laboratory\/#breadcrumb"},"inLanguage":"tr","potentialAction":[{"@type":"ReadAction","target":["https:\/\/dtx.metu.edu.tr\/about-the-centre\/smart-flexible-production-systems-laboratory\/"]}]},{"@type":"BreadcrumbList","@id":"https:\/\/dtx.metu.edu.tr\/about-the-centre\/smart-flexible-production-systems-laboratory\/#breadcrumb","itemListElement":[{"@type":"ListItem","position":1,"name":"Anasayfa","item":"https:\/\/dtx.metu.edu.tr\/tr\/"},{"@type":"ListItem","position":2,"name":"About the Centre","item":"https:\/\/dtx.metu.edu.tr\/tr\/about-the-centre\/"},{"@type":"ListItem","position":3,"name":"Smart-Flexible Production Systems Laboratory"}]},{"@type":"WebSite","@id":"https:\/\/dtx.metu.edu.tr\/tr\/#website","url":"https:\/\/dtx.metu.edu.tr\/tr\/","name":"METU DTX","description":"Digital Transformation and Innovation Center","publisher":{"@id":"https:\/\/dtx.metu.edu.tr\/tr\/#organization"},"potentialAction":[{"@type":"SearchAction","target":{"@type":"EntryPoint","urlTemplate":"https:\/\/dtx.metu.edu.tr\/tr\/?s={search_term_string}"},"query-input":{"@type":"PropertyValueSpecification","valueRequired":true,"valueName":"search_term_string"}}],"inLanguage":"tr"},{"@type":"Organization","@id":"https:\/\/dtx.metu.edu.tr\/tr\/#organization","name":"METU DTX","url":"https:\/\/dtx.metu.edu.tr\/tr\/","logo":{"@type":"ImageObject","inLanguage":"tr","@id":"https:\/\/dtx.metu.edu.tr\/tr\/#\/schema\/logo\/image\/","url":"https:\/\/dtx.metu.edu.tr\/wp-content\/uploads\/2024\/07\/Logo.png","contentUrl":"https:\/\/dtx.metu.edu.tr\/wp-content\/uploads\/2024\/07\/Logo.png","width":1041,"height":333,"caption":"METU DTX"},"image":{"@id":"https:\/\/dtx.metu.edu.tr\/tr\/#\/schema\/logo\/image\/"},"sameAs":["https:\/\/www.facebook.com\/dtx.metu","https:\/\/x.com\/metudtx","https:\/\/www.instagram.com\/metu.dtx\/","https:\/\/www.linkedin.com\/company\/metu-dtx\/"]}]}},"_links":{"self":[{"href":"https:\/\/dtx.metu.edu.tr\/tr\/wp-json\/wp\/v2\/pages\/284","targetHints":{"allow":["GET"]}}],"collection":[{"href":"https:\/\/dtx.metu.edu.tr\/tr\/wp-json\/wp\/v2\/pages"}],"about":[{"href":"https:\/\/dtx.metu.edu.tr\/tr\/wp-json\/wp\/v2\/types\/page"}],"author":[{"embeddable":true,"href":"https:\/\/dtx.metu.edu.tr\/tr\/wp-json\/wp\/v2\/users\/1"}],"replies":[{"embeddable":true,"href":"https:\/\/dtx.metu.edu.tr\/tr\/wp-json\/wp\/v2\/comments?post=284"}],"version-history":[{"count":19,"href":"https:\/\/dtx.metu.edu.tr\/tr\/wp-json\/wp\/v2\/pages\/284\/revisions"}],"predecessor-version":[{"id":1280,"href":"https:\/\/dtx.metu.edu.tr\/tr\/wp-json\/wp\/v2\/pages\/284\/revisions\/1280"}],"up":[{"embeddable":true,"href":"https:\/\/dtx.metu.edu.tr\/tr\/wp-json\/wp\/v2\/pages\/272"}],"wp:attachment":[{"href":"https:\/\/dtx.metu.edu.tr\/tr\/wp-json\/wp\/v2\/media?parent=284"}],"curies":[{"name":"wp","href":"https:\/\/api.w.org\/{rel}","templated":true}]}}