{"id":286,"date":"2024-07-31T18:20:18","date_gmt":"2024-07-31T18:20:18","guid":{"rendered":"https:\/\/dtx.metu.edu.tr\/?page_id=286"},"modified":"2025-09-09T09:44:06","modified_gmt":"2025-09-09T09:44:06","slug":"artificial-intelligence-and-big-data-analytics-laboratory","status":"publish","type":"page","link":"https:\/\/dtx.metu.edu.tr\/tr\/about-the-centre\/artificial-intelligence-and-big-data-analytics-laboratory\/","title":{"rendered":"Yapay Zek\u00e2 ve B\u00fcy\u00fck Veri Analiti\u011fi Laboratuvar\u0131"},"content":{"rendered":"<section class=\"l-section wpb_row us_custom_cf91aceb height_medium width_full with_img parallax_fixed\"><div class=\"l-section-img\" role=\"img\" data-img-width=\"8000\" data-img-height=\"3408\" style=\"background-image: url(https:\/\/dtx.metu.edu.tr\/wp-content\/uploads\/2024\/07\/slider-bg.png?wsr);\"><\/div><div class=\"l-section-h i-cf\"><div class=\"g-cols vc_row via_grid cols_1 laptops-cols_inherit tablets-cols_inherit mobiles-cols_1 valign_top type_default stacking_default\"><div class=\"wpb_column vc_column_container\"><div class=\"vc_column-inner\"><div class=\"g-cols wpb_row us_custom_e73b0af5 via_grid cols_1-2 laptops-cols_inherit tablets-cols_inherit mobiles-cols_1 valign_top type_default stacking_default\" style=\"--gap:3rem;\"><div class=\"wpb_column vc_column_container us_custom_0ccc3812\"><div class=\"vc_column-inner\"><div class=\"w-image has_ratio align_none\"><div class=\"w-image-h\"><div style=\"padding-bottom:66.6667%\"><\/div><img decoding=\"async\" width=\"704\" height=\"304\" src=\"https:\/\/dtx.metu.edu.tr\/wp-content\/uploads\/2024\/09\/i3.png?wsr\" class=\"attachment-full size-full\" alt=\"\" loading=\"lazy\" srcset=\"https:\/\/dtx.metu.edu.tr\/wp-content\/uploads\/2024\/09\/i3.png 704w, https:\/\/dtx.metu.edu.tr\/wp-content\/uploads\/2024\/09\/i3-300x130.png 300w, https:\/\/dtx.metu.edu.tr\/wp-content\/uploads\/2024\/09\/i3-18x8.png 18w\" sizes=\"auto, (max-width: 704px) 100vw, 704px\" \/><\/div><\/div><\/div><\/div><div class=\"wpb_column vc_column_container us_custom_93cc6696\"><div class=\"vc_column-inner\"><div class=\"w-vwrapper us_custom_465b4145 align_left valign_top\"><div class=\"w-post-elm post_title post-title entry-title color_link_inherit\">Yapay Zek\u00e2 ve B\u00fcy\u00fck Veri Analiti\u011fi Laboratuvar\u0131<\/div><div class=\"w-text post-subtitle\"><span class=\"w-text-h\"><span class=\"w-text-value\">ODT\u00dc-DTX Yapay Zek\u00e2 ve B\u00fcy\u00fck Veri Analiti\u011fi Laboratuvar\u0131\u2019nda Firmalar\u0131 \u0130leri Teknoloji Bekliyor!<\/span><\/span><\/div><\/div><\/div><\/div><\/div><div class=\"w-separator size_medium\"><\/div><div class=\"w-hwrapper j-center valign_top stack_on_mobiles align_none\"><div class=\"w-html\"><a class=\"tab\" href=\"\/tr\/about-the-centre\/smart-flexible-production-systems-laboratory\/\">\n<img decoding=\"async\" src=\"\/wp-content\/uploads\/2024\/09\/Smart-Flexible-Production-Systems-Laboratory-icon.png\" \/>\n<div>Ak\u0131ll\u0131 Esnek \u00dcretim Sistemleri Laboratuvar\u0131<\/div>\n<\/a><\/div><div class=\"w-html\"><a class=\"tab tab-active\" href=\"\/tr\/about-the-centre\/artificial-intelligence-and-big-data-analytics-laboratory\/\">\n<img decoding=\"async\" src=\"\/wp-content\/uploads\/2024\/09\/Artificial-Intelligence-and-Big-Data-Analytics-Laboratory-icon.png\" \/>\n<div>Yapay Zek\u00e2 ve B\u00fcy\u00fck Veri Analiti\u011fi Laboratuvar\u0131<\/div>\n<\/a><\/div><div class=\"w-html\"><a class=\"tab\" href=\"\/tr\/about-the-centre\/virtual-and-augmented-reality-laboratory\/\">\n<img decoding=\"async\" src=\"\/wp-content\/uploads\/2024\/09\/Virtual-and-Augmented-Reality-Laboratory-icon.png\" \/>\n<div>Sanal ve Art\u0131r\u0131lm\u0131\u015f Ger\u00e7eklik LaboratuvarI<\/div>\n<\/a><\/div><div class=\"w-html\"><a class=\"tab\" href=\"\/tr\/about-the-centre\/innovation-and-change-management-laboratory\/\">\n<img decoding=\"async\" src=\"\/wp-content\/uploads\/2025\/09\/icon_1siyah.png\" \/>\n<div>\u0130novasyon ve De\u011fi\u015fim Y\u00f6netimi Laboratuvar\u0131<\/div>\n<\/a><\/div><\/div><div class=\"w-separator size_medium\"><\/div><div class=\"wpb_text_column us_custom_3415c6d7 desc has_text_color\"><div class=\"wpb_wrapper\"><p><span>ODT\u00dc-DTX Yapay Zek\u00e2 ve B\u00fcy\u00fck Veri Analiti\u011fi Laboratuvar\u0131, B\u00fcy\u00fck Veri Analiti\u011fi ve yapay zek\u00e2 uygulamalar\u0131 ile \u00fcretim s\u00fcre\u00e7lerinin t\u00fcm a\u015famalar\u0131n\u0131 kapsayacak \u015fekilde tasarland\u0131.<\/span><\/p>\n<p><span>Bu laboratuvar, makine sekt\u00f6r\u00fcndeki KOB\u0130'lerin \u00fcr\u00fcnlerinin End\u00fcstri 4.0 seviyesine y\u00fckseltilmesinde \u00f6nemli bir rol oynuyor. Merkezdeki laboratuvarlarla koordinasyon halinde, \u00e7e\u015fitli sens\u00f6rlerden ger\u00e7ek zamanl\u0131 ve y\u00fcksek hacimli veri toplayarak, bu verilerin analizine dayal\u0131 prototip sistemler i\u00e7in yapay zek\u00e2 deste\u011fi sa\u011fl\u0131yor.<\/span><\/p>\n<\/div><\/div><div class=\"w-separator size_medium\"><\/div><div class=\"w-vwrapper white-card align_none valign_top\"><div class=\"w-text white-card-title\"><span class=\"w-text-h\"><span class=\"w-text-value\">Neden ODT\u00dc-DTX Yapay Zek\u00e2 ve B\u00fcy\u00fck Veri Analiti\u011fi Laboratuvar\u0131?<\/span><\/span><\/div><div class=\"wpb_text_column us_custom_432d3f53 white-card-subtitle\"><div class=\"wpb_wrapper\"><p>Laboratuvarda, dijital d\u00f6n\u00fc\u015f\u00fcm\u00fcn kendine \u00f6zg\u00fc zorluklar\u0131 analiz ediliyor. En son teknolojiler ve uzman personel ile donat\u0131lm\u0131\u015f olan laboratuvar; \u00fcretkenli\u011fi art\u0131rmak, kaliteyi iyile\u015ftirmek ve maliyetleri d\u00fc\u015f\u00fcrmek i\u00e7in pratik \u00e7\u00f6z\u00fcmler geli\u015ftiriyor. Laboratuvar, makine sekt\u00f6r\u00fcndeki firmalar\u0131n \u00fcr\u00fcnlerinin End\u00fcstri 4.0 seviyesine y\u00fckseltilmesini hedefliyor. Merkezdeki laboratuvarlarla koordinasyon sa\u011flayarak \u00e7e\u015fitli sens\u00f6rlerden ger\u00e7ek zamanl\u0131 ve y\u00fcksek hacimli veriler topluyor, bu verilerin analizlerine dayanan prototip sistemler i\u00e7in yapay zek\u00e2 deste\u011fi sa\u011fl\u0131yor.\nLaboratuvar, firmalarla i\u015f birli\u011fi yaparak yeni potansiyellerin hayata ge\u00e7irilmesine ve rekabet\u00e7i \u00fcretim sekt\u00f6r\u00fcnde i\u015fletmelerin ilerlemesine destek oluyor!<\/p>\n<\/div><\/div><\/div><div class=\"w-separator size_medium\"><\/div><div class=\"w-hwrapper us_custom_2eb1a079 valign_stretch stack_on_mobiles align_justify\"><div class=\"w-vwrapper us_custom_13f4fc20 border-full p-6 h-full align_none valign_top\"><div class=\"w-html\"><div class=\"list-card\">\n   <img decoding=\"async\" src=\"https:\/\/dtx.metu.edu.tr\/wp-content\/uploads\/2024\/09\/Big-Data-Topics-icon.png\"\/>\n   <div class=\"list-card-title\">B\u00fcy\u00fck Veri Konular\u0131<\/div>\n<\/div><\/div><div class=\"w-separator size_small\"><\/div><div class=\"wpb_text_column us_custom_432d3f53 list-card-content\"><div class=\"wpb_wrapper\"><ul>\n<li class=\"cvGsUA direction-ltr align-justify para-style-body translation-block\">B\u00fcy\u00fck hacimli verilerin i\u015flenmesi, depolanmas\u0131 ve analiz edilmesi i\u00e7in \u00f6l\u00e7eklenebilir ve verimli y\u00f6ntemler \u00fczerine ara\u015ft\u0131rma.<\/li>\n<li><span class=\"OYPEnA font-feature-liga-off font-feature-clig-off font-feature-calt-off text-decoration-none text-strikethrough-none\">Da\u011f\u0131t\u0131k bilgi i\u015flem \u00e7er\u00e7eveleri ve veri tabanlar\u0131 i\u00e7erisinde veri temizleme, d\u00f6n\u00fc\u015ft\u00fcrme, birle\u015ftirme ve entegrasyon teknikleri.<\/span><\/li>\n<li><span class=\"OYPEnA font-feature-liga-off font-feature-clig-off font-feature-calt-off text-decoration-none text-strikethrough-none\">Tan\u0131mlay\u0131c\u0131 istatistikler ve g\u00f6rselle\u015ftirme.<\/span><\/li>\n<\/ul>\n<\/div><\/div><\/div><div class=\"w-vwrapper us_custom_13f4fc20 border-full p-6 h-full align_none valign_top\"><div class=\"w-html us_custom_0ccc3812\"><div class=\"list-card\">\n   <img decoding=\"async\" src=\"https:\/\/dtx.metu.edu.tr\/wp-content\/uploads\/2024\/09\/AI-Topics-icon.png\"\/>\n   <div class=\"list-card-title\">Yapay Zek\u00e2 Konular\u0131<\/div>\n<\/div><\/div><div class=\"w-separator size_small\"><\/div><div class=\"w-html us_custom_95deb41a\"><div class=\"list-card-2\">\n<ul>\n \t<li><span class=\"OYPEnA font-feature-liga-off font-feature-clig-off font-feature-calt-off text-decoration-none text-strikethrough-none\">Mant\u0131ksal Yapay Zek\u00e2<\/span><\/li>\n \t<li><span class=\"OYPEnA font-feature-liga-off font-feature-clig-off font-feature-calt-off text-decoration-none text-strikethrough-none\">Temsil<\/span><\/li>\n \t<li><span class=\"OYPEnA font-feature-liga-off font-feature-clig-off font-feature-calt-off text-decoration-none text-strikethrough-none\">Ak\u0131l Y\u00fcr\u00fctme<\/span><\/li>\n \t<li><span class=\"OYPEnA font-feature-liga-off font-feature-clig-off font-feature-calt-off text-decoration-none text-strikethrough-none\">Planlama<\/span><\/li>\n<\/ul>\n<ul>\n \t<li><span class=\"OYPEnA font-feature-liga-off font-feature-clig-off font-feature-calt-off text-decoration-none text-strikethrough-none\">\u00d6r\u00fcnt\u00fc Tan\u0131mlama<\/span><\/li>\n \t<li><span class=\"OYPEnA font-feature-liga-off font-feature-clig-off font-feature-calt-off text-decoration-none text-strikethrough-none\">\u00c7\u0131kar\u0131m<\/span><\/li>\n \t<li><span class=\"OYPEnA font-feature-liga-off font-feature-clig-off font-feature-calt-off text-decoration-none text-strikethrough-none\">Deneyimlerden \u00d6\u011frenme<\/span><\/li>\n<\/ul>\n<\/div><\/div><\/div><\/div><div class=\"w-separator size_medium\"><\/div><div class=\"w-text title-big\"><span class=\"w-text-h\"><span class=\"w-text-value\">Kilit Uygulamalar<\/span><\/span><\/div><div class=\"w-separator us_custom_6bf512ad size_small\"><\/div><div class=\"wpb_text_column us_custom_c095824d border-full has_text_color\"><div class=\"wpb_wrapper\"><ul>\n<li>\n<div><b>\u00dcretim Hatt\u0131 Optimizasyonu:<\/b><\/div>\n<div>\u00dcretim s\u00fcre\u00e7lerini izlemek ve y\u00f6netmek i\u00e7in veri analiti\u011fi ile entegre ak\u0131ll\u0131 sens\u00f6rler, geli\u015fmi\u015f kameralar ve ak\u0131ll\u0131 robotlar kullanarak verimlili\u011fi art\u0131r\u0131r ve robotik otomasyonu m\u00fcmk\u00fcn k\u0131lar.<\/div>\n<\/li>\n<li>\n<div><b>Tedarik Zinciri Y\u00f6netimi:<\/b><\/div>\n<div>Tedarik zinciri planlamas\u0131, envanter y\u00f6netimi, talep tahmini, lojistik optimizasyonu, depo otomasyonu ve tedarik\u00e7i ili\u015fkileri y\u00f6netimi iyile\u015ftirilir. Bu optimizasyon maliyetleri azaltabilir, depolama alanlar\u0131n\u0131n kullan\u0131m\u0131n\u0131 iyile\u015ftirebilir ve teslimat s\u00fcre\u00e7lerini geli\u015ftirebilir.<\/div>\n<\/li>\n<li>\n<div><b>Otonom Robotlar\/Ayg\u0131tlar:<\/b><\/div>\n<div>De\u011fi\u015fen ko\u015fullara uyum sa\u011flayan, insanlarla i\u015f birli\u011fi yapan, engelleri tespit eden (AGV'ler ve dronlar) ve daha fazlas\u0131n\u0131 yapan robotlar\/cihazlar tasarlan\u0131r, sadece otomasyonu de\u011fil ayn\u0131 zamanda otonom sistemleri de te\u015fvik edilir.<\/div>\n<\/li>\n<li>\n<div><b>\u00d6ng\u00f6r\u00fcc\u00fc Bak\u0131m:<\/b><\/div>\n<div>Ekipman ar\u0131zalar\u0131n\u0131 veya \u00fcr\u00fcn kusurlar\u0131n\u0131 \u00f6ng\u00f6rmek veya yakalamak i\u00e7in kestirimci bak\u0131m, servis y\u00f6netimi ve bak\u0131m\/onar\u0131m \u00f6nceliklendirmesini kullanarak hem \u00fcretim s\u00fcre\u00e7leri hem de servis y\u00f6netimi optimize edilir.<\/div>\n<\/li>\n<li>\n<div><b>Kalite Kontrol<\/b><\/div>\n<div>G\u00f6r\u00fcnt\u00fc i\u015fleme ve makine \u00f6\u011frenimi teknikleri kullan\u0131larak \u00fcr\u00fcn kalitesi otomatik olarak denetlenir, hatal\u0131 \u00fcr\u00fcnlerin g\u00f6r\u00fclme s\u0131kl\u0131\u011f\u0131 ve geri \u00e7a\u011f\u0131rma maliyetleri azalt\u0131l\u0131r.<\/div>\n<\/li>\n<li>\n<div><b>Enerji ve S\u00fcrd\u00fcr\u00fclebilirlik<\/b><\/div>\n<div>Enerji t\u00fcketimi tahmini, verimlilik analizi, yenilenebilir enerji entegrasyonu ve karbon ayak izi hesaplamalar\u0131 i\u00e7in yapay zekan\u0131n uygulanmas\u0131, enerji maliyetlerini d\u00fc\u015f\u00fcrebilir ve \u00e7evresel etkiyi azaltabilir.<\/div>\n<\/li>\n<li>\n<div><b>\u00dcr\u00fcn Geli\u015ftirme ve Tasar\u0131m:<\/b><\/div>\n<div>\u00dcretken tasar\u0131m yoluyla yenilik\u00e7i prototip olu\u015fturma ve geometri haz\u0131rlama gibi g\u00f6revleri h\u0131zland\u0131rarak m\u00fchendislerin geleneksel d\u00fc\u015f\u00fcncenin \u00f6tesinde \u00e7\u00f6z\u00fcmler \u00fcretmesine yard\u0131mc\u0131 olur ve gerekli sim\u00fclasyon ve prototip say\u0131s\u0131n\u0131 azalt\u0131r.<\/div>\n<\/li>\n<li>\n<div><b>\u0130nsan Kaynaklar\u0131 Y\u00f6netimi:<\/b><\/div>\n<div>\u0130\u015fe al\u0131m s\u00fcre\u00e7lerinin, yetenek y\u00f6netiminin, e\u011fitim ve geli\u015fim programlar\u0131n\u0131n ve performans y\u00f6netiminin iyile\u015ftirilmesi yoluyla genel i\u015fg\u00fcc\u00fc verimlili\u011fi art\u0131r\u0131l\u0131r.<\/div>\n<\/li>\n<li>\n<div><b>Pazarlama ve Sat\u0131\u015f:<\/b><\/div>\n<div>M\u00fc\u015fteri segmentasyonu, ki\u015fiselle\u015ftirilmi\u015f pazarlama, fiyatland\u0131rma stratejileri ve m\u00fc\u015fteri ili\u015fkileri y\u00f6netimi uygulan\u0131r. Veri analiti\u011fi ve tahmine dayal\u0131 analizin entegre edilmesi daha etkili pazarlama kampanyalar\u0131 ve artan sat\u0131\u015f potansiyeli sa\u011flayabilir.<\/div>\n<\/li>\n<\/ul>\n<\/div><\/div><\/div><\/div><\/div><\/div><\/section>","protected":false},"excerpt":{"rendered":"Artificial Intelligence and Big Data Analytics LaboratoryAdvanced Solutions at METU-DTX\u2019s Artificial Intelligence and Big Data Analytics Laboratory! Smart-Flexible Manufacturing Systems Lab Artificial Intelligence and Big Data Analytics Lab Virtual and Augmented Reality Lab Innovation and Change Management Laboratory The Artificial Intelligence and Big Data Analytics Laboratory at METU-DTX is designed to cover all stages of...","protected":false},"author":1,"featured_media":0,"parent":272,"menu_order":0,"comment_status":"closed","ping_status":"closed","template":"","meta":{"_acf_changed":false,"footnotes":""},"class_list":["post-286","page","type-page","status-publish","hentry"],"acf":[],"yoast_head":"<!-- This site is optimized with the Yoast SEO plugin v25.0 - https:\/\/yoast.com\/wordpress\/plugins\/seo\/ -->\n<title>Artificial Intelligence and Big Data Analytics Laboratory - METU-DTX<\/title>\n<meta name=\"robots\" content=\"index, follow, max-snippet:-1, max-image-preview:large, max-video-preview:-1\" \/>\n<link rel=\"canonical\" href=\"https:\/\/dtx.metu.edu.tr\/tr\/about-the-centre\/artificial-intelligence-and-big-data-analytics-laboratory\/\" \/>\n<meta property=\"og:locale\" content=\"tr_TR\" \/>\n<meta property=\"og:type\" content=\"article\" \/>\n<meta property=\"og:title\" content=\"Artificial Intelligence and Big Data Analytics Laboratory - METU-DTX\" \/>\n<meta property=\"og:url\" content=\"https:\/\/dtx.metu.edu.tr\/tr\/about-the-centre\/artificial-intelligence-and-big-data-analytics-laboratory\/\" \/>\n<meta property=\"og:site_name\" content=\"METU-DTX\" \/>\n<meta property=\"article:publisher\" content=\"https:\/\/www.facebook.com\/dtx.metu\" \/>\n<meta property=\"article:modified_time\" content=\"2025-09-09T09:44:06+00:00\" \/>\n<meta name=\"twitter:card\" content=\"summary_large_image\" \/>\n<meta name=\"twitter:site\" content=\"@metudtx\" \/>\n<meta name=\"twitter:label1\" content=\"Tahmini okuma s\u00fcresi\" \/>\n\t<meta name=\"twitter:data1\" content=\"3 dakika\" \/>\n<script type=\"application\/ld+json\" class=\"yoast-schema-graph\">{\"@context\":\"https:\/\/schema.org\",\"@graph\":[{\"@type\":\"WebPage\",\"@id\":\"https:\/\/dtx.metu.edu.tr\/about-the-centre\/artificial-intelligence-and-big-data-analytics-laboratory\/\",\"url\":\"https:\/\/dtx.metu.edu.tr\/about-the-centre\/artificial-intelligence-and-big-data-analytics-laboratory\/\",\"name\":\"Artificial Intelligence and Big Data Analytics Laboratory - METU-DTX\",\"isPartOf\":{\"@id\":\"https:\/\/dtx.metu.edu.tr\/tr\/#website\"},\"datePublished\":\"2024-07-31T18:20:18+00:00\",\"dateModified\":\"2025-09-09T09:44:06+00:00\",\"breadcrumb\":{\"@id\":\"https:\/\/dtx.metu.edu.tr\/about-the-centre\/artificial-intelligence-and-big-data-analytics-laboratory\/#breadcrumb\"},\"inLanguage\":\"tr\",\"potentialAction\":[{\"@type\":\"ReadAction\",\"target\":[\"https:\/\/dtx.metu.edu.tr\/about-the-centre\/artificial-intelligence-and-big-data-analytics-laboratory\/\"]}]},{\"@type\":\"BreadcrumbList\",\"@id\":\"https:\/\/dtx.metu.edu.tr\/about-the-centre\/artificial-intelligence-and-big-data-analytics-laboratory\/#breadcrumb\",\"itemListElement\":[{\"@type\":\"ListItem\",\"position\":1,\"name\":\"Anasayfa\",\"item\":\"https:\/\/dtx.metu.edu.tr\/tr\/\"},{\"@type\":\"ListItem\",\"position\":2,\"name\":\"About the Centre\",\"item\":\"https:\/\/dtx.metu.edu.tr\/tr\/about-the-centre\/\"},{\"@type\":\"ListItem\",\"position\":3,\"name\":\"Artificial Intelligence and Big Data Analytics Laboratory\"}]},{\"@type\":\"WebSite\",\"@id\":\"https:\/\/dtx.metu.edu.tr\/tr\/#website\",\"url\":\"https:\/\/dtx.metu.edu.tr\/tr\/\",\"name\":\"METU DTX\",\"description\":\"Digital Transformation and Innovation Center\",\"publisher\":{\"@id\":\"https:\/\/dtx.metu.edu.tr\/tr\/#organization\"},\"potentialAction\":[{\"@type\":\"SearchAction\",\"target\":{\"@type\":\"EntryPoint\",\"urlTemplate\":\"https:\/\/dtx.metu.edu.tr\/tr\/?s={search_term_string}\"},\"query-input\":{\"@type\":\"PropertyValueSpecification\",\"valueRequired\":true,\"valueName\":\"search_term_string\"}}],\"inLanguage\":\"tr\"},{\"@type\":\"Organization\",\"@id\":\"https:\/\/dtx.metu.edu.tr\/tr\/#organization\",\"name\":\"METU DTX\",\"url\":\"https:\/\/dtx.metu.edu.tr\/tr\/\",\"logo\":{\"@type\":\"ImageObject\",\"inLanguage\":\"tr\",\"@id\":\"https:\/\/dtx.metu.edu.tr\/tr\/#\/schema\/logo\/image\/\",\"url\":\"https:\/\/dtx.metu.edu.tr\/wp-content\/uploads\/2024\/07\/Logo.png\",\"contentUrl\":\"https:\/\/dtx.metu.edu.tr\/wp-content\/uploads\/2024\/07\/Logo.png\",\"width\":1041,\"height\":333,\"caption\":\"METU DTX\"},\"image\":{\"@id\":\"https:\/\/dtx.metu.edu.tr\/tr\/#\/schema\/logo\/image\/\"},\"sameAs\":[\"https:\/\/www.facebook.com\/dtx.metu\",\"https:\/\/x.com\/metudtx\",\"https:\/\/www.instagram.com\/metu.dtx\/\",\"https:\/\/www.linkedin.com\/company\/metu-dtx\/\"]}]}<\/script>\n<!-- \/ Yoast SEO plugin. -->","yoast_head_json":{"title":"Artificial Intelligence and Big Data Analytics Laboratory - METU-DTX","robots":{"index":"index","follow":"follow","max-snippet":"max-snippet:-1","max-image-preview":"max-image-preview:large","max-video-preview":"max-video-preview:-1"},"canonical":"https:\/\/dtx.metu.edu.tr\/tr\/about-the-centre\/artificial-intelligence-and-big-data-analytics-laboratory\/","og_locale":"tr_TR","og_type":"article","og_title":"Artificial Intelligence and Big Data Analytics Laboratory - METU-DTX","og_url":"https:\/\/dtx.metu.edu.tr\/tr\/about-the-centre\/artificial-intelligence-and-big-data-analytics-laboratory\/","og_site_name":"METU-DTX","article_publisher":"https:\/\/www.facebook.com\/dtx.metu","article_modified_time":"2025-09-09T09:44:06+00:00","twitter_card":"summary_large_image","twitter_site":"@metudtx","twitter_misc":{"Tahmini okuma s\u00fcresi":"3 dakika"},"schema":{"@context":"https:\/\/schema.org","@graph":[{"@type":"WebPage","@id":"https:\/\/dtx.metu.edu.tr\/about-the-centre\/artificial-intelligence-and-big-data-analytics-laboratory\/","url":"https:\/\/dtx.metu.edu.tr\/about-the-centre\/artificial-intelligence-and-big-data-analytics-laboratory\/","name":"Artificial Intelligence and Big Data Analytics Laboratory - METU-DTX","isPartOf":{"@id":"https:\/\/dtx.metu.edu.tr\/tr\/#website"},"datePublished":"2024-07-31T18:20:18+00:00","dateModified":"2025-09-09T09:44:06+00:00","breadcrumb":{"@id":"https:\/\/dtx.metu.edu.tr\/about-the-centre\/artificial-intelligence-and-big-data-analytics-laboratory\/#breadcrumb"},"inLanguage":"tr","potentialAction":[{"@type":"ReadAction","target":["https:\/\/dtx.metu.edu.tr\/about-the-centre\/artificial-intelligence-and-big-data-analytics-laboratory\/"]}]},{"@type":"BreadcrumbList","@id":"https:\/\/dtx.metu.edu.tr\/about-the-centre\/artificial-intelligence-and-big-data-analytics-laboratory\/#breadcrumb","itemListElement":[{"@type":"ListItem","position":1,"name":"Anasayfa","item":"https:\/\/dtx.metu.edu.tr\/tr\/"},{"@type":"ListItem","position":2,"name":"About the Centre","item":"https:\/\/dtx.metu.edu.tr\/tr\/about-the-centre\/"},{"@type":"ListItem","position":3,"name":"Artificial Intelligence and Big Data Analytics Laboratory"}]},{"@type":"WebSite","@id":"https:\/\/dtx.metu.edu.tr\/tr\/#website","url":"https:\/\/dtx.metu.edu.tr\/tr\/","name":"METU DTX","description":"Digital Transformation and Innovation Center","publisher":{"@id":"https:\/\/dtx.metu.edu.tr\/tr\/#organization"},"potentialAction":[{"@type":"SearchAction","target":{"@type":"EntryPoint","urlTemplate":"https:\/\/dtx.metu.edu.tr\/tr\/?s={search_term_string}"},"query-input":{"@type":"PropertyValueSpecification","valueRequired":true,"valueName":"search_term_string"}}],"inLanguage":"tr"},{"@type":"Organization","@id":"https:\/\/dtx.metu.edu.tr\/tr\/#organization","name":"METU DTX","url":"https:\/\/dtx.metu.edu.tr\/tr\/","logo":{"@type":"ImageObject","inLanguage":"tr","@id":"https:\/\/dtx.metu.edu.tr\/tr\/#\/schema\/logo\/image\/","url":"https:\/\/dtx.metu.edu.tr\/wp-content\/uploads\/2024\/07\/Logo.png","contentUrl":"https:\/\/dtx.metu.edu.tr\/wp-content\/uploads\/2024\/07\/Logo.png","width":1041,"height":333,"caption":"METU DTX"},"image":{"@id":"https:\/\/dtx.metu.edu.tr\/tr\/#\/schema\/logo\/image\/"},"sameAs":["https:\/\/www.facebook.com\/dtx.metu","https:\/\/x.com\/metudtx","https:\/\/www.instagram.com\/metu.dtx\/","https:\/\/www.linkedin.com\/company\/metu-dtx\/"]}]}},"_links":{"self":[{"href":"https:\/\/dtx.metu.edu.tr\/tr\/wp-json\/wp\/v2\/pages\/286","targetHints":{"allow":["GET"]}}],"collection":[{"href":"https:\/\/dtx.metu.edu.tr\/tr\/wp-json\/wp\/v2\/pages"}],"about":[{"href":"https:\/\/dtx.metu.edu.tr\/tr\/wp-json\/wp\/v2\/types\/page"}],"author":[{"embeddable":true,"href":"https:\/\/dtx.metu.edu.tr\/tr\/wp-json\/wp\/v2\/users\/1"}],"replies":[{"embeddable":true,"href":"https:\/\/dtx.metu.edu.tr\/tr\/wp-json\/wp\/v2\/comments?post=286"}],"version-history":[{"count":22,"href":"https:\/\/dtx.metu.edu.tr\/tr\/wp-json\/wp\/v2\/pages\/286\/revisions"}],"predecessor-version":[{"id":1168,"href":"https:\/\/dtx.metu.edu.tr\/tr\/wp-json\/wp\/v2\/pages\/286\/revisions\/1168"}],"up":[{"embeddable":true,"href":"https:\/\/dtx.metu.edu.tr\/tr\/wp-json\/wp\/v2\/pages\/272"}],"wp:attachment":[{"href":"https:\/\/dtx.metu.edu.tr\/tr\/wp-json\/wp\/v2\/media?parent=286"}],"curies":[{"name":"wp","href":"https:\/\/api.w.org\/{rel}","templated":true}]}}