{"id":288,"date":"2024-07-31T18:20:29","date_gmt":"2024-07-31T18:20:29","guid":{"rendered":"https:\/\/dtx.metu.edu.tr\/?page_id=288"},"modified":"2026-02-12T10:46:19","modified_gmt":"2026-02-12T10:46:19","slug":"virtual-and-augmented-reality-laboratory","status":"publish","type":"page","link":"https:\/\/dtx.metu.edu.tr\/tr\/about-the-centre\/virtual-and-augmented-reality-laboratory\/","title":{"rendered":"Sanal ve Art\u0131r\u0131lm\u0131\u015f Ger\u00e7eklik Laboratuvar\u0131"},"content":{"rendered":"<section class=\"l-section wpb_row us_custom_cf91aceb height_medium width_full with_img parallax_fixed\"><div class=\"l-section-img\" role=\"img\" data-img-width=\"8000\" data-img-height=\"3408\" style=\"background-image: url(https:\/\/dtx.metu.edu.tr\/wp-content\/uploads\/2024\/07\/slider-bg.png?wsr);\"><\/div><div class=\"l-section-h i-cf\"><div class=\"g-cols vc_row via_grid cols_1 laptops-cols_inherit tablets-cols_inherit mobiles-cols_1 valign_top type_default stacking_default\"><div class=\"wpb_column vc_column_container\"><div class=\"vc_column-inner\"><div class=\"g-cols wpb_row us_custom_e73b0af5 via_grid cols_1-2 laptops-cols_inherit tablets-cols_inherit mobiles-cols_1 valign_top type_default stacking_default\" style=\"--gap:3rem;\"><div class=\"wpb_column vc_column_container\"><div class=\"vc_column-inner\"><div class=\"w-image has_ratio align_none\"><div class=\"w-image-h\"><div style=\"padding-bottom:75%\"><\/div><img decoding=\"async\" width=\"665\" height=\"298\" src=\"https:\/\/dtx.metu.edu.tr\/wp-content\/uploads\/2024\/09\/Vector-Smart-Object-1.png?wsr\" class=\"attachment-full size-full\" alt=\"\" loading=\"lazy\" srcset=\"https:\/\/dtx.metu.edu.tr\/wp-content\/uploads\/2024\/09\/Vector-Smart-Object-1.png 665w, https:\/\/dtx.metu.edu.tr\/wp-content\/uploads\/2024\/09\/Vector-Smart-Object-1-300x134.png 300w, https:\/\/dtx.metu.edu.tr\/wp-content\/uploads\/2024\/09\/Vector-Smart-Object-1-18x8.png 18w\" sizes=\"auto, (max-width: 665px) 100vw, 665px\" \/><\/div><\/div><\/div><\/div><div class=\"wpb_column vc_column_container us_custom_09bdc1d1 flex-center\"><div class=\"vc_column-inner\"><div class=\"w-vwrapper us_custom_0ccc3812 align_left valign_middle\"><div class=\"w-post-elm post_title post-title entry-title color_link_inherit\">Sanal ve Art\u0131r\u0131lm\u0131\u015f Ger\u00e7eklik Laboratuvar\u0131<\/div><div class=\"w-text post-subtitle\"><span class=\"w-text-h\"><span class=\"w-text-value\">ODT\u00dc-DTX Sanal ve Art\u0131r\u0131lm\u0131\u015f Ger\u00e7eklik Laboratuvar\u0131\u2019nda Firmalar\u0131 \u0130leri Teknoloji Bekliyor!<\/span><\/span><\/div><\/div><div class=\"w-btn-wrapper align_left\"><a class=\"w-btn us-btn-style_1 icon_atleft\" href=\"https:\/\/youtu.be\/f1RPIF78qUE\"><i class=\"fas fa-play\"><\/i><span class=\"w-btn-label\">Lab Tan\u0131t\u0131m Videosu<\/span><\/a><\/div><\/div><\/div><\/div><div class=\"w-separator size_medium\"><\/div><div class=\"w-hwrapper us_custom_2d9ebfef j-center valign_middle stack_on_mobiles align_left\"><div class=\"w-html\"><a class=\"tab\" href=\"\/tr\/about-the-centre\/smart-flexible-production-systems-laboratory\/\">\n<img decoding=\"async\" src=\"\/wp-content\/uploads\/2024\/09\/Smart-Flexible-Production-Systems-Laboratory-icon.png\" \/>\n<div>Ak\u0131ll\u0131 Esnek \u00dcretim Sistemleri Laboratuvar\u0131<\/div>\n<\/a><\/div><div class=\"w-html\"><a class=\"tab\" href=\"\/tr\/about-the-centre\/artificial-intelligence-and-big-data-analytics-laboratory\/\">\n<img decoding=\"async\" src=\"\/wp-content\/uploads\/2024\/09\/Artificial-Intelligence-and-Big-Data-Analytics-Laboratory-icon.png\" \/>\n<div>Yapay Zek\u00e2 ve B\u00fcy\u00fck Veri Analiti\u011fi Laboratuvar\u0131<\/div>\n<\/a><\/div><div class=\"w-html\"><a class=\"tab tab-active\" href=\"\/tr\/about-the-centre\/virtual-and-augmented-reality-laboratory\/\">\n<img decoding=\"async\" src=\"\/wp-content\/uploads\/2024\/09\/Virtual-and-Augmented-Reality-Laboratory-icon.png\" \/>\n<div>Sanal ve Art\u0131r\u0131lm\u0131\u015f Ger\u00e7eklik LaboratuvarI<\/div>\n<\/a><\/div><div class=\"w-html\"><a class=\"tab\" href=\"\/tr\/about-the-centre\/innovation-and-change-management-laboratory\/\">\n<img decoding=\"async\" src=\"\/wp-content\/uploads\/2025\/09\/icon_1siyah.png\" \/>\n<div>\u0130novasyon ve De\u011fi\u015fim Y\u00f6netimi Laboratuvar\u0131<\/div>\n<\/a><\/div><\/div><div class=\"w-separator size_medium\"><\/div><div class=\"wpb_text_column us_custom_432d3f53 desc\"><div class=\"wpb_wrapper\"><p><span>ODT\u00dc-DTX Sanal ve Art\u0131r\u0131lm\u0131\u015f Ger\u00e7eklik Laboratuvar\u0131, dijital ikizlerin tasar\u0131m\u0131n\u0131 ve analizini kolayla\u015ft\u0131rmak, insan hatalar\u0131n\u0131, verimsizlikleri ve maliyetleri azaltmak ve \u00fcretim operasyonlar\u0131n\u0131n verimlili\u011fini art\u0131rmak i\u00e7in tasarland\u0131.<\/span><\/p>\n<p><span>Bu laboratuvar ayn\u0131 zamanda sekt\u00f6re \u00f6zel \u00e7\u00f6z\u00fcmlerin geli\u015ftirilmesine de olanak sa\u011fl\u0131yor. Laboratuvar, giyilebilir teknolojileri kullanarak lojistik, malzeme ta\u015f\u0131ma, kalite kontrol, g\u00fcvenlik ve \u00fcretim alanlar\u0131ndaki personel i\u00e7in e\u011fitim oturumlar\u0131 d\u00fczenliyor.<\/span><\/p>\n<\/div><\/div><div class=\"w-separator size_medium\"><\/div><div class=\"w-vwrapper white-card align_none valign_top\"><div class=\"w-text white-card-title\"><span class=\"w-text-h\"><span class=\"w-text-value\">Neden ODT\u00dc-DTX Sanal ve Art\u0131r\u0131lm\u0131\u015f Ger\u00e7eklik Laboratuvar\u0131?<\/span><\/span><\/div><div class=\"wpb_text_column us_custom_432d3f53 white-card-desc\"><div class=\"wpb_wrapper\"><p class=\"translation-block\">Laboratuvarda, dijital d\u00f6n\u00fc\u015f\u00fcm\u00fcn kendine \u00f6zg\u00fc zorluklar\u0131 analiz ediliyor. En yeni VR ve AR teknolojileri ve uzman personel ile donat\u0131lm\u0131\u015f olan laboratuvar; \u00fcretkenli\u011fi art\u0131rmak, kaliteyi iyile\u015ftirmek ve maliyetleri d\u00fc\u015f\u00fcrmek i\u00e7in pratik \u00e7\u00f6z\u00fcmler geli\u015ftiriyor. Laboratuvar ayn\u0131 zamanda sekt\u00f6re \u00f6zel \u00e7\u00f6z\u00fcmlerin geli\u015ftirilmesine de olanak sa\u011fl\u0131yor. \nLaboratuvar, firmalarla i\u015f birli\u011fi yaparak yeni potansiyellerin hayata ge\u00e7irilmesine ve rekabet\u00e7i \u00fcretim sekt\u00f6r\u00fcnde i\u015fletmelerin ilerlemesine destek oluyor!<\/p>\n<\/div><\/div><\/div><div class=\"w-separator size_medium\"><\/div><div class=\"w-vwrapper align_center valign_middle\"><div class=\"w-text title-big\"><span class=\"w-text-h\"><span class=\"w-text-value\">AR\/VR Uygulamalar\u0131<\/span><\/span><\/div><div class=\"w-text title-small\"><span class=\"w-text-h\"><span class=\"w-text-value\">Bu s\u00fcre\u00e7ler, makine ve otomotiv end\u00fcstrilerinde kullan\u0131lan imalat s\u00fcre\u00e7lerinde uygulanabilir.<\/span><\/span><\/div><div class=\"w-separator size_medium\"><\/div><div class=\"w-hwrapper us_custom_84af7e24 valign_stretch stack_on_mobiles align_justify\"><div class=\"w-html us_custom_2d9ebfef\"><div class=\"border-full p-4 vcard\">\n<img decoding=\"async\" src=\"https:\/\/dtx.metu.edu.tr\/wp-content\/uploads\/2024\/09\/Assembly-Packaging-_-Classification-icon.png\" \/>\n<div>Montaj, Paketleme \/ S\u0131n\u0131fland\u0131rma<\/div>\n<\/div><\/div><div class=\"w-html us_custom_2d9ebfef\"><div class=\"border-full p-4 vcard\">\n<img decoding=\"async\" src=\"https:\/\/dtx.metu.edu.tr\/wp-content\/uploads\/2024\/09\/Processing-milling-turning-drilling-tapping-etc.-icon.png\" \/>\n<div>\u0130\u015fleme (frezeleme, tornalama, delme, k\u0131lavuz \u00e7ekme vb.)<\/div>\n<\/div><\/div><div class=\"w-html us_custom_2d9ebfef\"><div class=\"border-full p-4 vcard\">\n<img decoding=\"async\" src=\"https:\/\/dtx.metu.edu.tr\/wp-content\/uploads\/2024\/09\/Sheet-Metal-Processing-punching-cutting-bending-drawing-etc.-icon.png\" \/>\n<div>Sac \u0130\u015fleme (delme, kesme, b\u00fckme, \u00e7ekme vb.)<\/div>\n<\/div><\/div><div class=\"w-html us_custom_2d9ebfef\"><div class=\"border-full p-4 vcard\">\n<img decoding=\"async\" src=\"https:\/\/dtx.metu.edu.tr\/wp-content\/uploads\/2024\/09\/Welding-_-Soldering-Forging-icon.png\" \/>\n<div>Kaynak \/ Lehimleme, D\u00f6vme<\/div>\n<\/div><\/div><\/div><\/div><div class=\"w-separator size_medium\"><\/div><div class=\"w-vwrapper align_none valign_top\"><div class=\"w-text title-big\"><span class=\"w-text-h\"><span class=\"w-text-value\">Giyilebilir Teknolojiler<\/span><\/span><\/div><div class=\"w-separator size_small\"><\/div><div class=\"w-hwrapper us_custom_166692ff valign_stretch stack_on_mobiles align_none\" style=\"--hwrapper-gap:0rem\"><div class=\"w-html us_custom_2d9ebfef\"><div class=\"vcard-2\">\n<img decoding=\"async\" src=\"https:\/\/dtx.metu.edu.tr\/wp-content\/uploads\/2024\/09\/Glove-icon.png\" \/>\n<div>Eldivenler<\/div>\n<\/div><\/div><div class=\"w-html us_custom_2d9ebfef\"><div class=\"vcard-2\">\n<img decoding=\"async\" src=\"https:\/\/dtx.metu.edu.tr\/wp-content\/uploads\/2024\/09\/Wristbands-icon.png\" \/>\n<div>Bileklikler<\/div>\n<\/div><\/div><div class=\"w-html us_custom_2d9ebfef\"><div class=\"vcard-2\">\n<img decoding=\"async\" src=\"https:\/\/dtx.metu.edu.tr\/wp-content\/uploads\/2024\/09\/Body-Motion-Capture-icon.png\" \/>\n<div>V\u00fccut Hareketi Yakalama<\/div>\n<\/div><\/div><div class=\"w-html us_custom_2d9ebfef\"><div class=\"vcard-2\">\n<img decoding=\"async\" src=\"https:\/\/dtx.metu.edu.tr\/wp-content\/uploads\/2024\/09\/Physiological-Sensor-Kit-icon.png\" \/>\n<div>Fizyolojik Sens\u00f6r Kiti<\/div>\n<\/div><\/div><div class=\"w-html us_custom_2d9ebfef\"><div class=\"vcard-2 no-border\">\n<img decoding=\"async\" src=\"https:\/\/dtx.metu.edu.tr\/wp-content\/uploads\/2024\/09\/Eyeglass-type-Eye-Tracker-icon.png\" \/>\n<div>G\u00f6zl\u00fck Tipi G\u00f6z Takip Cihaz\u0131<\/div>\n<\/div><\/div><\/div><\/div><div class=\"w-separator size_medium\"><\/div><div class=\"w-hwrapper us_custom_2b1fbe39 border-full p-6 has_text_color valign_top stack_on_mobiles align_left\"><div class=\"w-vwrapper us_custom_1970bb68 align_none valign_top\"><div class=\"w-text key-header\"><span class=\"w-text-h\"><span class=\"w-text-value\">Kilit Uygulamalar:<\/span><\/span><\/div><div class=\"wpb_text_column us_custom_432d3f53\"><div class=\"wpb_wrapper\"><ul>\n<li><b>Dijital \u0130kizlerin Tasar\u0131m\u0131 ve Analizi:<\/b><span><br \/>\nPerformans ve bak\u0131m\u0131 optimize etmek i\u00e7in fiziksel varl\u0131klar\u0131n dijital kopyalar\u0131 olu\u015fturulur ve de\u011ferlendirilmesi kolayla\u015ft\u0131r\u0131l\u0131r.<\/span><\/li>\n<\/ul>\n<\/div><\/div><div class=\"wpb_text_column us_custom_432d3f53\"><div class=\"wpb_wrapper\"><ul>\n<li><b>\u0130nsan Hatalar\u0131n\u0131n ve Maliyetlerin Azalt\u0131lmas\u0131:<\/b><br \/>\nHatalar\u0131, verimsizlikleri ve operasyonel giderleri en aza indirmek i\u00e7in VR ve AR teknolojilerinden yararlan\u0131l\u0131r.<\/li>\n<\/ul>\n<\/div><\/div><div class=\"wpb_text_column us_custom_432d3f53\"><div class=\"wpb_wrapper\"><ul>\n<li><b>\u00dcretim Operasyonlar\u0131n\u0131n \u0130yile\u015ftirilmesi:<\/b><br \/>\nS\u00fcr\u00fckleyici e\u011fitim ve sim\u00fclasyon yoluyla \u00fcretim s\u00fcre\u00e7lerinin verimlili\u011fi ve etkinli\u011fi art\u0131r\u0131l\u0131r.<\/li>\n<\/ul>\n<\/div><\/div><div class=\"wpb_text_column us_custom_432d3f53\"><div class=\"wpb_wrapper\"><ul>\n<li><b>Sekt\u00f6re \u00d6zel \u00c7\u00f6z\u00fcmler:<\/b><br \/>\nBelirli zorluklar\u0131 ele almak ve sonu\u00e7lar\u0131 iyile\u015ftirmek i\u00e7in \u00e7e\u015fitli sekt\u00f6rler i\u00e7in \u00e7\u00f6z\u00fcmler geli\u015ftirilir.<\/li>\n<\/ul>\n<\/div><\/div><\/div><div class=\"w-vwrapper us_custom_1970bb68 align_none valign_top\"><div class=\"w-text key-header\"><span class=\"w-text-h\"><span class=\"w-text-value\">Potansiyel Uygulamalar:<\/span><\/span><\/div><div class=\"wpb_text_column us_custom_432d3f53\"><div class=\"wpb_wrapper\"><ul>\n<li><b>\u0130\u015fg\u00fcc\u00fc Verimlili\u011finin ve G\u00fcvenli\u011finin Art\u0131r\u0131lmas\u0131:<\/b>\n<div>Hata ve kazalar\u0131n \u00f6nlenmesi, \u00e7al\u0131\u015fan verimlili\u011fi ile sa\u011fl\u0131k ve g\u00fcvenli\u011finin art\u0131r\u0131lmas\u0131 i\u00e7in \u00e7al\u0131\u015fmalar y\u00fcr\u00fct\u00fclmesi<\/div>\n<\/li>\n<\/ul>\n<\/div><\/div><div class=\"wpb_text_column us_custom_432d3f53\"><div class=\"wpb_wrapper\"><ul>\n<li><b>Otomotiv G\u00fcvenli\u011fi:<\/b>\n<div>Otomotiv end\u00fcstrisinde kazalara kar\u015f\u0131 \u00f6nleyici tedbirler geli\u015ftirmek i\u00e7in s\u00fcr\u00fcc\u00fclerin g\u00f6zlerinin izlenmesi<\/div>\n<\/li>\n<\/ul>\n<\/div><\/div><div class=\"wpb_text_column us_custom_432d3f53\"><div class=\"wpb_wrapper\"><ul>\n<li><b>Ak\u0131ll\u0131 \u00dcr\u00fcnler ve \u00c7\u00f6z\u00fcmler:<\/b>\n<div>Dijital d\u00f6n\u00fc\u015f\u00fcm teknolojilerini kullanarak ak\u0131ll\u0131 \u00fcr\u00fcnler ve \u00e7\u00f6z\u00fcmler tasarlanmas\u0131<\/div>\n<\/li>\n<\/ul>\n<\/div><\/div><\/div><\/div><\/div><\/div><\/div><\/div><\/section>","protected":false},"excerpt":{"rendered":"Virtual and Augmented Reality LaboratoryAdvanced Technology Awaits at METU-DTX\u2019s Virtual and Augmented Reality Laboratory!Lab Introduction Video Smart-Flexible Manufacturing Systems Lab Artificial Intelligence and Big Data Analytics Lab Virtual and Augmented Reality Lab Innovation and Change Management Laboratory The Virtual and Augmented Reality Laboratory at METU-DTX is be designed to facilitate the design and analysis of...","protected":false},"author":1,"featured_media":0,"parent":272,"menu_order":0,"comment_status":"closed","ping_status":"closed","template":"","meta":{"_acf_changed":false,"footnotes":""},"class_list":["post-288","page","type-page","status-publish","hentry"],"acf":[],"yoast_head":"<!-- This site is optimized with the Yoast SEO plugin v25.0 - https:\/\/yoast.com\/wordpress\/plugins\/seo\/ -->\n<title>Virtual and Augmented Reality Laboratory - METU-DTX<\/title>\n<meta name=\"robots\" content=\"index, follow, max-snippet:-1, max-image-preview:large, max-video-preview:-1\" \/>\n<link rel=\"canonical\" href=\"https:\/\/dtx.metu.edu.tr\/tr\/about-the-centre\/virtual-and-augmented-reality-laboratory\/\" \/>\n<meta property=\"og:locale\" content=\"tr_TR\" \/>\n<meta property=\"og:type\" content=\"article\" \/>\n<meta property=\"og:title\" content=\"Virtual and Augmented Reality Laboratory - METU-DTX\" \/>\n<meta property=\"og:url\" content=\"https:\/\/dtx.metu.edu.tr\/tr\/about-the-centre\/virtual-and-augmented-reality-laboratory\/\" \/>\n<meta property=\"og:site_name\" content=\"METU-DTX\" \/>\n<meta property=\"article:publisher\" content=\"https:\/\/www.facebook.com\/dtx.metu\" \/>\n<meta property=\"article:modified_time\" content=\"2026-02-12T10:46:19+00:00\" \/>\n<meta name=\"twitter:card\" content=\"summary_large_image\" \/>\n<meta name=\"twitter:site\" content=\"@metudtx\" \/>\n<meta name=\"twitter:label1\" content=\"Tahmini okuma s\u00fcresi\" \/>\n\t<meta name=\"twitter:data1\" content=\"2 dakika\" \/>\n<script type=\"application\/ld+json\" class=\"yoast-schema-graph\">{\"@context\":\"https:\/\/schema.org\",\"@graph\":[{\"@type\":\"WebPage\",\"@id\":\"https:\/\/dtx.metu.edu.tr\/about-the-centre\/virtual-and-augmented-reality-laboratory\/\",\"url\":\"https:\/\/dtx.metu.edu.tr\/about-the-centre\/virtual-and-augmented-reality-laboratory\/\",\"name\":\"Virtual and Augmented Reality Laboratory - METU-DTX\",\"isPartOf\":{\"@id\":\"https:\/\/dtx.metu.edu.tr\/tr\/#website\"},\"datePublished\":\"2024-07-31T18:20:29+00:00\",\"dateModified\":\"2026-02-12T10:46:19+00:00\",\"breadcrumb\":{\"@id\":\"https:\/\/dtx.metu.edu.tr\/about-the-centre\/virtual-and-augmented-reality-laboratory\/#breadcrumb\"},\"inLanguage\":\"tr\",\"potentialAction\":[{\"@type\":\"ReadAction\",\"target\":[\"https:\/\/dtx.metu.edu.tr\/about-the-centre\/virtual-and-augmented-reality-laboratory\/\"]}]},{\"@type\":\"BreadcrumbList\",\"@id\":\"https:\/\/dtx.metu.edu.tr\/about-the-centre\/virtual-and-augmented-reality-laboratory\/#breadcrumb\",\"itemListElement\":[{\"@type\":\"ListItem\",\"position\":1,\"name\":\"Anasayfa\",\"item\":\"https:\/\/dtx.metu.edu.tr\/tr\/\"},{\"@type\":\"ListItem\",\"position\":2,\"name\":\"About the Centre\",\"item\":\"https:\/\/dtx.metu.edu.tr\/tr\/about-the-centre\/\"},{\"@type\":\"ListItem\",\"position\":3,\"name\":\"Virtual and Augmented Reality Laboratory\"}]},{\"@type\":\"WebSite\",\"@id\":\"https:\/\/dtx.metu.edu.tr\/tr\/#website\",\"url\":\"https:\/\/dtx.metu.edu.tr\/tr\/\",\"name\":\"METU DTX\",\"description\":\"Digital Transformation and Innovation Center\",\"publisher\":{\"@id\":\"https:\/\/dtx.metu.edu.tr\/tr\/#organization\"},\"potentialAction\":[{\"@type\":\"SearchAction\",\"target\":{\"@type\":\"EntryPoint\",\"urlTemplate\":\"https:\/\/dtx.metu.edu.tr\/tr\/?s={search_term_string}\"},\"query-input\":{\"@type\":\"PropertyValueSpecification\",\"valueRequired\":true,\"valueName\":\"search_term_string\"}}],\"inLanguage\":\"tr\"},{\"@type\":\"Organization\",\"@id\":\"https:\/\/dtx.metu.edu.tr\/tr\/#organization\",\"name\":\"METU DTX\",\"url\":\"https:\/\/dtx.metu.edu.tr\/tr\/\",\"logo\":{\"@type\":\"ImageObject\",\"inLanguage\":\"tr\",\"@id\":\"https:\/\/dtx.metu.edu.tr\/tr\/#\/schema\/logo\/image\/\",\"url\":\"https:\/\/dtx.metu.edu.tr\/wp-content\/uploads\/2024\/07\/Logo.png\",\"contentUrl\":\"https:\/\/dtx.metu.edu.tr\/wp-content\/uploads\/2024\/07\/Logo.png\",\"width\":1041,\"height\":333,\"caption\":\"METU DTX\"},\"image\":{\"@id\":\"https:\/\/dtx.metu.edu.tr\/tr\/#\/schema\/logo\/image\/\"},\"sameAs\":[\"https:\/\/www.facebook.com\/dtx.metu\",\"https:\/\/x.com\/metudtx\",\"https:\/\/www.instagram.com\/metu.dtx\/\",\"https:\/\/www.linkedin.com\/company\/metu-dtx\/\"]}]}<\/script>\n<!-- \/ Yoast SEO plugin. -->","yoast_head_json":{"title":"Virtual and Augmented Reality Laboratory - METU-DTX","robots":{"index":"index","follow":"follow","max-snippet":"max-snippet:-1","max-image-preview":"max-image-preview:large","max-video-preview":"max-video-preview:-1"},"canonical":"https:\/\/dtx.metu.edu.tr\/tr\/about-the-centre\/virtual-and-augmented-reality-laboratory\/","og_locale":"tr_TR","og_type":"article","og_title":"Virtual and Augmented Reality Laboratory - METU-DTX","og_url":"https:\/\/dtx.metu.edu.tr\/tr\/about-the-centre\/virtual-and-augmented-reality-laboratory\/","og_site_name":"METU-DTX","article_publisher":"https:\/\/www.facebook.com\/dtx.metu","article_modified_time":"2026-02-12T10:46:19+00:00","twitter_card":"summary_large_image","twitter_site":"@metudtx","twitter_misc":{"Tahmini okuma s\u00fcresi":"2 dakika"},"schema":{"@context":"https:\/\/schema.org","@graph":[{"@type":"WebPage","@id":"https:\/\/dtx.metu.edu.tr\/about-the-centre\/virtual-and-augmented-reality-laboratory\/","url":"https:\/\/dtx.metu.edu.tr\/about-the-centre\/virtual-and-augmented-reality-laboratory\/","name":"Virtual and Augmented Reality Laboratory - METU-DTX","isPartOf":{"@id":"https:\/\/dtx.metu.edu.tr\/tr\/#website"},"datePublished":"2024-07-31T18:20:29+00:00","dateModified":"2026-02-12T10:46:19+00:00","breadcrumb":{"@id":"https:\/\/dtx.metu.edu.tr\/about-the-centre\/virtual-and-augmented-reality-laboratory\/#breadcrumb"},"inLanguage":"tr","potentialAction":[{"@type":"ReadAction","target":["https:\/\/dtx.metu.edu.tr\/about-the-centre\/virtual-and-augmented-reality-laboratory\/"]}]},{"@type":"BreadcrumbList","@id":"https:\/\/dtx.metu.edu.tr\/about-the-centre\/virtual-and-augmented-reality-laboratory\/#breadcrumb","itemListElement":[{"@type":"ListItem","position":1,"name":"Anasayfa","item":"https:\/\/dtx.metu.edu.tr\/tr\/"},{"@type":"ListItem","position":2,"name":"About the Centre","item":"https:\/\/dtx.metu.edu.tr\/tr\/about-the-centre\/"},{"@type":"ListItem","position":3,"name":"Virtual and Augmented Reality Laboratory"}]},{"@type":"WebSite","@id":"https:\/\/dtx.metu.edu.tr\/tr\/#website","url":"https:\/\/dtx.metu.edu.tr\/tr\/","name":"METU DTX","description":"Digital Transformation and Innovation Center","publisher":{"@id":"https:\/\/dtx.metu.edu.tr\/tr\/#organization"},"potentialAction":[{"@type":"SearchAction","target":{"@type":"EntryPoint","urlTemplate":"https:\/\/dtx.metu.edu.tr\/tr\/?s={search_term_string}"},"query-input":{"@type":"PropertyValueSpecification","valueRequired":true,"valueName":"search_term_string"}}],"inLanguage":"tr"},{"@type":"Organization","@id":"https:\/\/dtx.metu.edu.tr\/tr\/#organization","name":"METU DTX","url":"https:\/\/dtx.metu.edu.tr\/tr\/","logo":{"@type":"ImageObject","inLanguage":"tr","@id":"https:\/\/dtx.metu.edu.tr\/tr\/#\/schema\/logo\/image\/","url":"https:\/\/dtx.metu.edu.tr\/wp-content\/uploads\/2024\/07\/Logo.png","contentUrl":"https:\/\/dtx.metu.edu.tr\/wp-content\/uploads\/2024\/07\/Logo.png","width":1041,"height":333,"caption":"METU DTX"},"image":{"@id":"https:\/\/dtx.metu.edu.tr\/tr\/#\/schema\/logo\/image\/"},"sameAs":["https:\/\/www.facebook.com\/dtx.metu","https:\/\/x.com\/metudtx","https:\/\/www.instagram.com\/metu.dtx\/","https:\/\/www.linkedin.com\/company\/metu-dtx\/"]}]}},"_links":{"self":[{"href":"https:\/\/dtx.metu.edu.tr\/tr\/wp-json\/wp\/v2\/pages\/288","targetHints":{"allow":["GET"]}}],"collection":[{"href":"https:\/\/dtx.metu.edu.tr\/tr\/wp-json\/wp\/v2\/pages"}],"about":[{"href":"https:\/\/dtx.metu.edu.tr\/tr\/wp-json\/wp\/v2\/types\/page"}],"author":[{"embeddable":true,"href":"https:\/\/dtx.metu.edu.tr\/tr\/wp-json\/wp\/v2\/users\/1"}],"replies":[{"embeddable":true,"href":"https:\/\/dtx.metu.edu.tr\/tr\/wp-json\/wp\/v2\/comments?post=288"}],"version-history":[{"count":26,"href":"https:\/\/dtx.metu.edu.tr\/tr\/wp-json\/wp\/v2\/pages\/288\/revisions"}],"predecessor-version":[{"id":1276,"href":"https:\/\/dtx.metu.edu.tr\/tr\/wp-json\/wp\/v2\/pages\/288\/revisions\/1276"}],"up":[{"embeddable":true,"href":"https:\/\/dtx.metu.edu.tr\/tr\/wp-json\/wp\/v2\/pages\/272"}],"wp:attachment":[{"href":"https:\/\/dtx.metu.edu.tr\/tr\/wp-json\/wp\/v2\/media?parent=288"}],"curies":[{"name":"wp","href":"https:\/\/api.w.org\/{rel}","templated":true}]}}